{"id":306,"date":"2014-09-17T16:49:19","date_gmt":"2014-09-17T19:49:19","guid":{"rendered":"https:\/\/jundiai.sp.gov.br\/financas\/?page_id=306"},"modified":"2014-09-30T09:28:36","modified_gmt":"2014-09-30T12:28:36","slug":"divisao-de-controle-e-acompanhamento-da-arrecadacao","status":"publish","type":"page","link":"https:\/\/jundiai.sp.gov.br\/financas\/departamento-de-administracao-financeira\/divisao-de-controle-e-acompanhamento-da-arrecadacao\/","title":{"rendered":"Divis\u00e3o de Controle e Acompanhamento da Arrecada\u00e7\u00e3o"},"content":{"rendered":"<ul>\n<li>Promover o controle da arrecada\u00e7\u00e3o das receitas municipais, compreendendo as de natureza tribut\u00e1ria e as n\u00e3o tribut\u00e1rias;<\/li>\n<li>Providenciar a cobran\u00e7a extrajudicial dos d\u00e9bitos inscritos e n\u00e3o inscritos em D\u00edvida Ativa;<\/li>\n<li>Providenciar os c\u00e1lculos para parcelamento da D\u00edvida Ativa nos casos de acordos autorizados conforme normas regulamentares;<\/li>\n<li>Manter o controle da receita arrecadada a t\u00edtulo de D\u00edvida Ativa;<\/li>\n<li>Comunicar \u00e0 Divis\u00e3o de D\u00edvida Ativa, para regular inscri\u00e7\u00e3o, os d\u00e9bitos n\u00e3o satisfeitos atrav\u00e9s de cobran\u00e7a amig\u00e1vel;<\/li>\n<li>Promover o parcelamento dos d\u00e9bitos de natureza tribut\u00e1ria e n\u00e3o tribut\u00e1ria, observando-se para tanto, a legisla\u00e7\u00e3o aplic\u00e1vel.<\/li>\n<\/ul>\n","protected":false},"excerpt":{"rendered":"<p>Promover o controle da arrecada\u00e7\u00e3o das receitas municipais, compreendendo as de natureza tribut\u00e1ria e as n\u00e3o tribut\u00e1rias; Providenciar a cobran\u00e7a extrajudicial dos d\u00e9bitos inscritos e n\u00e3o inscritos em D\u00edvida Ativa; Providenciar os c\u00e1lculos para parcelamento da D\u00edvida Ativa nos casos de acordos autorizados conforme normas regulamentares; Manter o controle da receita arrecadada a t\u00edtulo de [&hellip;]<\/p>\n","protected":false},"author":5,"featured_media":0,"parent":230,"menu_order":0,"comment_status":"closed","ping_status":"closed","template":"","meta":{"footnotes":""},"class_list":["post-306","page","type-page","status-publish","hentry"],"_links":{"self":[{"href":"https:\/\/jundiai.sp.gov.br\/financas\/wp-json\/wp\/v2\/pages\/306","targetHints":{"allow":["GET"]}}],"collection":[{"href":"https:\/\/jundiai.sp.gov.br\/financas\/wp-json\/wp\/v2\/pages"}],"about":[{"href":"https:\/\/jundiai.sp.gov.br\/financas\/wp-json\/wp\/v2\/types\/page"}],"author":[{"embeddable":true,"href":"https:\/\/jundiai.sp.gov.br\/financas\/wp-json\/wp\/v2\/users\/5"}],"replies":[{"embeddable":true,"href":"https:\/\/jundiai.sp.gov.br\/financas\/wp-json\/wp\/v2\/comments?post=306"}],"version-history":[{"count":4,"href":"https:\/\/jundiai.sp.gov.br\/financas\/wp-json\/wp\/v2\/pages\/306\/revisions"}],"predecessor-version":[{"id":1129,"href":"https:\/\/jundiai.sp.gov.br\/financas\/wp-json\/wp\/v2\/pages\/306\/revisions\/1129"}],"up":[{"embeddable":true,"href":"https:\/\/jundiai.sp.gov.br\/financas\/wp-json\/wp\/v2\/pages\/230"}],"wp:attachment":[{"href":"https:\/\/jundiai.sp.gov.br\/financas\/wp-json\/wp\/v2\/media?parent=306"}],"curies":[{"name":"wp","href":"https:\/\/api.w.org\/{rel}","templated":true}]}}