{"id":3089,"date":"2017-01-30T10:25:11","date_gmt":"2017-01-30T12:25:11","guid":{"rendered":"https:\/\/jundiai.sp.gov.br\/financas\/?page_id=3089"},"modified":"2024-05-02T10:29:07","modified_gmt":"2024-05-02T13:29:07","slug":"arrematacao-2","status":"publish","type":"page","link":"https:\/\/jundiai.sp.gov.br\/financas\/itbi\/documentos-necessarios\/arrematacao-2\/","title":{"rendered":"Arremata\u00e7\u00e3o"},"content":{"rendered":"\n<p><strong>DOCUMENTA\u00c7\u00c3O OBRIGAT\u00d3RIA<\/strong><\/p>\n\n\n\n<p><strong>Se pessoa f\u00edsica:<\/strong><br> \u2022 <span style=\"font-weight: 400;\"><a href=\"https:\/\/jundiai.sp.gov.br\/financas\/wp-content\/uploads\/sites\/12\/2017\/03\/Requerimento-ITBI-2017.pdf\">Requerimento de ITBI<\/a><\/span> preenchido e assinado;<br> \u2022 C\u00f3pia do documento de identidade (RG), Carteira Nacional de Habilita\u00e7\u00e3o (CNH) com foto ou carteira de \u00f3rg\u00e3o ou conselho de classe com foto;<br> \u2022 Comprovante de inscri\u00e7\u00e3o no cadastro de Pessoas F\u00edsicas (CPF);<br> \u2022 C\u00f3pia da Certid\u00e3o de Nascimento, casamento ou \u00f3bito, conforme o caso, dos interessados;<br> \u2022 C\u00f3pia do Comprovante de Resid\u00eancia com CEP (\u00e1gua, luz, g\u00e1s ou telefone) atualizado at\u00e9 3 meses;<br> \u2022 C\u00f3pia da Matr\u00edcula* do Registro de Im\u00f3veis atualizada at\u00e9 30 dias;<br> \u2022 N\u00famero de inscri\u00e7\u00e3o do im\u00f3vel no cadastro imobili\u00e1rio municipal IPTU, se im\u00f3vel urbano;<br> \u2022 C\u00f3pia do Certificado de Cadastro de Im\u00f3vel Rural (CCIR) e comprovante do ITR do exerc\u00edcio da solicita\u00e7\u00e3o do ITBI ou do \u00faltimo exerc\u00edcio, se im\u00f3vel rural;<br> \u2022 Procura\u00e7\u00e3o (via original) e c\u00f3pia do CPF\/RG do procurador, quando for o caso. A assinatura do outorgante deve conferir com a assinatura de qualquer documento oficial (RG, CNH com foto, passaporte, carteira de \u00f3rg\u00e3o ou do Conselho de Classe ou Carteira de Trabalho. (art. 3\u00ba inc. I LF 13.726\/2018). Caso a assinatura do outorgante n\u00e3o confira com o documento apresentado, a procura\u00e7\u00e3o deve ser com firma reconhecida;<br> \u2022 C\u00f3pia do Auto de Arremata\u00e7\u00e3o;<br> \u2022 C\u00f3pia do Edital do Leil\u00e3o;<br> \u2022 C\u00f3pia da Carta de Arremata\u00e7\u00e3o com seu inteiro teor, se j\u00e1 tiver sido emitida.<\/p>\n\n\n\n<p><strong>Se pessoa jur\u00eddica:<\/strong><br> \u2022 <span style=\"font-weight: 400;\"><a href=\"https:\/\/jundiai.sp.gov.br\/financas\/wp-content\/uploads\/sites\/12\/2017\/03\/Requerimento-ITBI-2017.pdf\">Requerimento de ITBI<\/a><\/span> preenchido e assinado;<br> \u2022 C\u00f3pia do Contrato Social e sua \u00faltima altera\u00e7\u00e3o;<br> \u2022 C\u00f3pia do Comprovante de Inscri\u00e7\u00e3o no (CNPJ) Cadastro Nacional de Pessoa Jur\u00eddica;<br> \u2022 C\u00f3pia da Matr\u00edcula* do Registro de Im\u00f3veis atualizada at\u00e9 30 dias;<br> \u2022 N\u00famero de inscri\u00e7\u00e3o do im\u00f3vel no cadastro imobili\u00e1rio municipal IPTU, se im\u00f3vel urbano;<br> \u2022 C\u00f3pia do Certificado de Cadastro de Im\u00f3vel Rural (CCIR) e comprovante do ITR do exerc\u00edcio da solicita\u00e7\u00e3o do ITBI ou do \u00faltimo exerc\u00edcio, se im\u00f3vel rural;<br> \u2022 Procura\u00e7\u00e3o (via original) e c\u00f3pia do CPF\/RG do procurador, quando for o caso. A assinatura do outorgante deve conferir com a assinatura de qualquer documento oficial (RG, CNH com foto, passaporte, carteira de \u00f3rg\u00e3o ou do Conselho de Classe ou Carteira de Trabalho. (art. 3\u00ba inc. I LF 13.726\/2018). Caso a assinatura do outorgante n\u00e3o confira com o documento apresentado, a procura\u00e7\u00e3o deve ser com firma reconhecida;<br> \u2022 C\u00f3pia do Auto de Arremata\u00e7\u00e3o;<br> \u2022 C\u00f3pia do Edital do Leil\u00e3o;<br> \u2022 C\u00f3pia da Carta de Arremata\u00e7\u00e3o com seu inteiro teor, se j\u00e1 tiver sido emitida.<\/p>\n\n\n\n<p><strong>Outros documentos poder\u00e3o ser solicitados para a an\u00e1lise do processo.<\/strong><\/p>\n\n\n\n<p>* A Matr\u00edcula pode ser obtida no cart\u00f3rio onde o im\u00f3vel est\u00e1 registrado ou no site: www.registradores.org.br<\/p>\n","protected":false},"excerpt":{"rendered":"<p>DOCUMENTA\u00c7\u00c3O OBRIGAT\u00d3RIA Se pessoa f\u00edsica: \u2022 Requerimento de ITBI preenchido e assinado; \u2022 C\u00f3pia do documento de identidade (RG), Carteira Nacional de Habilita\u00e7\u00e3o (CNH) com foto ou carteira de \u00f3rg\u00e3o ou conselho de classe com foto; \u2022 Comprovante de inscri\u00e7\u00e3o no cadastro de Pessoas F\u00edsicas (CPF); \u2022 C\u00f3pia da Certid\u00e3o de Nascimento, casamento ou \u00f3bito, [&hellip;]<\/p>\n","protected":false},"author":14,"featured_media":0,"parent":557,"menu_order":2,"comment_status":"closed","ping_status":"closed","template":"","meta":{"footnotes":""},"class_list":["post-3089","page","type-page","status-publish","hentry"],"_links":{"self":[{"href":"https:\/\/jundiai.sp.gov.br\/financas\/wp-json\/wp\/v2\/pages\/3089","targetHints":{"allow":["GET"]}}],"collection":[{"href":"https:\/\/jundiai.sp.gov.br\/financas\/wp-json\/wp\/v2\/pages"}],"about":[{"href":"https:\/\/jundiai.sp.gov.br\/financas\/wp-json\/wp\/v2\/types\/page"}],"author":[{"embeddable":true,"href":"https:\/\/jundiai.sp.gov.br\/financas\/wp-json\/wp\/v2\/users\/14"}],"replies":[{"embeddable":true,"href":"https:\/\/jundiai.sp.gov.br\/financas\/wp-json\/wp\/v2\/comments?post=3089"}],"version-history":[{"count":6,"href":"https:\/\/jundiai.sp.gov.br\/financas\/wp-json\/wp\/v2\/pages\/3089\/revisions"}],"predecessor-version":[{"id":6625,"href":"https:\/\/jundiai.sp.gov.br\/financas\/wp-json\/wp\/v2\/pages\/3089\/revisions\/6625"}],"up":[{"embeddable":true,"href":"https:\/\/jundiai.sp.gov.br\/financas\/wp-json\/wp\/v2\/pages\/557"}],"wp:attachment":[{"href":"https:\/\/jundiai.sp.gov.br\/financas\/wp-json\/wp\/v2\/media?parent=3089"}],"curies":[{"name":"wp","href":"https:\/\/api.w.org\/{rel}","templated":true}]}}