{"id":3094,"date":"2017-01-30T10:28:57","date_gmt":"2017-01-30T12:28:57","guid":{"rendered":"https:\/\/jundiai.sp.gov.br\/financas\/?page_id=3094"},"modified":"2025-01-17T16:55:25","modified_gmt":"2025-01-17T19:55:25","slug":"certidao-de-quitacao-2","status":"publish","type":"page","link":"https:\/\/jundiai.sp.gov.br\/financas\/itbi\/documentos-necessarios\/certidao-de-quitacao-2\/","title":{"rendered":"Certid\u00e3o de Quita\u00e7\u00e3o"},"content":{"rendered":"\n<p><strong>DOCUMENTA\u00c7\u00c3O OBRIGAT\u00d3RIA<\/strong><\/p>\n\n\n\n<p><strong>&nbsp;<\/strong><strong><u>Se pessoa f\u00edsica:<\/u><\/strong><\/p>\n\n\n\n<ul class=\"wp-block-list\">\n<li><a href=\"https:\/\/jundiai.sp.gov.br\/financas\/wp-content\/uploads\/sites\/12\/2025\/01\/requerimento_certidao_quitacao-itbi-2.pdf\">Requerimento de Certid\u00e3o de Quita\u00e7\u00e3o de ITBI<\/a>\u00a0 preenchido e assinado;<\/li>\n<\/ul>\n\n\n\n<ul class=\"wp-block-list\">\n<li>C\u00f3pia do documento de identidade (RG), Carteira Nacional de Habilita\u00e7\u00e3o (CNH) com foto ou carteira de \u00f3rg\u00e3o ou conselho de classe com foto;<\/li>\n\n\n\n<li>Comprovante de inscri\u00e7\u00e3o no cadastro de Pessoas F\u00edsicas (CPF);<\/li>\n\n\n\n<li>C\u00f3pia da Certid\u00e3o de Nascimento, casamento ou \u00f3bito, conforme o caso, dos interessados;<\/li>\n\n\n\n<li>C\u00f3pia do Comprovante de Resid\u00eancia com CEP (\u00e1gua, luz, g\u00e1s ou telefone) atualizado at\u00e9 3 meses;<\/li>\n\n\n\n<li>C\u00f3pia da Matr\u00edcula* do Registro de Im\u00f3veis atualizada at\u00e9 30 dias;<\/li>\n\n\n\n<li>N\u00famero de inscri\u00e7\u00e3o do im\u00f3vel no cadastro imobili\u00e1rio municipal IPTU, se im\u00f3vel urbano;<\/li>\n\n\n\n<li>C\u00f3pia do Certificado de Cadastro de Im\u00f3vel Rural (CCIR) e comprovante do ITR do exerc\u00edcio da solicita\u00e7\u00e3o do ITBI ou do \u00faltimo exerc\u00edcio, se im\u00f3vel rural;<\/li>\n\n\n\n<li>Procura\u00e7\u00e3o <strong>(via original)<\/strong>e c\u00f3pia do CPF\/RG do procurador, quando for o caso.&nbsp; A assinatura do outorgante deve conferir com a assinatura de qualquer documento oficial (RG, CNH com foto, passaporte, carteira de \u00f3rg\u00e3o ou do Conselho de Classe ou Carteira de Trabalho. (art. 3\u00ba inc. I LF 13.726\/2018). Caso a assinatura do outorgante n\u00e3o confira com o documento apresentado, a procura\u00e7\u00e3o deve ser com firma reconhecida;<\/li>\n<\/ul>\n\n\n\n<ul class=\"wp-block-list\">\n<li>C\u00f3pia do Instrumento de Transmiss\u00e3o do Im\u00f3vel;<\/li>\n\n\n\n<li>C\u00f3pia da Guia de ITBI paga, caso tenha.<\/li>\n<\/ul>\n\n\n\n<p><strong>&nbsp;<\/strong><strong><u>Se pessoa jur\u00eddica:<\/u><\/strong><\/p>\n\n\n\n<ul class=\"wp-block-list\">\n<li><a href=\"https:\/\/jundiai.sp.gov.br\/financas\/wp-content\/uploads\/sites\/12\/2025\/01\/requerimento_certidao_quitacao-itbi-2.pdf\">Requerimento de Certid\u00e3o de Quita\u00e7\u00e3o de ITBI\u00a0<\/a> preenchido e assinado;<\/li>\n\n\n\n<li>C\u00f3pia do Contrato Social e sua \u00faltima altera\u00e7\u00e3o;<\/li>\n\n\n\n<li>C\u00f3pia do Comprovante de Inscri\u00e7\u00e3o no (CNPJ) Cadastro Nacional de Pessoa Jur\u00eddica;<\/li>\n\n\n\n<li>C\u00f3pia da Matr\u00edcula* do Registro de Im\u00f3veis atualizada at\u00e9 30 dias;<\/li>\n\n\n\n<li>N\u00famero de inscri\u00e7\u00e3o do im\u00f3vel no cadastro imobili\u00e1rio municipal IPTU, se im\u00f3vel urbano ou;<\/li>\n\n\n\n<li>C\u00f3pia do Certificado de Cadastro de Im\u00f3vel Rural (CCIR) e comprovante do ITR do exerc\u00edcio da solicita\u00e7\u00e3o do ITBI ou do \u00faltimo exerc\u00edcio, se im\u00f3vel rural;<\/li>\n\n\n\n<li>Procura\u00e7\u00e3o <strong>(via original)<\/strong>e c\u00f3pia do CPF\/RG do procurador, quando for o caso.&nbsp; A assinatura do outorgante deve conferir com a assinatura de qualquer documento oficial (RG, CNH com foto, passaporte, carteira de \u00f3rg\u00e3o ou do Conselho de Classe ou Carteira de Trabalho. (art. 3\u00ba inc. I LF 13.726\/2018). Caso a assinatura do outorgante n\u00e3o confira com o documento apresentado, a procura\u00e7\u00e3o deve ser com firma reconhecida;<\/li>\n<\/ul>\n\n\n\n<ul class=\"wp-block-list\">\n<li>C\u00f3pia do Instrumento de Transmiss\u00e3o do Im\u00f3vel;<\/li>\n\n\n\n<li>C\u00f3pia da Guia de ITBI paga, caso tenha.<\/li>\n<\/ul>\n\n\n\n<p><strong>Outros documentos poder\u00e3o ser solicitados para a an\u00e1lise do processo.<\/strong><\/p>\n\n\n\n<p><strong>*<\/strong> A Matr\u00edcula pode ser obtida no cart\u00f3rio onde o im\u00f3vel est\u00e1 registrado ou no site: <a href=\"http:\/\/www.registradores.org.br\">www.registradores.org.br<\/a><\/p>\n\n\n\n<div style=\"height:27px\" aria-hidden=\"true\" class=\"wp-block-spacer\"><\/div>\n\n\n\n<figure class=\"wp-block-table\"><table class=\"has-background\" style=\"background-color:#f4f4f4\"><tbody><tr><td><strong>AVISO:<\/strong><strong><br>Forma de envio da documenta\u00e7\u00e3o<\/strong><br>A documenta\u00e7\u00e3o deve ser enviada obrigatoriamente para o e-mail <a href=\"mailto:itbi@jundiai.sp.gov.br\">itbi@jundiai.sp.gov.br<\/a>, da<br>seguinte forma:<br>1. Cada documento deve ser apresentado em um \u00fanico arquivo PDF, contendo p\u00e1ginas<br>leg\u00edveis e ordenadas numericamente.<br>2. Os arquivos devem ser nomeados conforme o documento correspondente.<br>3. Todos os documentos devem ser enviados em um \u00fanico e-mail.<br>4. O tamanho total do e-mail, incluindo o texto do e-mail, n\u00e3o deve exceder 25 MB, pois o<br>servidor de e-mail rejeitar\u00e1 o envio.<br>5. Se necess\u00e1rio, dividir arquivos grandes em partes, indicando claramente no t\u00edtulo do e-mail<br>a sequ\u00eancia (por exemplo, Parte 1, Parte 2, etc., at\u00e9 a \u00faltima parte).<br><br><strong>Observa\u00e7\u00e3o<\/strong>:<br>Cada solicita\u00e7\u00e3o \u00e9 \u00fanica e pode exigir documentos espec\u00edficos. Ap\u00f3s uma an\u00e1lise t\u00e9cnica<br>detalhada, informaremos ao solicitante se s\u00e3o necess\u00e1rios mais documentos para concluir a<br>an\u00e1lise ou se as guias podem ser emitidas.<br>As solicita\u00e7\u00f5es ser\u00e3o tratadas por ordem de recebimento do \u00faltimo e-mail enviado, desde que<br>toda a documenta\u00e7\u00e3o esteja correta. Aguarde o retorno da Divis\u00e3o de ITBI para que o e-mail<br>n\u00e3o saia da ordem da fila de entrada de e-mails.<\/td><\/tr><\/tbody><\/table><\/figure>\n\n\n\n<div style=\"height:27px\" aria-hidden=\"true\" class=\"wp-block-spacer\"><\/div>\n","protected":false},"excerpt":{"rendered":"<p>DOCUMENTA\u00c7\u00c3O OBRIGAT\u00d3RIA &nbsp;Se pessoa f\u00edsica: &nbsp;Se pessoa jur\u00eddica: Outros documentos poder\u00e3o ser solicitados para a an\u00e1lise do processo. * A Matr\u00edcula pode ser obtida no cart\u00f3rio onde o im\u00f3vel est\u00e1 registrado ou no site: www.registradores.org.br AVISO:Forma de envio da documenta\u00e7\u00e3oA documenta\u00e7\u00e3o deve ser enviada obrigatoriamente para o e-mail itbi@jundiai.sp.gov.br, daseguinte forma:1. Cada documento deve ser [&hellip;]<\/p>\n","protected":false},"author":14,"featured_media":0,"parent":557,"menu_order":4,"comment_status":"closed","ping_status":"closed","template":"","meta":{"footnotes":""},"class_list":["post-3094","page","type-page","status-publish","hentry"],"_links":{"self":[{"href":"https:\/\/jundiai.sp.gov.br\/financas\/wp-json\/wp\/v2\/pages\/3094","targetHints":{"allow":["GET"]}}],"collection":[{"href":"https:\/\/jundiai.sp.gov.br\/financas\/wp-json\/wp\/v2\/pages"}],"about":[{"href":"https:\/\/jundiai.sp.gov.br\/financas\/wp-json\/wp\/v2\/types\/page"}],"author":[{"embeddable":true,"href":"https:\/\/jundiai.sp.gov.br\/financas\/wp-json\/wp\/v2\/users\/14"}],"replies":[{"embeddable":true,"href":"https:\/\/jundiai.sp.gov.br\/financas\/wp-json\/wp\/v2\/comments?post=3094"}],"version-history":[{"count":10,"href":"https:\/\/jundiai.sp.gov.br\/financas\/wp-json\/wp\/v2\/pages\/3094\/revisions"}],"predecessor-version":[{"id":7135,"href":"https:\/\/jundiai.sp.gov.br\/financas\/wp-json\/wp\/v2\/pages\/3094\/revisions\/7135"}],"up":[{"embeddable":true,"href":"https:\/\/jundiai.sp.gov.br\/financas\/wp-json\/wp\/v2\/pages\/557"}],"wp:attachment":[{"href":"https:\/\/jundiai.sp.gov.br\/financas\/wp-json\/wp\/v2\/media?parent=3094"}],"curies":[{"name":"wp","href":"https:\/\/api.w.org\/{rel}","templated":true}]}}