{"id":3101,"date":"2017-01-30T10:32:49","date_gmt":"2017-01-30T12:32:49","guid":{"rendered":"https:\/\/jundiai.sp.gov.br\/financas\/?page_id=3101"},"modified":"2024-08-30T11:11:24","modified_gmt":"2024-08-30T14:11:24","slug":"consolidacao-da-propriedade-fiduciaria","status":"publish","type":"page","link":"https:\/\/jundiai.sp.gov.br\/financas\/itbi\/documentos-necessarios\/consolidacao-da-propriedade-fiduciaria\/","title":{"rendered":"Consolida\u00e7\u00e3o da Propriedade Fiduci\u00e1ria"},"content":{"rendered":"\n<p><b>RELA\u00c7\u00c3O DE DOCUMENTOS PARA EMISS\u00c3O DA GUIA DE ITBI<\/b><\/p>\n\n\n\n<p><b>CONSOLIDA\u00c7\u00c3O DE PROPRIEDADE FIDUCI\u00c1RIA<\/b><\/p>\n\n\n\n<p><b>DOCUMENTA\u00c7\u00c3O OBRIGAT\u00d3RIA<\/b><\/p>\n\n\n\n<ul class=\"wp-block-list\">\n<li><span style=\"font-weight: 400;\"><a href=\"https:\/\/jundiai.sp.gov.br\/financas\/itbi\/formularios-de-itbi\/\">Requerimento de ITBI<\/a> preenchido e assinado;<\/span><\/li>\n\n\n\n<li><span style=\"font-weight: 400;\">C\u00f3pia do Contrato Social e sua \u00faltima altera\u00e7\u00e3o;<\/span><\/li>\n\n\n\n<li><span style=\"font-weight: 400;\">C\u00f3pia do Comprovante de Inscri\u00e7\u00e3o no (CNPJ) Cadastro Nacional de Pessoa Jur\u00eddica;<\/span><\/li>\n\n\n\n<li><span style=\"font-weight: 400;\">C\u00f3pia da Matr\u00edcula* do Registro de Im\u00f3veis atualizada at\u00e9 30 dias;<\/span><\/li>\n\n\n\n<li><span style=\"font-weight: 400;\">N\u00famero de inscri\u00e7\u00e3o do im\u00f3vel no cadastro imobili\u00e1rio municipal IPTU, se im\u00f3vel urbano ou;<\/span><\/li>\n\n\n\n<li><span style=\"font-weight: 400;\">C\u00f3pia do Certificado de Cadastro de Im\u00f3vel Rural (CCIR) e comprovante do ITR do exerc\u00edcio da solicita\u00e7\u00e3o do ITBI ou do \u00faltimo exerc\u00edcio, se im\u00f3vel rural;<\/span><\/li>\n\n\n\n<li><span style=\"font-weight: 400;\">Procura\u00e7\u00e3o <\/span><b>(via original)<\/b><span style=\"font-weight: 400;\">&nbsp;e c\u00f3pia do CPF\/RG do procurador, quando for o caso. &nbsp;A assinatura do outorgante deve conferir com a assinatura de qualquer documento oficial (RG, CNH com foto, passaporte, carteira de \u00f3rg\u00e3o ou do Conselho de Classe ou Carteira de Trabalho. (art. 3\u00ba inc. I LF 13.726\/2018). Caso a assinatura do outorgante n\u00e3o confira com o documento apresentado, a procura\u00e7\u00e3o deve ser com firma reconhecida;<\/span><\/li>\n\n\n\n<li><span style=\"font-weight: 400;\">C\u00f3pia do instrumento de constitui\u00e7\u00e3o da aliena\u00e7\u00e3o fiduci\u00e1ria; <\/span><\/li>\n\n\n\n<li><span style=\"font-weight: 400;\">C\u00f3pia da certid\u00e3o de constitui\u00e7\u00e3o em mora emitida pelo cart\u00f3rio de registro de im\u00f3veis.<\/span><\/li>\n<\/ul>\n\n\n\n<p><b>Outros documentos poder\u00e3o ser solicitados para a an\u00e1lise do processo.<\/b><\/p>\n\n\n\n<p><span style=\"font-weight: 400;\">A Matr\u00edcula pode ser obtida no cart\u00f3rio onde o im\u00f3vel est\u00e1 registrado ou no site: <\/span><a href=\"http:\/\/www.registradores.org.br\"><span style=\"font-weight: 400;\">www.registradores.org.br<\/span><\/a><\/p>\n","protected":false},"excerpt":{"rendered":"<p>RELA\u00c7\u00c3O DE DOCUMENTOS PARA EMISS\u00c3O DA GUIA DE ITBI CONSOLIDA\u00c7\u00c3O DE PROPRIEDADE FIDUCI\u00c1RIA DOCUMENTA\u00c7\u00c3O OBRIGAT\u00d3RIA Outros documentos poder\u00e3o ser solicitados para a an\u00e1lise do processo. A Matr\u00edcula pode ser obtida no cart\u00f3rio onde o im\u00f3vel est\u00e1 registrado ou no site: www.registradores.org.br<\/p>\n","protected":false},"author":14,"featured_media":0,"parent":557,"menu_order":7,"comment_status":"closed","ping_status":"closed","template":"","meta":{"footnotes":""},"class_list":["post-3101","page","type-page","status-publish","hentry"],"_links":{"self":[{"href":"https:\/\/jundiai.sp.gov.br\/financas\/wp-json\/wp\/v2\/pages\/3101","targetHints":{"allow":["GET"]}}],"collection":[{"href":"https:\/\/jundiai.sp.gov.br\/financas\/wp-json\/wp\/v2\/pages"}],"about":[{"href":"https:\/\/jundiai.sp.gov.br\/financas\/wp-json\/wp\/v2\/types\/page"}],"author":[{"embeddable":true,"href":"https:\/\/jundiai.sp.gov.br\/financas\/wp-json\/wp\/v2\/users\/14"}],"replies":[{"embeddable":true,"href":"https:\/\/jundiai.sp.gov.br\/financas\/wp-json\/wp\/v2\/comments?post=3101"}],"version-history":[{"count":5,"href":"https:\/\/jundiai.sp.gov.br\/financas\/wp-json\/wp\/v2\/pages\/3101\/revisions"}],"predecessor-version":[{"id":7043,"href":"https:\/\/jundiai.sp.gov.br\/financas\/wp-json\/wp\/v2\/pages\/3101\/revisions\/7043"}],"up":[{"embeddable":true,"href":"https:\/\/jundiai.sp.gov.br\/financas\/wp-json\/wp\/v2\/pages\/557"}],"wp:attachment":[{"href":"https:\/\/jundiai.sp.gov.br\/financas\/wp-json\/wp\/v2\/media?parent=3101"}],"curies":[{"name":"wp","href":"https:\/\/api.w.org\/{rel}","templated":true}]}}