{"id":3103,"date":"2017-01-30T10:40:48","date_gmt":"2017-01-30T12:40:48","guid":{"rendered":"https:\/\/jundiai.sp.gov.br\/financas\/?page_id=3103"},"modified":"2020-03-30T16:15:10","modified_gmt":"2020-03-30T19:15:10","slug":"contrato-de-financiamento-2","status":"publish","type":"page","link":"https:\/\/jundiai.sp.gov.br\/financas\/itbi\/documentos-necessarios\/contrato-de-financiamento-2\/","title":{"rendered":"Contrato de Financiamento"},"content":{"rendered":"<p><strong>I &#8211; Para a emiss\u00e3o da guia de ITBI, quando N\u00c3O houver Cess\u00e3o de Direitos:<\/strong><\/p>\n<p>Enviar por <strong><em>e-mail<\/em><\/strong> a documenta\u00e7\u00e3o* abaixo para <a href=\"about:blank\">itbi@jundiai.sp.gov.br<\/a>:<br \/>\na) Contrato de Financiamento, datado e assinado por todas as partes;<br \/>\nb) Instrumento de Promessa de Venda e Compra firmado com a incorporadora, loteadora ou construtora, quando o im\u00f3vel for novo, datado e assinado por todas as partes;<br \/>\nc) Outros documentos poder\u00e3o ser solicitados para a an\u00e1lise fiscal<strong>**<\/strong>.<\/p>\n<p><strong>II \u2013 Quando HOUVER Cess\u00e3o de Direitos, a documenta\u00e7\u00e3o deve ser protocolada. <a href=\"https:\/\/jundiai.sp.gov.br\/financas\/itbi\/documentos-necessarios\/cessao-de-direitos-2\/\" target=\"_blank\" rel=\"noopener noreferrer\" data-saferedirecturl=\"https:\/\/www.google.com\/url?q=https:\/\/jundiai.sp.gov.br\/financas\/itbi\/documentos-necessarios\/cessao-de-direitos-2\/&amp;source=gmail&amp;ust=1585681485073000&amp;usg=AFQjCNGsxcJ8L50KKtYvg1rFVDXkbEvxoQ\">Clique aqui<\/a>\u00a0para ver os documentos necess\u00e1rios.<\/strong><\/p>\n<p>*\u00a0ATEN\u00c7\u00c3O:<\/p>\n<p>No caso do item I:<\/p>\n<p>a) para 1 (um) contrato de financiamento, somente ser\u00e1 emitida a guia de ITBI e enviada por e-mail quando for encaminhada toda a documenta\u00e7\u00e3o constante do item I em um \u00fanico e-mail, devendo cada documento estar digitalizado de forma n\u00edtida e leg\u00edvel, em formato PDF, com todas as p\u00e1ginas em um \u00fanico arquivo, em ordem de numera\u00e7\u00e3o de p\u00e1ginas crescente, com resolu\u00e7\u00e3o baixa ou normal, n\u00e3o devendo o tamanho total do e-mail ultrapassar 24 mb (acima desse tamanho o servidor do e-mail n\u00e3o recebe);<\/p>\n<p>b) para a emiss\u00e3o de 2 (dois) ou mais contratos de financiamento, toda a documenta\u00e7\u00e3o mencionada no item I dever\u00e1 ser apresentada na Divis\u00e3o de ITBI, juntamente com uma listagem em 2 vias, com o nome de todos os adquirentes e respectiva unidade imobili\u00e1ria, nome da empresa intermediadora, nomes dos contatos, telefones e e-mails, podendo toda a documenta\u00e7\u00e3o ser entregue em uma \u00fanica m\u00eddia.<\/p>\n<p>**\u00a0<em>A matr\u00edcula pode ser obtida no cart\u00f3rio onde o im\u00f3vel est\u00e1 registrado ou no site:\u00a0<\/em><a href=\"https:\/\/www.registradores.org.br\/\" target=\"_blank\" rel=\"noopener noreferrer\" data-saferedirecturl=\"https:\/\/www.google.com\/url?q=https:\/\/www.registradores.org.br\/&amp;source=gmail&amp;ust=1585681485073000&amp;usg=AFQjCNHU1D4vsxMDouvX6Ky6z5PeOki1Kw\"><em>www.registradores.org.br<\/em><\/a><wbr \/>.<\/p>\n<p>&nbsp;<\/p>\n","protected":false},"excerpt":{"rendered":"<p>I &#8211; Para a emiss\u00e3o da guia de ITBI, quando N\u00c3O houver Cess\u00e3o de Direitos: Enviar por e-mail a documenta\u00e7\u00e3o* abaixo para itbi@jundiai.sp.gov.br: a) Contrato de Financiamento, datado e assinado por todas as partes; b) Instrumento de Promessa de Venda e Compra firmado com a incorporadora, loteadora ou construtora, quando o im\u00f3vel for novo, datado [&hellip;]<\/p>\n","protected":false},"author":14,"featured_media":0,"parent":557,"menu_order":8,"comment_status":"closed","ping_status":"closed","template":"","meta":{"footnotes":""},"class_list":["post-3103","page","type-page","status-publish","hentry"],"_links":{"self":[{"href":"https:\/\/jundiai.sp.gov.br\/financas\/wp-json\/wp\/v2\/pages\/3103","targetHints":{"allow":["GET"]}}],"collection":[{"href":"https:\/\/jundiai.sp.gov.br\/financas\/wp-json\/wp\/v2\/pages"}],"about":[{"href":"https:\/\/jundiai.sp.gov.br\/financas\/wp-json\/wp\/v2\/types\/page"}],"author":[{"embeddable":true,"href":"https:\/\/jundiai.sp.gov.br\/financas\/wp-json\/wp\/v2\/users\/14"}],"replies":[{"embeddable":true,"href":"https:\/\/jundiai.sp.gov.br\/financas\/wp-json\/wp\/v2\/comments?post=3103"}],"version-history":[{"count":9,"href":"https:\/\/jundiai.sp.gov.br\/financas\/wp-json\/wp\/v2\/pages\/3103\/revisions"}],"predecessor-version":[{"id":4413,"href":"https:\/\/jundiai.sp.gov.br\/financas\/wp-json\/wp\/v2\/pages\/3103\/revisions\/4413"}],"up":[{"embeddable":true,"href":"https:\/\/jundiai.sp.gov.br\/financas\/wp-json\/wp\/v2\/pages\/557"}],"wp:attachment":[{"href":"https:\/\/jundiai.sp.gov.br\/financas\/wp-json\/wp\/v2\/media?parent=3103"}],"curies":[{"name":"wp","href":"https:\/\/api.w.org\/{rel}","templated":true}]}}