{"id":3107,"date":"2017-01-30T10:42:56","date_gmt":"2017-01-30T12:42:56","guid":{"rendered":"https:\/\/jundiai.sp.gov.br\/financas\/?page_id=3107"},"modified":"2025-02-07T11:30:16","modified_gmt":"2025-02-07T14:30:16","slug":"incorporacao-fusao-cisao-extincao-ou-desincorporacao","status":"publish","type":"page","link":"https:\/\/jundiai.sp.gov.br\/financas\/itbi\/documentos-necessarios\/incorporacao-fusao-cisao-extincao-ou-desincorporacao\/","title":{"rendered":"Incorpora\u00e7\u00e3o, Fus\u00e3o, Cis\u00e3o, Extin\u00e7\u00e3o ou Desincorpora\u00e7\u00e3o"},"content":{"rendered":"\n<p><strong>RELA\u00c7\u00c3O DE DOCUMENTOS PARA EMISS\u00c3O DA GUIA DE ITBI<\/strong><\/p>\n\n\n\n<p><strong>&nbsp;<\/strong><strong><u>incorpora\u00e7\u00e3o, fus\u00e3o, cis\u00e3o, extin\u00e7\u00e3o, desincorpora\u00e7\u00e3o<\/u><\/strong><\/p>\n\n\n\n<p><strong>DOCUMENTA\u00c7\u00c3O OBRIGAT\u00d3RIA<\/strong><\/p>\n\n\n\n<ul class=\"wp-block-list\">\n<li><span style=\"font-weight: 400;\"><a href=\"https:\/\/jundiai.sp.gov.br\/financas\/wp-content\/uploads\/sites\/12\/2017\/03\/Requerimento-ITBI-2017.pdf\">Requerimento de ITBI<\/a><\/span> preenchido e assinado;<\/li>\n\n\n\n<li>C\u00f3pia do Comprovante de Inscri\u00e7\u00e3o no (CNPJ) Cadastro Nacional de Pessoa Jur\u00eddica;<\/li>\n\n\n\n<li>C\u00f3pia da Matr\u00edcula* do Registro de Im\u00f3veis atualizada at\u00e9 30 dias;<\/li>\n\n\n\n<li>N\u00famero de inscri\u00e7\u00e3o do im\u00f3vel no cadastro imobili\u00e1rio municipal IPTU, se im\u00f3vel urbano;<\/li>\n\n\n\n<li>C\u00f3pia do Certificado de Cadastro de Im\u00f3vel Rural (CCIR) e comprovante do ITR do exerc\u00edcio da solicita\u00e7\u00e3o do ITBI ou do \u00faltimo exerc\u00edcio, se im\u00f3vel rural;<\/li>\n\n\n\n<li>Procura\u00e7\u00e3o <strong>(via original)<\/strong>e c\u00f3pia do CPF\/RG do procurador, quando for o caso.&nbsp; A assinatura do outorgante deve conferir com a assinatura de qualquer documento oficial (RG, CNH com foto, passaporte, carteira de \u00f3rg\u00e3o ou do Conselho de Classe ou Carteira de Trabalho. (art. 3\u00ba inc. I LF 13.726\/2018). Caso a assinatura do outorgante n\u00e3o confira com o documento apresentado, a procura\u00e7\u00e3o deve ser com firma reconhecida;<\/li>\n\n\n\n<li>C\u00f3pia do Contrato Social ou Estatuto Social e altera\u00e7\u00f5es bem como atas de assembleia, com data de arquivamento na Junta Comercial ou registro no Cart\u00f3rio de Registro Civil de Pessoas Jur\u00eddicas dos \u00faltimos 5 (cinco) anos;<\/li>\n\n\n\n<li>C\u00f3pia do Laudo de Avalia\u00e7\u00e3o dos im\u00f3veis com os valores individualizados por matr\u00edcula e\/ou contribuinte no caso de sociedade an\u00f4nima; nos outros casos deve constar no contrato o valor individualizado de cada Im\u00f3vel;<\/li>\n\n\n\n<li><strong>No caso de Extin\u00e7\u00e3o e Desincorpora\u00e7\u00e3o, se o im\u00f3vel for adquirido por pessoa f\u00edsica, c\u00f3pia do CPF e RG, certid\u00e3o de nascimento ou casamento e comprovante de endere\u00e7o de todos os adquirentes.<\/strong><\/li>\n<\/ul>\n\n\n\n<p><strong>Outros documentos poder\u00e3o ser solicitados para a an\u00e1lise do processo.<\/strong><strong>&nbsp;<\/strong><\/p>\n\n\n\n<p><strong>*<\/strong> A Matr\u00edcula pode ser obtida no cart\u00f3rio onde o im\u00f3vel est\u00e1 registrado ou no site: <a href=\"http:\/\/www.registradores.org.br\">www.registradores.org.br<\/a><\/p>\n","protected":false},"excerpt":{"rendered":"<p>RELA\u00c7\u00c3O DE DOCUMENTOS PARA EMISS\u00c3O DA GUIA DE ITBI &nbsp;incorpora\u00e7\u00e3o, fus\u00e3o, cis\u00e3o, extin\u00e7\u00e3o, desincorpora\u00e7\u00e3o DOCUMENTA\u00c7\u00c3O OBRIGAT\u00d3RIA Outros documentos poder\u00e3o ser solicitados para a an\u00e1lise do processo.&nbsp; * A Matr\u00edcula pode ser obtida no cart\u00f3rio onde o im\u00f3vel est\u00e1 registrado ou no site: www.registradores.org.br<\/p>\n","protected":false},"author":14,"featured_media":0,"parent":557,"menu_order":9,"comment_status":"closed","ping_status":"closed","template":"","meta":{"footnotes":""},"class_list":["post-3107","page","type-page","status-publish","hentry"],"_links":{"self":[{"href":"https:\/\/jundiai.sp.gov.br\/financas\/wp-json\/wp\/v2\/pages\/3107","targetHints":{"allow":["GET"]}}],"collection":[{"href":"https:\/\/jundiai.sp.gov.br\/financas\/wp-json\/wp\/v2\/pages"}],"about":[{"href":"https:\/\/jundiai.sp.gov.br\/financas\/wp-json\/wp\/v2\/types\/page"}],"author":[{"embeddable":true,"href":"https:\/\/jundiai.sp.gov.br\/financas\/wp-json\/wp\/v2\/users\/14"}],"replies":[{"embeddable":true,"href":"https:\/\/jundiai.sp.gov.br\/financas\/wp-json\/wp\/v2\/comments?post=3107"}],"version-history":[{"count":9,"href":"https:\/\/jundiai.sp.gov.br\/financas\/wp-json\/wp\/v2\/pages\/3107\/revisions"}],"predecessor-version":[{"id":7145,"href":"https:\/\/jundiai.sp.gov.br\/financas\/wp-json\/wp\/v2\/pages\/3107\/revisions\/7145"}],"up":[{"embeddable":true,"href":"https:\/\/jundiai.sp.gov.br\/financas\/wp-json\/wp\/v2\/pages\/557"}],"wp:attachment":[{"href":"https:\/\/jundiai.sp.gov.br\/financas\/wp-json\/wp\/v2\/media?parent=3107"}],"curies":[{"name":"wp","href":"https:\/\/api.w.org\/{rel}","templated":true}]}}