{"id":316,"date":"2014-09-17T17:03:59","date_gmt":"2014-09-17T20:03:59","guid":{"rendered":"https:\/\/jundiai.sp.gov.br\/financas\/?page_id=316"},"modified":"2014-09-30T09:30:10","modified_gmt":"2014-09-30T12:30:10","slug":"divisao-de-controle-e-execucao-orcamentaria","status":"publish","type":"page","link":"https:\/\/jundiai.sp.gov.br\/financas\/departamento-de-plano-e-execucao-orcamentaria\/divisao-de-controle-e-execucao-orcamentaria\/","title":{"rendered":"Divis\u00e3o de Controle e Execu\u00e7\u00e3o Or\u00e7ament\u00e1ria"},"content":{"rendered":"<ul>\n<li>Proceder a an\u00e1lise pr\u00e9via das solicita\u00e7\u00f5es de despesa e posterior empenho, em conformidade com a legisla\u00e7\u00e3o e as normas t\u00e9cnicas aplic\u00e1veis;<\/li>\n<li>Controlar a execu\u00e7\u00e3o do or\u00e7amento de conformidade com os limites de utiliza\u00e7\u00e3o estabelecidos;<\/li>\n<li>Efetuar relat\u00f3rios de acompanhamento or\u00e7ament\u00e1rio;<\/li>\n<li>Prestar atendimento aos \u00f3rg\u00e3os municipais quanto \u00e0 execu\u00e7\u00e3o de seus respectivos or\u00e7amentos;<\/li>\n<li>Efetuar demonstrativos exigidos pela legisla\u00e7\u00e3o constitucional e infraconstitucional;<\/li>\n<li>Executar outras atribui\u00e7\u00f5es afins.<\/li>\n<\/ul>\n","protected":false},"excerpt":{"rendered":"<p>Proceder a an\u00e1lise pr\u00e9via das solicita\u00e7\u00f5es de despesa e posterior empenho, em conformidade com a legisla\u00e7\u00e3o e as normas t\u00e9cnicas aplic\u00e1veis; Controlar a execu\u00e7\u00e3o do or\u00e7amento de conformidade com os limites de utiliza\u00e7\u00e3o estabelecidos; Efetuar relat\u00f3rios de acompanhamento or\u00e7ament\u00e1rio; Prestar atendimento aos \u00f3rg\u00e3os municipais quanto \u00e0 execu\u00e7\u00e3o de seus respectivos or\u00e7amentos; Efetuar demonstrativos exigidos pela [&hellip;]<\/p>\n","protected":false},"author":5,"featured_media":0,"parent":232,"menu_order":0,"comment_status":"closed","ping_status":"closed","template":"","meta":{"footnotes":""},"class_list":["post-316","page","type-page","status-publish","hentry"],"_links":{"self":[{"href":"https:\/\/jundiai.sp.gov.br\/financas\/wp-json\/wp\/v2\/pages\/316","targetHints":{"allow":["GET"]}}],"collection":[{"href":"https:\/\/jundiai.sp.gov.br\/financas\/wp-json\/wp\/v2\/pages"}],"about":[{"href":"https:\/\/jundiai.sp.gov.br\/financas\/wp-json\/wp\/v2\/types\/page"}],"author":[{"embeddable":true,"href":"https:\/\/jundiai.sp.gov.br\/financas\/wp-json\/wp\/v2\/users\/5"}],"replies":[{"embeddable":true,"href":"https:\/\/jundiai.sp.gov.br\/financas\/wp-json\/wp\/v2\/comments?post=316"}],"version-history":[{"count":4,"href":"https:\/\/jundiai.sp.gov.br\/financas\/wp-json\/wp\/v2\/pages\/316\/revisions"}],"predecessor-version":[{"id":1133,"href":"https:\/\/jundiai.sp.gov.br\/financas\/wp-json\/wp\/v2\/pages\/316\/revisions\/1133"}],"up":[{"embeddable":true,"href":"https:\/\/jundiai.sp.gov.br\/financas\/wp-json\/wp\/v2\/pages\/232"}],"wp:attachment":[{"href":"https:\/\/jundiai.sp.gov.br\/financas\/wp-json\/wp\/v2\/media?parent=316"}],"curies":[{"name":"wp","href":"https:\/\/api.w.org\/{rel}","templated":true}]}}