{"id":3626,"date":"2018-03-13T10:41:36","date_gmt":"2018-03-13T13:41:36","guid":{"rendered":"https:\/\/jundiai.sp.gov.br\/financas\/?page_id=3626"},"modified":"2018-04-09T10:02:39","modified_gmt":"2018-04-09T13:02:39","slug":"arquivos-palestra-auditorio-elis-regina-dias-09-e-16-03-2018","status":"publish","type":"page","link":"https:\/\/jundiai.sp.gov.br\/financas\/issqn\/arquivos-palestra-auditorio-elis-regina-dias-09-e-16-03-2018\/","title":{"rendered":"Arquivos Palestra Audit\u00f3rio Elis Regina dias 09 e 16\/03\/2018"},"content":{"rendered":"<p><a href=\"https:\/\/jundiai.sp.gov.br\/financas\/wp-content\/uploads\/sites\/12\/2018\/03\/apresentacao-157.pdf\">Coment\u00e1rios sobre impactos da Lei Complementar n\u00b0 157\/2016\u00a0<\/a><\/p>\n<p><a href=\"https:\/\/jundiai.sp.gov.br\/financas\/wp-content\/uploads\/sites\/12\/2018\/03\/alteracoes-trazidas-pela-lc-157-2016-versao-atualizada.pdf\" target=\"_blank\" rel=\"noopener\">Principais altera\u00e7\u00f5es trazidas pela Lei Complementar n\u00b0 157\/2016<\/a><\/p>\n<p><a href=\"https:\/\/jundiai.sp.gov.br\/financas\/wp-content\/uploads\/sites\/12\/2018\/03\/alteracoes-promovidas-pelo-decreto-27250-2017.pdf\" target=\"_blank\" rel=\"noopener\">Principais altera\u00e7\u00f5es promovidas pelo Decreto n\u00b0 27.250\/2017 nas obriga\u00e7\u00f5es acess\u00f3rias do ISSQN e a fiscaliza\u00e7\u00e3o integrada das empresas optantes pelo Simples Nacional<\/a><\/p>\n","protected":false},"excerpt":{"rendered":"<p>Coment\u00e1rios sobre impactos da Lei Complementar n\u00b0 157\/2016\u00a0 Principais altera\u00e7\u00f5es trazidas pela Lei Complementar n\u00b0 157\/2016 Principais altera\u00e7\u00f5es promovidas pelo Decreto n\u00b0 27.250\/2017 nas obriga\u00e7\u00f5es acess\u00f3rias do ISSQN e a fiscaliza\u00e7\u00e3o integrada das empresas optantes pelo Simples Nacional<\/p>\n","protected":false},"author":8,"featured_media":0,"parent":41,"menu_order":0,"comment_status":"closed","ping_status":"closed","template":"","meta":{"footnotes":""},"class_list":["post-3626","page","type-page","status-publish","hentry"],"_links":{"self":[{"href":"https:\/\/jundiai.sp.gov.br\/financas\/wp-json\/wp\/v2\/pages\/3626","targetHints":{"allow":["GET"]}}],"collection":[{"href":"https:\/\/jundiai.sp.gov.br\/financas\/wp-json\/wp\/v2\/pages"}],"about":[{"href":"https:\/\/jundiai.sp.gov.br\/financas\/wp-json\/wp\/v2\/types\/page"}],"author":[{"embeddable":true,"href":"https:\/\/jundiai.sp.gov.br\/financas\/wp-json\/wp\/v2\/users\/8"}],"replies":[{"embeddable":true,"href":"https:\/\/jundiai.sp.gov.br\/financas\/wp-json\/wp\/v2\/comments?post=3626"}],"version-history":[{"count":10,"href":"https:\/\/jundiai.sp.gov.br\/financas\/wp-json\/wp\/v2\/pages\/3626\/revisions"}],"predecessor-version":[{"id":3744,"href":"https:\/\/jundiai.sp.gov.br\/financas\/wp-json\/wp\/v2\/pages\/3626\/revisions\/3744"}],"up":[{"embeddable":true,"href":"https:\/\/jundiai.sp.gov.br\/financas\/wp-json\/wp\/v2\/pages\/41"}],"wp:attachment":[{"href":"https:\/\/jundiai.sp.gov.br\/financas\/wp-json\/wp\/v2\/media?parent=3626"}],"curies":[{"name":"wp","href":"https:\/\/api.w.org\/{rel}","templated":true}]}}