{"id":3647,"date":"2018-03-19T17:06:18","date_gmt":"2018-03-19T20:06:18","guid":{"rendered":"https:\/\/jundiai.sp.gov.br\/financas\/?page_id=3647"},"modified":"2026-01-07T11:13:46","modified_gmt":"2026-01-07T14:13:46","slug":"passo-a-passo-para-emissao-do-boleto-para-pagamento-do-iptu","status":"publish","type":"page","link":"https:\/\/jundiai.sp.gov.br\/financas\/iptu-e-taxa-de-coleta-de-lixo\/passo-a-passo-para-emissao-do-boleto-para-pagamento-do-iptu\/","title":{"rendered":"Passo-a-passo para emiss\u00e3o do boleto para pagamento do IPTU"},"content":{"rendered":"\n<p><strong>1.<\/strong> Acesse o site da <a href=\"https:\/\/jundiai.sp.gov.br\/\">Prefeitura de Jundia\u00ed<\/a><\/p>\n\n\n\n<p><strong>2.<\/strong> Clique sobre o \u00edcone Emiss\u00e3o de Parcelas do IPTU 2026 no canto superior direito ou acesse a <a href=\"https:\/\/jundiai.sp.gov.br\/servicos-online\/segunda-via-da-parcela-do-iptu\/\">Segunda Via da Parcela do IPTU<\/a><\/p>\n\n\n\n<p><strong>3.<\/strong> Ser\u00e3o apresentadas algumas observa\u00e7\u00f5es e explica\u00e7\u00f5es referentes a utiliza\u00e7\u00e3o do servi\u00e7o. <strong>\u00c9 extremamente importante que o mun\u00edcipe leia todas as informa\u00e7\u00f5es com aten\u00e7\u00e3o.<\/strong><\/p>\n\n\n\n<p><strong>4.<\/strong> Logo abaixo \u00e9 solicitado o n\u00famero do contribuinte. Tenha em m\u00e3os o documento enviado pela Prefeitura de Jundia\u00ed com as parcelas \u00fanicas e a primeira parcela. <strong>Neste documento voc\u00ea encontrar\u00e1 o n\u00famero do contribuinte, formado por 9 d\u00edgitos<\/strong>. Informe o n\u00famero do contribuinte, marque a op\u00e7\u00e3o <em>N\u00e3o sou um rob\u00f4<\/em> e clique no bot\u00e3o <em>Consultar<\/em>.<\/p>\n\n\n\n<h2 class=\"wp-block-heading has-text-align-center\">Parcelas do IPTU &#8211; exerc\u00edcio 2026<\/h2>\n\n\n<div class=\"wp-block-image\">\n<figure class=\"aligncenter size-full\"><img loading=\"lazy\" decoding=\"async\" width=\"796\" height=\"258\" src=\"https:\/\/jundiai.sp.gov.br\/financas\/wp-content\/uploads\/sites\/12\/2025\/01\/parcela-iptu-2025.png\" alt=\"\" class=\"wp-image-7098\" srcset=\"https:\/\/jundiai.sp.gov.br\/financas\/wp-content\/uploads\/sites\/12\/2025\/01\/parcela-iptu-2025.png 796w, https:\/\/jundiai.sp.gov.br\/financas\/wp-content\/uploads\/sites\/12\/2025\/01\/parcela-iptu-2025-300x97.png 300w, https:\/\/jundiai.sp.gov.br\/financas\/wp-content\/uploads\/sites\/12\/2025\/01\/parcela-iptu-2025-768x249.png 768w\" sizes=\"auto, (max-width: 796px) 100vw, 796px\" \/><\/figure>\n<\/div>\n\n\n<p><strong>5.<\/strong> Em seguida s\u00e3o apresentadas as parcelas. O mun\u00edcipe dever\u00e1 observar com aten\u00e7\u00e3o os pontos abaixo:<\/p>\n\n\n\n<p class=\"has-vivid-red-color has-text-color\"><strong>Antes de efetuar o pagamento, verificar se o N\u00famero do Contribuinte e o Endere\u00e7o est\u00e3o corretos.<\/strong><\/p>\n\n\n\n<ul class=\"wp-block-list\">\n<li>Caso opte pela op\u00e7\u00e3o de <em>Pagar Parcela<\/em> deve-se marcar apenas um item para pagamento. <strong>N\u00e3o \u00e9 poss\u00edvel pagar simultaneamente mais de uma parcela.<\/strong> Havendo a necessidade de pagamento de mais de uma parcela, dever\u00e1 repetir todo o procedimento para cada parcela a ser paga.<\/li>\n\n\n\n<li><strong>Parcelas j\u00e1 pagas n\u00e3o permitem sele\u00e7\u00e3o<\/strong>. Observe a coluna <em>Pago<\/em>, onde \u00e9 indicado as parcelas j\u00e1 pagas com a palavra <em>Sim<\/em><br><\/li>\n<\/ul>\n\n\n<div class=\"wp-block-image\">\n<figure class=\"aligncenter size-full\"><img loading=\"lazy\" decoding=\"async\" width=\"730\" height=\"198\" src=\"https:\/\/jundiai.sp.gov.br\/financas\/wp-content\/uploads\/sites\/12\/2025\/01\/iptu-2025-1.png\" alt=\"\" class=\"wp-image-7126\" srcset=\"https:\/\/jundiai.sp.gov.br\/financas\/wp-content\/uploads\/sites\/12\/2025\/01\/iptu-2025-1.png 730w, https:\/\/jundiai.sp.gov.br\/financas\/wp-content\/uploads\/sites\/12\/2025\/01\/iptu-2025-1-300x81.png 300w\" sizes=\"auto, (max-width: 730px) 100vw, 730px\" \/><\/figure>\n<\/div>\n\n\n<div style=\"height:50px\" aria-hidden=\"true\" class=\"wp-block-spacer\"><\/div>\n\n\n\n<p><strong>6.<\/strong> Role a tela at\u00e9 aparecer os bot\u00f5es <em>Pagar Parcela<\/em>, <em>Imprimir<\/em> e <em>Voltar<\/em>, conforme a figura abaixo:<\/p>\n\n\n<div class=\"wp-block-image\">\n<figure class=\"aligncenter size-full\"><img loading=\"lazy\" decoding=\"async\" width=\"742\" height=\"199\" src=\"https:\/\/jundiai.sp.gov.br\/financas\/wp-content\/uploads\/sites\/12\/2025\/01\/iptu-2025-2.png\" alt=\"\" class=\"wp-image-7128\" srcset=\"https:\/\/jundiai.sp.gov.br\/financas\/wp-content\/uploads\/sites\/12\/2025\/01\/iptu-2025-2.png 742w, https:\/\/jundiai.sp.gov.br\/financas\/wp-content\/uploads\/sites\/12\/2025\/01\/iptu-2025-2-300x80.png 300w\" sizes=\"auto, (max-width: 742px) 100vw, 742px\" \/><\/figure>\n<\/div>\n\n\n<p><strong>Pagar Parcela:<\/strong> Permite que a parcela seja paga diretamente do site da prefeitura no site do banco Ita\u00fa, Bradesco e Santander. <strong>\u00c9 importante ressaltar que o mun\u00edcipe ser\u00e1 direcionado para o site do banco<\/strong>.<\/p>\n\n\n\n<p><strong>Imprimir:<\/strong> Ser\u00e1 apresentada a guia completa, inclusive com o c\u00f3digo de barras para o pagamento. <strong>O mun\u00edcipe poder\u00e1 imprimir e pagar diretamente no banco<\/strong> ou copiar o c\u00f3digo de barras e pagar atrav\u00e9s do site do seu banco.<\/p>\n","protected":false},"excerpt":{"rendered":"<p>1. Acesse o site da Prefeitura de Jundia\u00ed 2. Clique sobre o \u00edcone Emiss\u00e3o de Parcelas do IPTU 2026 no canto superior direito ou acesse a Segunda Via da Parcela do IPTU 3. Ser\u00e3o apresentadas algumas observa\u00e7\u00f5es e explica\u00e7\u00f5es referentes a utiliza\u00e7\u00e3o do servi\u00e7o. \u00c9 extremamente importante que o mun\u00edcipe leia todas as informa\u00e7\u00f5es com [&hellip;]<\/p>\n","protected":false},"author":8,"featured_media":0,"parent":1332,"menu_order":0,"comment_status":"closed","ping_status":"closed","template":"","meta":{"footnotes":""},"class_list":["post-3647","page","type-page","status-publish","hentry"],"_links":{"self":[{"href":"https:\/\/jundiai.sp.gov.br\/financas\/wp-json\/wp\/v2\/pages\/3647","targetHints":{"allow":["GET"]}}],"collection":[{"href":"https:\/\/jundiai.sp.gov.br\/financas\/wp-json\/wp\/v2\/pages"}],"about":[{"href":"https:\/\/jundiai.sp.gov.br\/financas\/wp-json\/wp\/v2\/types\/page"}],"author":[{"embeddable":true,"href":"https:\/\/jundiai.sp.gov.br\/financas\/wp-json\/wp\/v2\/users\/8"}],"replies":[{"embeddable":true,"href":"https:\/\/jundiai.sp.gov.br\/financas\/wp-json\/wp\/v2\/comments?post=3647"}],"version-history":[{"count":24,"href":"https:\/\/jundiai.sp.gov.br\/financas\/wp-json\/wp\/v2\/pages\/3647\/revisions"}],"predecessor-version":[{"id":7297,"href":"https:\/\/jundiai.sp.gov.br\/financas\/wp-json\/wp\/v2\/pages\/3647\/revisions\/7297"}],"up":[{"embeddable":true,"href":"https:\/\/jundiai.sp.gov.br\/financas\/wp-json\/wp\/v2\/pages\/1332"}],"wp:attachment":[{"href":"https:\/\/jundiai.sp.gov.br\/financas\/wp-json\/wp\/v2\/media?parent=3647"}],"curies":[{"name":"wp","href":"https:\/\/api.w.org\/{rel}","templated":true}]}}