{"id":3664,"date":"2018-03-21T11:32:24","date_gmt":"2018-03-21T14:32:24","guid":{"rendered":"https:\/\/jundiai.sp.gov.br\/financas\/?page_id=3664"},"modified":"2026-02-05T09:03:55","modified_gmt":"2026-02-05T12:03:55","slug":"formularios","status":"publish","type":"page","link":"https:\/\/jundiai.sp.gov.br\/financas\/issqn\/formularios\/","title":{"rendered":"Formul\u00e1rios"},"content":{"rendered":"\n<div class=\"wp-block-group aviso has-background\" style=\"background-color:#eeeeee\"><div class=\"wp-block-group__inner-container is-layout-flow wp-block-group-is-layout-flow\">\n<p><strong>AVISOS<\/strong><\/p>\n\n\n\n<p>Visando assegurar maior transpar\u00eancia, efici\u00eancia e celeridade nos pedidos relacionados ao ISSQN, foi publicado pelo Munic\u00edpio de Jundia\u00ed, o &nbsp;<a href=\"https:\/\/jundiai.sp.gov.br\/financas\/wp-content\/uploads\/sites\/12\/2021\/05\/decreto-29790-2021.pdf\" target=\"_blank\" rel=\"noreferrer noopener\">Decreto n\u00ba 29.790, de 08 de mar\u00e7o de 2021<\/a>&nbsp;o qual instituiu o Processo Administrativo Tribut\u00e1rio (e-PAT), dispon\u00edvel na plataforma do Balc\u00e3o do Empreendedor na Web.<\/p>\n\n\n\n<p>Assim, informamos que os servi\u00e7os abaixo relacionados dever\u00e3o ser realizados de forma eletr\u00f4nica, na plataforma do Balc\u00e3o do Empreendedor na Web \u2013 Processo Administrativo Tribut\u00e1rio e-PAT \u2013 ISSQN,&nbsp; no seguinte endere\u00e7o eletr\u00f4nico: &nbsp;<a href=\"https:\/\/balcaodoempreendedor.jundiai.sp.gov.br\/area-do-empreendedor\/realizar-nova-solicitacao-e-servicos\/\">https:\/\/balcaodoempreendedor.jundiai.sp.gov.br\/area-do-empreendedor\/realizar-nova-solicitacao-e-servicos\/<\/a><\/p>\n\n\n\n<ul class=\"wp-block-list lista-espacada\">\n<li><a href=\"https:\/\/jundiai.sp.gov.br\/financas\/wp-content\/uploads\/sites\/12\/2021\/07\/manual-de-solicitacao-de-baixa-cancelamento-de-guia-no-balcao-web-versao-contribuinte-2.pdf\" target=\"_blank\" rel=\"noreferrer noopener\"><strong>Baixa e Cancelamento de Guia \u2013 ISSQN:<\/strong><\/a>&nbsp;para solicita\u00e7\u00e3o de Cancelamento de Guia n\u00e3o inscrita em D\u00edvida Ativa, ou para solicita\u00e7\u00e3o de Baixa de Guia em aberto somente no sistema GISS Online, utilizar o canal Fale Conosco \u2013 Mensagem Eletr\u00f4nica.<br><strong>Aviso 1 &#8211;<\/strong><mark style=\"background-color:rgba(0, 0, 0, 0)\" class=\"has-inline-color has-vivid-red-color\"> PARA FINS DE SUSTA\u00c7\u00c3O DE AVISO DE PROTESTO, DEVEM SER PROTOCOLADAS AS SOLICITA\u00c7\u00d5ES DE BAIXA\/CANCELAMENTO DE GUIAS EM AT\u00c9 1 DIA \u00daTIL ANTERIOR \u00c0 DATA DE VENCIMENTO DO T\u00cdTULO DE COBRAN\u00c7A E, UMA VEZ REALIZADA A SOLICITA\u00c7\u00c3O, A MESMA DEVE VIR INSTRU\u00cdDA COM OS DOCUMENTOS COMPROBAT\u00d3RIOS.<\/mark><br><strong>Aviso 2 &#8211; <\/strong>&nbsp;<strong>D\u00e9bitos Transferidos:<\/strong> Mediante conv\u00eanio firmado em 04 de novembro de 2014, a Procuradoria Geral da Fazenda Nacional delegou ao Munic\u00edpio de Jundia\u00ed, a inscri\u00e7\u00e3o em D\u00edvida Ativa Municipal e a cobran\u00e7a judicial do ISS apurado no Simples Nacional (Art.41, 3\u00ba da LC 123\/006 e altera\u00e7\u00f5es posteriores).Nos casos de transfer\u00eancia de d\u00e9bitos do Simples Nacional para este munic\u00edpio, estes n\u00e3o estar\u00e3o contemplados no parcelamento de d\u00e9bitos inscritos em D\u00edvida Ativa da Uni\u00e3o (PGFN), devendo o recolhimento do d\u00e9bito ser realizado em guia pr\u00f3pria do Munic\u00edpio, assim como pedidos de parcelamento do ISSQN devem ser solicitados diretamente ao Munic\u00edpio.<br><\/li>\n\n\n\n<li><a href=\"https:\/\/jundiai.sp.gov.br\/financas\/wp-content\/uploads\/sites\/12\/2022\/05\/manual-de-solicitacao-para-abatimento-de-materiais-da-construcao-civil-3.pdf\"><strong>Cadastro para Abatimento de Materiais da Constru\u00e7\u00e3o Civil \u2013 Prestadores N\u00e3o Estabelecidos:<\/strong><\/a>&nbsp;Essa solicita\u00e7\u00e3o \u00e9 dirigida ao empreiteiro ou subempreiteiro que deseja optar pelo regime de Abatimento Padr\u00e3o (Receita Presumida) ou Abatimento por NFS-e para apura\u00e7\u00e3o da Base de C\u00e1lculo do ISSQN.<\/li>\n\n\n\n<li><a href=\"https:\/\/jundiai.sp.gov.br\/financas\/wp-content\/uploads\/sites\/12\/2021\/05\/manual-para-solicitacao-de-cancelamento-de-nfs-e-contribuintes.pdf\" target=\"_blank\" rel=\"noreferrer noopener\"><strong>Cancelamento de NFS-e:<\/strong><\/a>&nbsp;para contribuintes que perderam o prazo e n\u00e3o conseguem mais efetuar o cancelamento ou a substitui\u00e7\u00e3o diretamente no sistema de emiss\u00e3o de NFS-e, conforme prazos estabelecidos no&nbsp;<a href=\"https:\/\/jundiai.sp.gov.br\/financas\/wp-content\/uploads\/sites\/12\/2021\/03\/decreto-29-648.pdf\" target=\"_blank\" rel=\"noreferrer noopener\">Decreto n\u00ba 29.648, de 2021.<\/a><\/li>\n\n\n\n<li><a href=\"https:\/\/jundiai.sp.gov.br\/financas\/wp-content\/uploads\/sites\/12\/2021\/07\/manual-de-solicitacao-de-compensacao-balcao-web-versao-contribuinte-1-1.pdf\" target=\"_blank\" rel=\"noreferrer noopener\"><strong>Compensa\u00e7\u00e3o \u2013 ISSQN:<\/strong><\/a>&nbsp;para os casos de recolhimento a maior\/indevido do ISSQN em guia pr\u00f3pria do Munic\u00edpio a ser compensado com lan\u00e7amentos futuros.&nbsp;<\/li>\n\n\n\n<li><a href=\"https:\/\/jundiai.sp.gov.br\/financas\/wp-content\/uploads\/sites\/12\/2021\/07\/manual-de-solicitacao-de-confissao-de-debitos-no-balcao-web-versao-contribuinte.pdf\" target=\"_blank\" rel=\"noreferrer noopener\"><strong>Confiss\u00e3o de D\u00e9bitos \u2013 ISSQN<\/strong><\/a><\/li>\n\n\n\n<li><a href=\"https:\/\/jundiai.sp.gov.br\/financas\/wp-content\/uploads\/sites\/12\/2021\/07\/manual-de-solicitacao-de-consulta-tributaria-balcao-web-versao-contribuinte-1.pdf\" target=\"_blank\" rel=\"noreferrer noopener\"><strong>Consulta Tribut\u00e1ria \u2013 ISSQN:<\/strong><\/a>&nbsp;para protocolo de d\u00favidas referentes \u00e0 aplica\u00e7\u00e3o da legisla\u00e7\u00e3o tribut\u00e1ria no que tange ao Imposto sobre Servi\u00e7os de Qualquer Natureza \u2013 ISSQN, conforme o disposto no Cap\u00edtulo VI da&nbsp;<a href=\"https:\/\/jundiai.sp.gov.br\/financas\/wp-content\/uploads\/sites\/12\/2020\/01\/lc-460-de-2008-alterada-ate-lc-594-de-2019-1.pdf\" target=\"_blank\" rel=\"noreferrer noopener\">Lei Complementar n\u00ba 460, de 2008.<\/a><\/li>\n\n\n\n<li><a href=\"https:\/\/jundiai.sp.gov.br\/financas\/wp-content\/uploads\/sites\/12\/2021\/10\/manual-de-solicitacao-de-enquadramento-no-issqn-semestral-no-balcao-web-versao-contribuinte.pdf\" target=\"_blank\" rel=\"noreferrer noopener\"><strong>Enquadramento no ISSQN Semestral<\/strong><\/a><\/li>\n\n\n\n<li><a href=\"https:\/\/jundiai.sp.gov.br\/financas\/wp-content\/uploads\/sites\/12\/2021\/07\/manual-de-solicitacao-de-impugnacao-no-balcao-web-versao-contribuinte.pdf\" target=\"_blank\" rel=\"noreferrer noopener\"><strong>Impugna\u00e7\u00e3o \u2013 ISSQN:<\/strong><\/a>&nbsp;Exceto as referentes aos processos de constru\u00e7\u00e3o e regulariza\u00e7\u00e3o de obras.&nbsp;<\/li>\n\n\n\n<li><a href=\"https:\/\/jundiai.sp.gov.br\/financas\/wp-content\/uploads\/sites\/12\/2022\/02\/manual-para-solicitacao-de-imunidade.pdf\"><strong>Imunidade<\/strong><\/a><\/li>\n\n\n\n<li><a href=\"https:\/\/jundiai.sp.gov.br\/financas\/wp-content\/uploads\/sites\/12\/2021\/08\/manual-de-solicitacao-de-inclusao-de-atividade-provisoria-no-balcao-web-versao-contribuinte.pdf\" target=\"_blank\" rel=\"noreferrer noopener\"><strong>Inclus\u00e3o de Atividade Provis\u00f3ria:<\/strong><\/a>&nbsp;para os casos de contribuintes que j\u00e1 possuem Inscri\u00e7\u00e3o Municipal, mas se encontram em processo de regulariza\u00e7\u00e3o para inclus\u00e3o de nova atividade e necessitam emitir um volume consider\u00e1vel de NFS-e.<\/li>\n\n\n\n<li><a href=\"https:\/\/jundiai.sp.gov.br\/financas\/wp-content\/uploads\/sites\/12\/2021\/07\/manual-nfs-e-avulsa-contribuintes-2-1.pdf\" target=\"_blank\" rel=\"noreferrer noopener\"><strong>Nota Fiscal de Servi\u00e7os Avulsa:<\/strong><\/a>&nbsp;para contribuintes que se encontrem com pedido de Inscri\u00e7\u00e3o Municipal em andamento ou com processo de inclus\u00e3o de novas atividades em seu Cadastro Fiscal Mobili\u00e1rio.<\/li>\n\n\n\n<li><a href=\"https:\/\/jundiai.sp.gov.br\/financas\/wp-content\/uploads\/sites\/12\/2021\/07\/manual-de-solicitacao-de-recurso-no-balcao-web-versao-contribuinte.pdf\" target=\"_blank\" rel=\"noreferrer noopener\"><strong>Recurso \u2013 ISSQN:<\/strong><\/a>&nbsp;Exceto as referentes aos processos de constru\u00e7\u00e3o e regulariza\u00e7\u00e3o de obras.<\/li>\n\n\n\n<li><a href=\"https:\/\/jundiai.sp.gov.br\/financas\/issqn\/manuais\/\"><strong>Regime Especial: Para Emiss\u00e3o de NFS-e<\/strong><\/a><\/li>\n\n\n\n<li><a href=\"https:\/\/jundiai.sp.gov.br\/financas\/wp-content\/uploads\/sites\/12\/2021\/07\/manual-de-solicitacao-de-restituicao-balcao-web-versao-contribuinte-1-1.pdf\" target=\"_blank\" rel=\"noreferrer noopener\"><strong>Restitui\u00e7\u00e3o \u2013 ISSQN<\/strong><\/a><\/li>\n\n\n\n<li><a href=\"https:\/\/jundiai.sp.gov.br\/financas\/wp-content\/uploads\/sites\/12\/2021\/10\/manual-de-solicitacao-de-revisao-de-enquadramento-no-balcao-web-versao-contribuinte-1.pdf\" target=\"_blank\" rel=\"noreferrer noopener\"><strong>Revis\u00e3o de Enquadramento de Atividades<\/strong><\/a><\/li>\n<\/ul>\n\n\n\n<p>Acesse&nbsp;<a href=\"https:\/\/jundiai.sp.gov.br\/financas\/issqn\/manuais\/\">https:\/\/jundiai.sp.gov.br\/financas\/issqn\/manuais\/<\/a>&nbsp;para visualizar os Manuais e demais informa\u00e7\u00f5es sobre os novos procedimentos.<\/p>\n<\/div><\/div>\n\n\n\n<p>Os demais servi\u00e7os continuam sendo solicitados por meio dos formul\u00e1rios abaixo e dever\u00e3o ser encaminhados no seguinte endere\u00e7o:&nbsp;<a href=\"mailto:dft@jundiai.sp.gov.br\"><strong>dft@jundiai.sp.gov.br<\/strong><\/a><strong>.<\/strong> <\/p>\n\n\n\n<p>Obs.: Anexar ao e-mail o formul\u00e1rio devidamente preenchido e assinado, al\u00e9m dos documentos obrigat\u00f3rios, conforme o caso.<\/p>\n\n\n\n<p>Em caso de d\u00favida, favor entrar em contato com o DFT pelos telefones (11) 4589-8970\/8572.<\/p>\n\n\n\n<p><a href=\"https:\/\/jundiai.sp.gov.br\/financas\/wp-content\/uploads\/sites\/12\/2020\/04\/pedido-geral-2020.pdf\">Pedido Geral<\/a><\/p>\n\n\n\n<p><a href=\"https:\/\/jundiai.sp.gov.br\/financas\/wp-content\/uploads\/sites\/12\/2020\/04\/comunicado-de-extravio-de-documentos-fiscais-2020-1.pdf\">Comunicado de Extravio de Documentos Fiscais<\/a><\/p>\n\n\n\n<p><a rel=\"noreferrer noopener\" href=\"https:\/\/jundiai.sp.gov.br\/financas\/wp-content\/uploads\/sites\/12\/2020\/04\/requerimento-para-revisao-do-regime-de-estimativa-2020-1.pdf\" target=\"_blank\">Requerimento para Revis\u00e3o do Regime de Estimativa<\/a><\/p>\n\n\n\n<p><a href=\"https:\/\/jundiai.sp.gov.br\/financas\/wp-content\/uploads\/sites\/12\/2020\/04\/declaracao-de-obra-por-regime-de-mutirao-para-efeito-de-iss-construcao-civil-2020.pdf\">Declara\u00e7\u00e3o de obra por Regime de Mutir\u00e3o, para Efeito de ISS Constru\u00e7\u00e3o Civil<\/a><\/p>\n\n\n\n<p><a href=\"https:\/\/jundiai.sp.gov.br\/financas\/wp-content\/uploads\/sites\/12\/2020\/04\/declaracao-para-efeito-de-iss-construcao-civil-2020.pdf\">Declara\u00e7\u00e3o para efeito de ISS &#8211; Constru\u00e7\u00e3o Civil<\/a><\/p>\n\n\n\n<p><a href=\"https:\/\/jundiai.sp.gov.br\/financas\/wp-content\/uploads\/sites\/12\/2020\/04\/demonstrativo-de-despesas-operacionais-2020.pdf\">Demonstrativo de Despesas Operacionais<\/a><\/p>\n\n\n\n<p><strong>Declara\u00e7\u00e3o de Propriet\u00e1rio da Obra \u2013 DPO<\/strong><\/p>\n\n\n\n<p><a rel=\"noreferrer noopener\" href=\"https:\/\/jundiai.sp.gov.br\/financas\/wp-content\/uploads\/sites\/12\/2020\/04\/formulario-de-declaracao-de-proprietario-da-obra-dpo-2020.pdf\" target=\"_blank\">Formul\u00e1rio de Declara\u00e7\u00e3o de Propriet\u00e1rio da Obra &#8211; DPO<\/a><\/p>\n\n\n\n<p><a href=\"https:\/\/jundiai.sp.gov.br\/financas\/wp-content\/uploads\/sites\/12\/2020\/04\/anexo-dpo-2020.pdf\">Anexo \u2013 DPO<\/a><\/p>\n\n\n\n<p><a href=\"https:\/\/jundiai.sp.gov.br\/financas\/wp-content\/uploads\/sites\/12\/2020\/04\/instrucoes-dpo-2020-8.pdf\">Instru\u00e7\u00f5es \u2013 DPO<\/a><br><br><a href=\"https:\/\/jundiai.sp.gov.br\/financas\/wp-content\/uploads\/sites\/12\/2026\/02\/declaracao-de-conclusao-da-obra-1.pdf\">Declara\u00e7\u00e3o de Conclus\u00e3o de Obra para efeitos de ISS Constru\u00e7\u00e3o Civil &#8211; Lei Complementar n\u00ba 636, de 2024.<\/a><\/p>\n","protected":false},"excerpt":{"rendered":"<p>AVISOS Visando assegurar maior transpar\u00eancia, efici\u00eancia e celeridade nos pedidos relacionados ao ISSQN, foi publicado pelo Munic\u00edpio de Jundia\u00ed, o &nbsp;Decreto n\u00ba 29.790, de 08 de mar\u00e7o de 2021&nbsp;o qual instituiu o Processo Administrativo Tribut\u00e1rio (e-PAT), dispon\u00edvel na plataforma do Balc\u00e3o do Empreendedor na Web. Assim, informamos que os servi\u00e7os abaixo relacionados dever\u00e3o ser realizados [&hellip;]<\/p>\n","protected":false},"author":33,"featured_media":0,"parent":41,"menu_order":0,"comment_status":"closed","ping_status":"closed","template":"","meta":{"footnotes":""},"class_list":["post-3664","page","type-page","status-publish","hentry"],"_links":{"self":[{"href":"https:\/\/jundiai.sp.gov.br\/financas\/wp-json\/wp\/v2\/pages\/3664","targetHints":{"allow":["GET"]}}],"collection":[{"href":"https:\/\/jundiai.sp.gov.br\/financas\/wp-json\/wp\/v2\/pages"}],"about":[{"href":"https:\/\/jundiai.sp.gov.br\/financas\/wp-json\/wp\/v2\/types\/page"}],"author":[{"embeddable":true,"href":"https:\/\/jundiai.sp.gov.br\/financas\/wp-json\/wp\/v2\/users\/33"}],"replies":[{"embeddable":true,"href":"https:\/\/jundiai.sp.gov.br\/financas\/wp-json\/wp\/v2\/comments?post=3664"}],"version-history":[{"count":96,"href":"https:\/\/jundiai.sp.gov.br\/financas\/wp-json\/wp\/v2\/pages\/3664\/revisions"}],"predecessor-version":[{"id":7321,"href":"https:\/\/jundiai.sp.gov.br\/financas\/wp-json\/wp\/v2\/pages\/3664\/revisions\/7321"}],"up":[{"embeddable":true,"href":"https:\/\/jundiai.sp.gov.br\/financas\/wp-json\/wp\/v2\/pages\/41"}],"wp:attachment":[{"href":"https:\/\/jundiai.sp.gov.br\/financas\/wp-json\/wp\/v2\/media?parent=3664"}],"curies":[{"name":"wp","href":"https:\/\/api.w.org\/{rel}","templated":true}]}}