{"id":3670,"date":"2018-03-21T11:41:42","date_gmt":"2018-03-21T14:41:42","guid":{"rendered":"https:\/\/jundiai.sp.gov.br\/financas\/?page_id=3670"},"modified":"2025-03-31T11:09:27","modified_gmt":"2025-03-31T14:09:27","slug":"legislacao","status":"publish","type":"page","link":"https:\/\/jundiai.sp.gov.br\/financas\/issqn\/legislacao\/","title":{"rendered":"Legisla\u00e7\u00e3o"},"content":{"rendered":"\n<p><strong>LEIS COMPLEMENTARES<\/strong><\/p>\n\n\n\n<p><a href=\"https:\/\/jundiai.sp.gov.br\/financas\/wp-content\/uploads\/sites\/12\/2024\/06\/lei-9513-2020-restituicao-e-compensacao-em-jundiai.pdf\">Lei n\u00ba 9.513\/2020<\/a>&nbsp;&#8211; Disciplina a restitui\u00e7\u00e3o e compensa\u00e7\u00e3o de cr\u00e9ditos tribut\u00e1rios<\/p>\n\n\n\n<p><a href=\"https:\/\/jundiai.sp.gov.br\/financas\/wp-content\/uploads\/sites\/12\/2025\/03\/lei-complementar-no-460-ate-2023.pdf\">Lei Complementar n\u00ba 460\/2008<\/a><a href=\"https:\/\/jundiai.sp.gov.br\/financas\/wp-content\/uploads\/sites\/12\/2023\/02\/lei_complementar-460-2008.pdf\"> <\/a>\u2013Instituiu o novo C\u00f3digo Tribut\u00e1rio do Munic\u00edpio de Jundia\u00ed \u2013 atualizado at\u00e9 a Lei\u00a0Complementar\u00a0n\u00ba 618\/2022<\/p>\n\n\n\n<p><a href=\"https:\/\/jundiai.sp.gov.br\/financas\/wp-content\/uploads\/sites\/12\/2025\/03\/anexo-i-lc.pdf\">Anexo I <\/a>\u2013 Lista de Servi\u00e7os e Al\u00edquotas &#8211; \u2013 Imposto sobre Servi\u00e7os de Qualquer Natureza<\/p>\n\n\n\n<p><a href=\"https:\/\/jundiai.sp.gov.br\/financas\/wp-content\/uploads\/sites\/12\/2023\/02\/anexo-i-a-atualizado-1.pdf\">Anexo I A<\/a> \u2013 Imposto sobre Servi\u00e7os de Qualquer Natureza \u2013 Por Semestre;<\/p>\n\n\n\n<p><a href=\"https:\/\/jundiai.sp.gov.br\/financas\/wp-content\/uploads\/sites\/12\/2023\/02\/lcm-485-de-30-de-marco-de-2010.pdf\">Lei Complementar n\u00ba 485\/2010<\/a> \u2013 Institui o Programa Municipal de Desonera\u00e7\u00e3o Tribut\u00e1ria para Habita\u00e7\u00f5es de Interesse Social, para fomento de empreendimentos habitacionais destinados \u00e0 popula\u00e7\u00e3o de baixa renda;<\/p>\n\n\n\n<hr class=\"wp-block-separator has-alpha-channel-opacity\"\/>\n\n\n\n<p><strong>DECRETOS<\/strong><\/p>\n\n\n\n<p><a href=\"https:\/\/jundiai.sp.gov.br\/financas\/wp-content\/uploads\/sites\/12\/2024\/06\/decreto-32638-2023-regula-autorizacao-compensacao-e-restituicao.pdf\">Decreto n\u00ba 32.638\/2023<\/a><strong>&nbsp;<\/strong>&#8211; Disciplina a atribui\u00e7\u00e3o para homologa\u00e7\u00e3o quanto \u00e0 restitui\u00e7\u00e3o e a compensa\u00e7\u00e3o de cr\u00e9ditos tribut\u00e1rios, nos termos da Lei n\u00ba 9.513,<br>de 14 de outubro de 2020.<\/p>\n\n\n\n<p><a href=\"https:\/\/jundiai.sp.gov.br\/financas\/wp-content\/uploads\/sites\/12\/2021\/05\/decreto-29790-2021.pdf\">Decreto n\u00b0 29.790\/2021<\/a> &#8211; Institui e regulamenta o Processo Administrativo Tribut\u00e1rio (e-PAT)<\/p>\n\n\n\n<p><a href=\"https:\/\/jundiai.sp.gov.br\/financas\/wp-content\/uploads\/sites\/12\/2023\/02\/17222_texto_consolidado.pdf\">Decreto n\u00ba 27.250\/2017<\/a> \u2013 Regulamenta a Lei Complementar n\u00ba 460, de 22 de outubro de 2008, alterada pela Lei Complementar n\u00ba 580, de 27 de setembro de 2017, referente ao Imposto sobre Servi\u00e7o de Qualquer Natureza \u2013 ISSQN;<\/p>\n\n\n\n<p><a href=\"https:\/\/jundiai.sp.gov.br\/administracao-e-gestao-de-pessoas\/wp-content\/uploads\/sites\/16\/2017\/06\/Decreto-n%C2%BA-23.005.2011.pdf\">Decreto n\u00b0 23.005\/2011<\/a> \u2013 Institui a Nota Fiscal de Servi\u00e7o Eletr\u00f4nica NFS-e.&nbsp;Nova regulamenta\u00e7\u00e3o a partir do Decreto n\u00ba 27.250\/2017.<\/p>\n\n\n\n<p><a href=\"https:\/\/jundiai.sp.gov.br\/financas\/wp-content\/uploads\/sites\/12\/2014\/09\/Decreto-n%C2%BA-19.602.2004.pdf\">Decreto n\u00ba 19.602\/2004<\/a> \u2013 C\u00f3digo Tribut\u00e1rio Municipal Anterior (Revogado pela LC n\u00ba 460\/2008);<\/p>\n\n\n\n<hr class=\"wp-block-separator has-alpha-channel-opacity is-style-wide\"\/>\n\n\n\n<p><strong>PORTARIAS<\/strong><\/p>\n\n\n\n<p><u><a href=\"https:\/\/jundiai.sp.gov.br\/financas\/wp-content\/uploads\/sites\/12\/2021\/03\/portaria_uggf_iss_cc_01_2021-1.pdf\">Portaria n\u00b0 01\/2021<\/a><\/u>&nbsp;\u2013 Fixa os valores por metro quadrado a serem utilizados na apura\u00e7\u00e3o do valor m\u00ednimo de m\u00e3o-de-obra aplicada na constru\u00e7\u00e3o civil para fins de c\u00e1lculo do ISSQN;<\/p>\n\n\n\n<p><a href=\"https:\/\/jundiai.sp.gov.br\/financas\/wp-content\/uploads\/sites\/12\/2021\/03\/anexoi_pauta_2021_ufm-1.pdf\"><u>Anexo I<\/u><\/a>\u2013&nbsp; &nbsp;Pauta fiscal do valor m\u00ednimo da m\u00e3o-de-obra por metro quadrado de \u00e1rea constru\u00edda<\/p>\n\n\n\n<p><a href=\"https:\/\/jundiai.sp.gov.br\/financas\/wp-content\/uploads\/sites\/12\/2014\/09\/Portaria-n%C2%BA-03.2012.pdf\">Portaria n\u00ba 03\/2012<\/a> \u2013 Disp\u00f5e sobre a obrigatoriedade da emiss\u00e3o da Nota Fiscal de Servi\u00e7os Eletr\u00f4nica \u2013 NFS-e;<\/p>\n\n\n\n<p><a href=\"https:\/\/jundiai.sp.gov.br\/financas\/wp-content\/uploads\/sites\/12\/2014\/09\/Portaria-n%C2%BA-02.2011.pdf\">Portaria n\u00ba 02\/2011<\/a> \u2013 Disp\u00f5e sobre a obrigatoriedade da emiss\u00e3o na Nota Fiscal de Servi\u00e7os Eletr\u00f4nica \u2013 NFS-e aos contribuintes que especifica;<\/p>\n\n\n\n<hr class=\"wp-block-separator has-alpha-channel-opacity is-style-wide\"\/>\n\n\n\n<p><strong>INSTRU\u00c7\u00d5ES NORMATIVAS<\/strong><\/p>\n\n\n\n<p><a href=\"https:\/\/jundiai.sp.gov.br\/financas\/wp-content\/uploads\/sites\/12\/2024\/06\/instrucao-normativa-uggf-2-de-24-7-2021-regulamenta-a-restituicao-e-compensacao-em-jundiai.pdf\"><u>Instru\u00e7\u00e3o Normativa n\u00ba 02\/2021<\/u>&nbsp;<\/a>&#8211;&nbsp;Disp\u00f5e sobre procedimentos relativos aos pedidos de restitui\u00e7\u00e3o e&nbsp;compensa\u00e7\u00e3o de cr\u00e9ditos tribut\u00e1rios de que trata a Lei n \u00ba 9.513 de 14&nbsp;de outubro de 2020.<\/p>\n\n\n\n<p><a href=\"https:\/\/jundiai.sp.gov.br\/financas\/wp-content\/uploads\/sites\/12\/2014\/09\/Instru%C3%A7%C3%A3o-Normativa-n%C2%BA-02.2014.pdf\">Instru\u00e7\u00e3o Normativa n\u00ba 02\/2014<\/a> \u2013 Disciplina os procedimentos e os documentos necess\u00e1rios \u00e0 an\u00e1lise de pedido de autoriza\u00e7\u00e3o para realiza\u00e7\u00e3o de eventos em \u00e1reas particulares.<\/p>\n\n\n\n<p><span style=\"font-weight: 400;\">Para consultar demais legisla\u00e7\u00f5es correlatas, <\/span><a href=\"https:\/\/jundiai.sp.gov.br\/financas\/legislacao\/\"><span style=\"font-weight: 400;\">clique aqui<\/span><\/a><span style=\"font-weight: 400;\">.<\/span><\/p>\n","protected":false},"excerpt":{"rendered":"<p>LEIS COMPLEMENTARES Lei n\u00ba 9.513\/2020&nbsp;&#8211; Disciplina a restitui\u00e7\u00e3o e compensa\u00e7\u00e3o de cr\u00e9ditos tribut\u00e1rios Lei Complementar n\u00ba 460\/2008 \u2013Instituiu o novo C\u00f3digo Tribut\u00e1rio do Munic\u00edpio de Jundia\u00ed \u2013 atualizado at\u00e9 a Lei\u00a0Complementar\u00a0n\u00ba 618\/2022 Anexo I \u2013 Lista de Servi\u00e7os e Al\u00edquotas &#8211; \u2013 Imposto sobre Servi\u00e7os de Qualquer Natureza Anexo I A \u2013 Imposto sobre Servi\u00e7os [&hellip;]<\/p>\n","protected":false},"author":33,"featured_media":0,"parent":41,"menu_order":0,"comment_status":"closed","ping_status":"closed","template":"","meta":{"footnotes":""},"class_list":["post-3670","page","type-page","status-publish","hentry"],"_links":{"self":[{"href":"https:\/\/jundiai.sp.gov.br\/financas\/wp-json\/wp\/v2\/pages\/3670","targetHints":{"allow":["GET"]}}],"collection":[{"href":"https:\/\/jundiai.sp.gov.br\/financas\/wp-json\/wp\/v2\/pages"}],"about":[{"href":"https:\/\/jundiai.sp.gov.br\/financas\/wp-json\/wp\/v2\/types\/page"}],"author":[{"embeddable":true,"href":"https:\/\/jundiai.sp.gov.br\/financas\/wp-json\/wp\/v2\/users\/33"}],"replies":[{"embeddable":true,"href":"https:\/\/jundiai.sp.gov.br\/financas\/wp-json\/wp\/v2\/comments?post=3670"}],"version-history":[{"count":32,"href":"https:\/\/jundiai.sp.gov.br\/financas\/wp-json\/wp\/v2\/pages\/3670\/revisions"}],"predecessor-version":[{"id":7178,"href":"https:\/\/jundiai.sp.gov.br\/financas\/wp-json\/wp\/v2\/pages\/3670\/revisions\/7178"}],"up":[{"embeddable":true,"href":"https:\/\/jundiai.sp.gov.br\/financas\/wp-json\/wp\/v2\/pages\/41"}],"wp:attachment":[{"href":"https:\/\/jundiai.sp.gov.br\/financas\/wp-json\/wp\/v2\/media?parent=3670"}],"curies":[{"name":"wp","href":"https:\/\/api.w.org\/{rel}","templated":true}]}}