{"id":3679,"date":"2018-03-21T12:03:26","date_gmt":"2018-03-21T15:03:26","guid":{"rendered":"https:\/\/jundiai.sp.gov.br\/financas\/?page_id=3679"},"modified":"2024-05-22T14:34:04","modified_gmt":"2024-05-22T17:34:04","slug":"manuais","status":"publish","type":"page","link":"https:\/\/jundiai.sp.gov.br\/financas\/issqn\/manuais\/","title":{"rendered":"Manuais"},"content":{"rendered":"\n<hr class=\"wp-block-separator has-alpha-channel-opacity\"\/>\n\n\n\n<p><strong>PROCESSO ADMINSTRATIVO TRIBUT\u00c1RIO &#8211; E-PAT: ISSQN<\/strong><\/p>\n\n\n\n<ul class=\"wp-block-list\">\n<li><a href=\"https:\/\/jundiai.sp.gov.br\/financas\/wp-content\/uploads\/sites\/12\/2023\/12\/cadastro-de-empresa-nao-estabelecida-no-municipio-de-jundiai.pdf\">Manual para Cadastro de Empresas n\u00e3o estabelecidas no Munic\u00edpio<\/a><\/li>\n\n\n\n<li><a href=\"https:\/\/jundiai.sp.gov.br\/financas\/wp-content\/uploads\/sites\/12\/2022\/02\/manual-cadastro-de-senha-de-empresas-estabelecidas-no-municipio-versao-contribuinte.pdf\">Manual para Cadastro ou Recupera\u00e7\u00e3o de Senha de Empresas Estabelecidas no Munic\u00edpio<\/a><\/li>\n\n\n\n<li><a href=\"https:\/\/jundiai.sp.gov.br\/financas\/wp-content\/uploads\/sites\/12\/2021\/07\/manual-de-solicitacao-de-baixa-cancelamento-de-guia-no-balcao-web-versao-contribuinte-2.pdf\">Manual para Solicita\u00e7\u00e3o de Baixa\/Cancelamento de Guia de ISSQN<\/a><\/li>\n\n\n\n<li><a href=\"https:\/\/jundiai.sp.gov.br\/financas\/wp-content\/uploads\/sites\/12\/2023\/10\/manual-de-solicitacao-para-abatimento-de-materiais-da-construcao-civil-novo-giss-2-1.pdf\" target=\"_blank\" rel=\"noopener\">Manual para Solicita\u00e7\u00e3o de Cadastro para Abatimento de Materiais da Constru\u00e7\u00e3o Civil \u2013 Prestadores N\u00e3o Estabelecidos<\/a><\/li>\n\n\n\n<li><a href=\"https:\/\/jundiai.sp.gov.br\/financas\/wp-content\/uploads\/sites\/12\/2022\/02\/manual-para-solicitacao-de-cancelamento-de-nfs-e.pdf\">Manual para Solicita\u00e7\u00e3o de Cancelamento de NFS-e<\/a><\/li>\n\n\n\n<li><a href=\"https:\/\/jundiai.sp.gov.br\/financas\/wp-content\/uploads\/sites\/12\/2021\/07\/manual-de-solicitacao-de-compensacao-balcao-web-versao-contribuinte-1-1.pdf\">Manual para Solicita\u00e7\u00e3o de Compensa\u00e7\u00e3o de ISSQN<\/a><\/li>\n\n\n\n<li><a href=\"https:\/\/jundiai.sp.gov.br\/financas\/wp-content\/uploads\/sites\/12\/2021\/07\/manual-de-solicitacao-de-confissao-de-debitos-no-balcao-web-versao-contribuinte.pdf\">Manual para Solicita\u00e7\u00e3o de Confiss\u00e3o de D\u00e9bitos<\/a><\/li>\n\n\n\n<li><a href=\"https:\/\/jundiai.sp.gov.br\/financas\/wp-content\/uploads\/sites\/12\/2021\/07\/manual-de-solicitacao-de-consulta-tributaria-balcao-web-versao-contribuinte-1.pdf\">Manual para Solicita\u00e7\u00e3o de Consulta Tribut\u00e1ria<\/a><\/li>\n\n\n\n<li><a href=\"https:\/\/jundiai.sp.gov.br\/financas\/wp-content\/uploads\/sites\/12\/2021\/10\/manual-de-solicitacao-de-enquadramento-no-issqn-semestral-no-balcao-web-versao-contribuinte.pdf\">Manual para Solicita\u00e7\u00e3o de Enquadramento no ISSQN Semestral<\/a><\/li>\n\n\n\n<li><a href=\"https:\/\/jundiai.sp.gov.br\/financas\/wp-content\/uploads\/sites\/12\/2021\/07\/manual-de-solicitacao-de-impugnacao-no-balcao-web-versao-contribuinte.pdf\">Manual para Solicita\u00e7\u00e3o de Impugna\u00e7\u00e3o<\/a><\/li>\n\n\n\n<li><a href=\"https:\/\/jundiai.sp.gov.br\/financas\/wp-content\/uploads\/sites\/12\/2022\/02\/manual-para-solicitacao-de-imunidade.pdf\">Manual para Solicita\u00e7\u00e3o de Imunidade<\/a><\/li>\n\n\n\n<li><a href=\"https:\/\/jundiai.sp.gov.br\/financas\/wp-content\/uploads\/sites\/12\/2021\/08\/manual-de-solicitacao-de-inclusao-de-atividade-provisoria-no-balcao-web-versao-contribuinte.pdf\">Manual para solicita\u00e7\u00e3o de Inclus\u00e3o de Atividade Provis\u00f3ria&nbsp;<\/a><\/li>\n\n\n\n<li><a href=\"https:\/\/jundiai.sp.gov.br\/financas\/wp-content\/uploads\/sites\/12\/2021\/07\/manual-de-solicitacao-de-recurso-no-balcao-web-versao-contribuinte.pdf\">Manual para Solicita\u00e7\u00e3o de Recurso<\/a><\/li>\n\n\n\n<li><a href=\"https:\/\/jundiai.sp.gov.br\/financas\/wp-content\/uploads\/sites\/12\/2022\/02\/manual-para-solicitacao-de-regime-especial-controle-de-servicos-prestados.pdf\">Manual para Solicita\u00e7\u00e3o de&nbsp;Regime Especial \u2013 Controle de Servi\u00e7os Prestados<\/a><\/li>\n\n\n\n<li><a href=\"https:\/\/jundiai.sp.gov.br\/financas\/wp-content\/uploads\/sites\/12\/2022\/02\/manual-para-solicitacao-de-regime-especial-estacionamento.pdf\">Manual para Solicita\u00e7\u00e3o de&nbsp;Regime Especial \u2013 Estacionamento<\/a><\/li>\n\n\n\n<li><a href=\"https:\/\/jundiai.sp.gov.br\/financas\/wp-content\/uploads\/sites\/12\/2022\/02\/manual-para-solicitacao-de-regime-especial-equipamento-sat.pdf\">Manual para Solicita\u00e7\u00e3o de&nbsp;Regime Especial \u2013 Equipamento SAT<\/a><\/li>\n\n\n\n<li><a href=\"https:\/\/jundiai.sp.gov.br\/financas\/wp-content\/uploads\/sites\/12\/2021\/07\/manual-de-solicitacao-de-restituicao-balcao-web-versao-contribuinte-1-1.pdf\">Manual para Solicita\u00e7\u00e3o de Restitui\u00e7\u00e3o de&nbsp; ISSQN<\/a><\/li>\n\n\n\n<li><a href=\"https:\/\/jundiai.sp.gov.br\/financas\/wp-content\/uploads\/sites\/12\/2021\/10\/manual-de-solicitacao-de-revisao-de-enquadramento-no-balcao-web-versao-contribuinte-1.pdf\">Manual para Solicita\u00e7\u00e3o de Revis\u00e3o de Enquadramento de Atividades&nbsp;<\/a><\/li>\n<\/ul>\n\n\n\n<p><strong>SISTEMA DE EMISS\u00c3O DE NFS-e E ESCRITURA\u00c7\u00c3O ELETR\u00d4NICA<\/strong><\/p>\n\n\n\n<p>Desde o dia 1\u00ba de maio de 2023, Jundia\u00ed passou a contar o novo Sistema GISS Online, relativo \u00e0 escritura\u00e7\u00e3o eletr\u00f4nica dos servi\u00e7os prestados e tomados no \u00e2mbito municipal. A plataforma \u00e9 fruto da fus\u00e3o dos sistemas GISS e GINFES e&nbsp;dever\u00e1 ser acessada&nbsp;pelo endere\u00e7o eletr\u00f4nico&nbsp;<a href=\"https:\/\/jundiai.giss.com.br\/\">https:\/\/jundiai.giss.com.br\/<\/a><\/p>\n\n\n\n<ul class=\"wp-block-list\">\n<li>A emiss\u00e3o de NFS-e ficou dispon\u00edvel na plataforma GINFES at\u00e9 <strong>01\/05\/2023.&nbsp;<\/strong><\/li>\n\n\n\n<li>A escritura\u00e7\u00e3o fiscal, emiss\u00e3o de guias e demais altera\u00e7\u00f5es no&nbsp;Portal GissOnline&nbsp;ficou dispon\u00edvel at\u00e9&nbsp;<strong>30\/5\/2023<\/strong>.<\/li>\n<\/ul>\n\n\n\n<p>Atualmente os acessos aos sistemas Ginfes e Portal GissOnline est\u00e3o dispon\u00edveis apenas para consulta nos seguintes endere\u00e7os <a href=\"https:\/\/jundiai.ginfes.com.br\/\">https:\/\/jundiai.ginfes.com.br\/<\/a> e <a href=\"https:\/\/portal.gissonline.com.br\/\">https:\/\/portal.gissonline.com.br\/<\/a>.&nbsp;<\/p>\n\n\n\n<ul class=\"wp-block-list\">\n<li><a href=\"https:\/\/jundiai.sp.gov.br\/financas\/wp-content\/uploads\/sites\/12\/2024\/04\/como-se-cadastrar-vinculo-de-empresa-_-novo-portal-gissonline.pdf\">Manual de Cadastro e Vinculo na Nova Giss Online<\/a><\/li>\n\n\n\n<li>Demais manuais constam no endere\u00e7o eletr\u00f4nico <a href=\"https:\/\/jundiai.giss.com.br\/\" target=\"_blank\" rel=\"noreferrer noopener\"><strong>jundiai.giss.com.br<\/strong><\/a>, na op\u00e7\u00e3o GissOnline Ajuda.\u00a0<\/li>\n<\/ul>\n","protected":false},"excerpt":{"rendered":"<p>PROCESSO ADMINSTRATIVO TRIBUT\u00c1RIO &#8211; E-PAT: ISSQN SISTEMA DE EMISS\u00c3O DE NFS-e E ESCRITURA\u00c7\u00c3O ELETR\u00d4NICA Desde o dia 1\u00ba de maio de 2023, Jundia\u00ed passou a contar o novo Sistema GISS Online, relativo \u00e0 escritura\u00e7\u00e3o eletr\u00f4nica dos servi\u00e7os prestados e tomados no \u00e2mbito municipal. A plataforma \u00e9 fruto da fus\u00e3o dos sistemas GISS e GINFES e&nbsp;dever\u00e1 [&hellip;]<\/p>\n","protected":false},"author":33,"featured_media":0,"parent":41,"menu_order":0,"comment_status":"closed","ping_status":"closed","template":"","meta":{"footnotes":""},"class_list":["post-3679","page","type-page","status-publish","hentry"],"_links":{"self":[{"href":"https:\/\/jundiai.sp.gov.br\/financas\/wp-json\/wp\/v2\/pages\/3679","targetHints":{"allow":["GET"]}}],"collection":[{"href":"https:\/\/jundiai.sp.gov.br\/financas\/wp-json\/wp\/v2\/pages"}],"about":[{"href":"https:\/\/jundiai.sp.gov.br\/financas\/wp-json\/wp\/v2\/types\/page"}],"author":[{"embeddable":true,"href":"https:\/\/jundiai.sp.gov.br\/financas\/wp-json\/wp\/v2\/users\/33"}],"replies":[{"embeddable":true,"href":"https:\/\/jundiai.sp.gov.br\/financas\/wp-json\/wp\/v2\/comments?post=3679"}],"version-history":[{"count":40,"href":"https:\/\/jundiai.sp.gov.br\/financas\/wp-json\/wp\/v2\/pages\/3679\/revisions"}],"predecessor-version":[{"id":6647,"href":"https:\/\/jundiai.sp.gov.br\/financas\/wp-json\/wp\/v2\/pages\/3679\/revisions\/6647"}],"up":[{"embeddable":true,"href":"https:\/\/jundiai.sp.gov.br\/financas\/wp-json\/wp\/v2\/pages\/41"}],"wp:attachment":[{"href":"https:\/\/jundiai.sp.gov.br\/financas\/wp-json\/wp\/v2\/media?parent=3679"}],"curies":[{"name":"wp","href":"https:\/\/api.w.org\/{rel}","templated":true}]}}