{"id":37,"date":"2014-09-10T12:10:03","date_gmt":"2014-09-10T15:10:03","guid":{"rendered":"https:\/\/jundiai.sp.gov.br\/financas\/?page_id=37"},"modified":"2025-11-07T14:04:47","modified_gmt":"2025-11-07T17:04:47","slug":"formularios","status":"publish","type":"page","link":"https:\/\/jundiai.sp.gov.br\/financas\/formularios\/","title":{"rendered":"Formul\u00e1rios"},"content":{"rendered":"\n<h5 class=\"wp-block-heading\" id=\"fiscalizacao-do-comercio-e-ambulante\">Fiscaliza\u00e7\u00e3o do Com\u00e9rcio e Ambulante&nbsp;<\/h5>\n\n\n\n<div class=\"wp-block-file\"><a id=\"wp-block-file--media-8eeea3b2-d44a-4461-8b62-f178b4097074\" href=\"https:\/\/jundiai.sp.gov.br\/financas\/wp-content\/uploads\/sites\/12\/2023\/10\/formulario-eventos-2023.pdf\" target=\"_blank\" rel=\"noreferrer noopener\">Formul\u00e1rio de Pedido para Autoriza\u00e7\u00e3o em Eventos<\/a><\/div>\n\n\n\n<p><a href=\"https:\/\/jundiai.sp.gov.br\/financas\/wp-content\/uploads\/sites\/12\/2017\/05\/Solicita\u00e7\u00e3o-de-prazo.pdf\">Formul\u00e1rio para Solicita\u00e7\u00e3o de Prazo<\/a><\/p>\n\n\n\n<p><a href=\"https:\/\/jundiai.sp.gov.br\/financas\/wp-content\/uploads\/sites\/12\/2021\/07\/ilovepdf_merged.pdf\">Formul\u00e1rio para Solicita\u00e7\u00e3o de Vistoria para o Com\u00e9rcio Ambulante<\/a><\/p>\n\n\n\n<p><a rel=\"noopener noreferrer\" href=\"https:\/\/jundiai.sp.gov.br\/financas\/wp-content\/uploads\/sites\/12\/2017\/05\/Termo-de-Comparecimento-I.pdf\" target=\"_blank\">Termo de comparecimento para ci\u00eancia de reclama\u00e7\u00f5es da Fiscaliza\u00e7\u00e3o do Com\u00e9rcio<\/a><\/p>\n\n\n\n<div style=\"height:30px\" aria-hidden=\"true\" class=\"wp-block-spacer\"><\/div>\n\n\n\n<h5 class=\"wp-block-heading\" id=\"empresa-e-comercio\">Empresa e Com\u00e9rcio<\/h5>\n\n\n\n<p><a href=\"https:\/\/jundiai.sp.gov.br\/financas\/wp-content\/uploads\/sites\/12\/2021\/08\/cadastro-de-empresa-nao-estabelecida-no-municipio-de-jundiai-2.pdf\">Manual para Cadastro de Empresas n\u00e3o estabelecidas no Munic\u00edpio<\/a><\/p>\n\n\n\n<p><a href=\"https:\/\/jundiai.sp.gov.br\/financas\/wp-content\/uploads\/sites\/12\/2014\/09\/Formul\u00e1rio-para-Vistoria-Pr\u00e9via.pdf\">Formul\u00e1rio para Vistoria Pr\u00e9via<\/a><\/p>\n\n\n\n<p><a href=\"https:\/\/jundiai.sp.gov.br\/financas\/wp-content\/uploads\/sites\/12\/2014\/09\/Requerimento-para-Inscri\u00e7\u00e3o-Altera\u00e7\u00e3o-e-Encerramento-de-Empresas-e-Aut\u00f4nomos.pdf\">Requerimento para Inscri\u00e7\u00e3o, Altera\u00e7\u00e3o e Encerramento de Empresas e Aut\u00f4nomos<\/a><\/p>\n\n\n\n<p><a href=\"https:\/\/jundiai.sp.gov.br\/financas\/wp-content\/uploads\/sites\/12\/2014\/12\/Formul\u00e1rio-para-Pedido-de-Remiss\u00e3o.pdf\">Formul\u00e1rio de Remiss\u00e3o do Contribuinte Mobili\u00e1rio<\/a><\/p>\n\n\n\n<div style=\"height:30px\" aria-hidden=\"true\" class=\"wp-block-spacer\"><\/div>\n\n\n\n<h5 class=\"wp-block-heading\" id=\"imobiliario-iptu-e-taxa-de-coleta-de-lixo\">Imobili\u00e1rio (IPTU e Taxa de Coleta de Lixo)<\/h5>\n\n\n\n<p><a href=\"https:\/\/jundiai.sp.gov.br\/financas\/wp-content\/uploads\/sites\/12\/2021\/01\/form-sol-certidoes-diversas-1.pdf\" target=\"_blank\" rel=\"noopener\">Formul\u00e1rio para Certid\u00f5es Diversas do Cadastro Imobili\u00e1rio<\/a><\/p>\n\n\n\n<p>(Para as seguintes certid\u00f5es: <strong>N\u00famero de Contribuinte, Nominal, Contribuinte Imobili\u00e1rio, Valor Venal e Tributa\u00e7\u00e3o Predial)<\/strong> <\/p>\n\n\n\n<p><a href=\"https:\/\/jundiai.sp.gov.br\/financas\/wp-content\/uploads\/sites\/12\/2025\/02\/formulario-certidao-atualizado-05_02_2025-1-1.pdf\">Formul\u00e1rio para Solicita\u00e7\u00e3o de Certid\u00e3o Negativa de D\u00e9bitos<\/a><\/p>\n\n\n\n<p><a href=\"https:\/\/jundiai.sp.gov.br\/financas\/wp-content\/uploads\/sites\/12\/2023\/06\/form-sol-revisao-iptu_versao_2023-1-2.pdf\" target=\"_blank\" rel=\"noreferrer noopener\">Formul\u00e1rio para Revis\u00e3o do IPTU<\/a><\/p>\n\n\n\n<p><a href=\"https:\/\/jundiai.sp.gov.br\/financas\/wp-content\/uploads\/sites\/12\/2022\/08\/form-sol-imunidade-iptu-1.pdf\" target=\"_blank\" rel=\"noreferrer noopener\">Formul\u00e1rio para Pedido de Imunidade<\/a><\/p>\n\n\n\n<p><a href=\"https:\/\/jundiai.sp.gov.br\/financas\/wp-content\/uploads\/sites\/12\/2023\/05\/form-sol-nao-incidencia-4.pdf\" target=\"_blank\" rel=\"noreferrer noopener\">Formul\u00e1rio para Pedido de N\u00e3o Incid\u00eancia<\/a><\/p>\n\n\n\n<p><a href=\"https:\/\/jundiai.sp.gov.br\/financas\/wp-content\/uploads\/sites\/12\/2021\/01\/form-sol-remissao-1.pdf\" target=\"_blank\" rel=\"noopener\">Formul\u00e1rio para Pedido de Remiss\u00e3o<\/a><\/p>\n\n\n\n<p><a href=\"https:\/\/jundiai.sp.gov.br\/financas\/wp-content\/uploads\/sites\/12\/2025\/04\/requerimento_restituicao_compensacao-2.pdf\">Formul\u00e1rio para Pedido de Restitui\u00e7\u00e3o<\/a><\/p>\n\n\n\n<p><a href=\"https:\/\/jundiai.sp.gov.br\/financas\/wp-content\/uploads\/sites\/12\/2022\/04\/form-sol-isencao-iptu-1.pdf\">Formul\u00e1rio para Pedido de Isen\u00e7\u00e3o de IPTU<\/a><\/p>\n\n\n\n<p><a href=\"https:\/\/jundiai.sp.gov.br\/financas\/wp-content\/uploads\/sites\/12\/2021\/01\/form-sol-cert-confrontantes-1-1.pdf\" target=\"_blank\" rel=\"noopener\">Formul\u00e1rio para Certid\u00e3o de Confrontantes<\/a><\/p>\n\n\n\n<p><a href=\"https:\/\/jundiai.sp.gov.br\/financas\/wp-content\/uploads\/sites\/12\/2025\/11\/form-sol-isencao-tx-lixo-grandes-geradores-1.pdf\">Formul\u00e1rio para Isen\u00e7\u00e3o de Taxa de Lixo (Grandes Geradores)<\/a><\/p>\n\n\n\n<p><a href=\"https:\/\/jundiai.sp.gov.br\/financas\/wp-content\/uploads\/sites\/12\/2020\/03\/form-sol-imagens-2.pdf\">Formul\u00e1rio para Solicita\u00e7\u00e3o de Imagens<\/a><\/p>\n\n\n\n<p><a href=\"https:\/\/jundiai.sp.gov.br\/financas\/wp-content\/uploads\/sites\/12\/2019\/01\/modelo-de-abaixo-assinado.docx\">Modelo de abaixo assinado<\/a><\/p>\n\n\n\n<h3 class=\"wp-block-heading\" id=\"issqn\">ISSQN<\/h3>\n\n\n\n<div class=\"wp-block-group aviso has-background\" style=\"background-color:#eeeeee\"><div class=\"wp-block-group__inner-container is-layout-flow wp-block-group-is-layout-flow\">\n<p><strong>AVISOS<\/strong><\/p>\n\n\n\n<p>Visando assegurar maior transpar\u00eancia, efici\u00eancia e celeridade nos pedidos relacionados ao ISSQN, foi publicado pelo Munic\u00edpio de Jundia\u00ed, o &nbsp;<a href=\"https:\/\/jundiai.sp.gov.br\/financas\/wp-content\/uploads\/sites\/12\/2021\/05\/decreto-29790-2021.pdf\" target=\"_blank\" rel=\"noreferrer noopener\">Decreto n\u00ba 29.790, de 08 de mar\u00e7o de 2021<\/a>&nbsp;o qual instituiu o Processo Administrativo Tribut\u00e1rio (e-PAT), dispon\u00edvel na plataforma do Balc\u00e3o do Empreendedor na Web.<\/p>\n\n\n\n<p>Assim, informamos que os servi\u00e7os abaixo relacionados dever\u00e3o ser realizados de forma eletr\u00f4nica, na plataforma do Balc\u00e3o do Empreendedor na Web \u2013 Processo Administrativo Tribut\u00e1rio e-PAT \u2013 ISSQN,&nbsp; no seguinte endere\u00e7o eletr\u00f4nico: <a href=\"https:\/\/balcaodoempreendedor.jundiai.sp.gov.br\/area-do-empreendedor\/realizar-nova-solicitacao-e-servicos\/\">https:\/\/balcaodoempreendedor.jundiai.sp.gov.br\/area-do-empreendedor\/realizar-nova-solicitacao-e-servicos\/<\/a><br><\/p>\n\n\n\n<ul class=\"lista-espacada\">\n<li><a href=\"https:\/\/jundiai.sp.gov.br\/financas\/wp-content\/uploads\/sites\/12\/2021\/07\/manual-de-solicitacao-de-baixa-cancelamento-de-guia-no-balcao-web-versao-contribuinte-2.pdf\" target=\"_blank\" rel=\"noreferrer noopener\"><strong>Baixa e Cancelamento de Guia \u2013 ISSQN:<\/strong><\/a>&nbsp;para solicita\u00e7\u00e3o de Cancelamento de Guia n\u00e3o inscrita em D\u00edvida Ativa, ou para solicita\u00e7\u00e3o de Baixa de Guia em aberto somente no sistema GISS Online, utilizar o canal Fale Conosco \u2013 Mensagem Eletr\u00f4nica.<br \/><strong>Aviso 1 &#8211;<\/strong><mark class=\"has-inline-color has-vivid-red-color\" style=\"background-color: rgba(0, 0, 0, 0);\"> PARA FINS DE SUSTA\u00c7\u00c3O DE AVISO DE PROTESTO, DEVEM SER PROTOCOLADAS AS SOLICITA\u00c7\u00d5ES DE BAIXA\/CANCELAMENTO DE GUIAS EM AT\u00c9 1 DIA \u00daTIL ANTERIOR \u00c0 DATA DE VENCIMENTO DO T\u00cdTULO DE COBRAN\u00c7A E, UMA VEZ REALIZADA A SOLICITA\u00c7\u00c3O, A MESMA DEVE VIR INSTRU\u00cdDA COM OS DOCUMENTOS COMPROBAT\u00d3RIOS.<\/mark><br \/><strong>Aviso 2 &#8211; <\/strong>&nbsp;<strong>D\u00e9bitos Transferidos:<\/strong> Mediante conv\u00eanio firmado em 04 de novembro de 2014, a Procuradoria Geral da Fazenda Nacional delegou ao Munic\u00edpio de Jundia\u00ed, a inscri\u00e7\u00e3o em D\u00edvida Ativa Municipal e a cobran\u00e7a judicial do ISS apurado no Simples Nacional (Art.41, 3\u00ba da LC 123\/006 e altera\u00e7\u00f5es posteriores).Nos casos de transfer\u00eancia de d\u00e9bitos do Simples Nacional para este munic\u00edpio, estes n\u00e3o estar\u00e3o contemplados no parcelamento de d\u00e9bitos inscritos em D\u00edvida Ativa da Uni\u00e3o (PGFN), devendo o recolhimento do d\u00e9bito ser realizado em guia pr\u00f3pria do Munic\u00edpio, assim como pedidos de parcelamento do ISSQN devem ser solicitados diretamente ao Munic\u00edpio.Att.<\/li>\n<li><a href=\"https:\/\/jundiai.sp.gov.br\/financas\/wp-content\/uploads\/sites\/12\/2022\/05\/manual-de-solicitacao-para-abatimento-de-materiais-da-construcao-civil-2.pdf\"><strong>Manual para Solicita\u00e7\u00e3o de Cadastro para Abatimento de Materiais da Constru\u00e7\u00e3o Civil \u2013 Prestadores N\u00e3o Estabelecidos <\/strong><\/a>Essa solicita\u00e7\u00e3o \u00e9 dirigida ao empreiteiro ou subempreiteiro que deseja optar pelo regime de Abatimento Padr\u00e3o (Receita Presumida) ou Abatimento por NFS-e para apura\u00e7\u00e3o da Base de C\u00e1lculo do ISSQN.<\/li>\n<li><a href=\"https:\/\/jundiai.sp.gov.br\/financas\/wp-content\/uploads\/sites\/12\/2021\/05\/manual-para-solicitacao-de-cancelamento-de-nfs-e-contribuintes.pdf\" target=\"_blank\" rel=\"noreferrer noopener\"><strong>Cancelamento de NFS-e:<\/strong><\/a>&nbsp;para contribuintes que perderam o prazo e n\u00e3o conseguem mais efetuar o cancelamento ou a substitui\u00e7\u00e3o diretamente no sistema de emiss\u00e3o de NFS-e, conforme prazos estabelecidos no <a href=\"https:\/\/jundiai.sp.gov.br\/financas\/wp-content\/uploads\/sites\/12\/2021\/10\/manual-de-solicitacao-de-revisao-de-enquadramento-no-balcao-web-versao-contribuinte-1.pdf\" target=\"_blank\" rel=\"noreferrer noopener\">Decreto n\u00ba 29.648, de 2021<\/a>.<\/li>\n<li><a href=\"https:\/\/jundiai.sp.gov.br\/financas\/wp-content\/uploads\/sites\/12\/2021\/07\/manual-de-solicitacao-de-compensacao-balcao-web-versao-contribuinte-1-1.pdf\" target=\"_blank\" rel=\"noreferrer noopener\"><strong>Compensa\u00e7\u00e3o \u2013 ISSQN:<\/strong><\/a><strong>&nbsp;<\/strong>para os casos de recolhimento a maior\/indevido do ISSQN em guia pr\u00f3pria do Munic\u00edpio a ser compensado com lan\u00e7amentos futuros.<\/li>\n<li><a href=\"https:\/\/jundiai.sp.gov.br\/financas\/wp-content\/uploads\/sites\/12\/2021\/07\/manual-de-solicitacao-de-confissao-de-debitos-no-balcao-web-versao-contribuinte.pdf\" target=\"_blank\" rel=\"noreferrer noopener\"><strong>Confiss\u00e3o de D\u00e9bitos \u2013 ISSQN<\/strong><\/a><\/li>\n<li><a href=\"https:\/\/jundiai.sp.gov.br\/financas\/wp-content\/uploads\/sites\/12\/2021\/07\/manual-de-solicitacao-de-consulta-tributaria-balcao-web-versao-contribuinte-1.pdf\" target=\"_blank\" rel=\"noreferrer noopener\"><strong>Consulta Tribut\u00e1ria \u2013 ISSQN:<\/strong><\/a>&nbsp;para protocolo de d\u00favidas referentes \u00e0 aplica\u00e7\u00e3o da legisla\u00e7\u00e3o tribut\u00e1ria no que tange ao Imposto sobre Servi\u00e7os de Qualquer Natureza \u2013 ISSQN, conforme o disposto no Cap\u00edtulo VI da&nbsp;<a href=\"https:\/\/jundiai.sp.gov.br\/financas\/wp-content\/uploads\/sites\/12\/2020\/01\/lc-460-de-2008-alterada-ate-lc-594-de-2019-1.pdf\" target=\"_blank\" rel=\"noreferrer noopener\">Lei Complementar n\u00ba 460, de 2008.<\/a><\/li>\n<li><a href=\"https:\/\/jundiai.sp.gov.br\/financas\/wp-content\/uploads\/sites\/12\/2021\/10\/manual-de-solicitacao-de-enquadramento-no-issqn-semestral-no-balcao-web-versao-contribuinte.pdf\" target=\"_blank\" rel=\"noreferrer noopener\"><strong>Enquadramento no ISSQN Semestral<\/strong><\/a><\/li>\n<li><a href=\"https:\/\/jundiai.sp.gov.br\/financas\/wp-content\/uploads\/sites\/12\/2021\/07\/manual-de-solicitacao-de-impugnacao-no-balcao-web-versao-contribuinte.pdf\" target=\"_blank\" rel=\"noreferrer noopener\"><strong>Impugna\u00e7\u00e3o \u2013 ISSQN:<\/strong><\/a>&nbsp;Exceto as referentes aos processos de constru\u00e7\u00e3o e regulariza\u00e7\u00e3o de obras.<\/li>\n<li><a href=\"https:\/\/jundiai.sp.gov.br\/financas\/wp-content\/uploads\/sites\/12\/2022\/02\/manual-para-solicitacao-de-imunidade.pdf\"><strong>Imunidade<\/strong><\/a><\/li>\n<li><a href=\"https:\/\/jundiai.sp.gov.br\/financas\/wp-content\/uploads\/sites\/12\/2021\/08\/manual-de-solicitacao-de-inclusao-de-atividade-provisoria-no-balcao-web-versao-contribuinte.pdf\" target=\"_blank\" rel=\"noreferrer noopener\"><strong>Inclus\u00e3o de Atividade Provis\u00f3ria:<\/strong><\/a>&nbsp;para os casos de contribuintes que j\u00e1 possuem Inscri\u00e7\u00e3o Municipal, mas se encontram em processo de regulariza\u00e7\u00e3o para inclus\u00e3o de nova atividade e necessitam emitir um volume consider\u00e1vel de NFS-e.<\/li>\n<li><a href=\"https:\/\/jundiai.sp.gov.br\/financas\/wp-content\/uploads\/sites\/12\/2021\/07\/manual-nfs-e-avulsa-contribuintes-2-1.pdf\" target=\"_blank\" rel=\"noreferrer noopener\"><strong>Nota Fiscal de Servi\u00e7os Avulsa:<\/strong><\/a>&nbsp;para contribuintes que se encontrem com pedido de Inscri\u00e7\u00e3o Municipal em andamento ou com processo de inclus\u00e3o de novas atividades em seu Cadastro Fiscal Mobili\u00e1rio.<\/li>\n<li><a href=\"https:\/\/jundiai.sp.gov.br\/financas\/wp-content\/uploads\/sites\/12\/2021\/07\/manual-de-solicitacao-de-recurso-no-balcao-web-versao-contribuinte.pdf\" target=\"_blank\" rel=\"noreferrer noopener\"><strong>Recurso \u2013 ISSQN:<\/strong><\/a>&nbsp;Exceto as referentes aos processos de constru\u00e7\u00e3o e regulariza\u00e7\u00e3o de obras.<\/li>\n<li><a href=\"https:\/\/jundiai.sp.gov.br\/financas\/issqn\/manuais\/\"><strong>Regime Especial: Para Emiss\u00e3o de NFS-e<\/strong><\/a><\/li>\n<li><a href=\"https:\/\/jundiai.sp.gov.br\/financas\/wp-content\/uploads\/sites\/12\/2021\/07\/manual-de-solicitacao-de-restituicao-balcao-web-versao-contribuinte-1-1.pdf\" target=\"_blank\" rel=\"noreferrer noopener\"><strong>Restitui\u00e7\u00e3o \u2013 ISSQN<\/strong><\/a><\/li>\n<li><a href=\"https:\/\/jundiai.sp.gov.br\/financas\/wp-content\/uploads\/sites\/12\/2021\/10\/manual-de-solicitacao-de-revisao-de-enquadramento-no-balcao-web-versao-contribuinte-1.pdf\" target=\"_blank\" rel=\"noreferrer noopener\"><strong>Revis\u00e3o de Enquadramento de Atividades<\/strong><\/a><\/li>\n<\/ul>\n\n\n\n<p>Acesse&nbsp;<a href=\"https:\/\/jundiai.sp.gov.br\/financas\/issqn\/manuais\/\">https:\/\/jundiai.sp.gov.br\/financas\/issqn\/manuais\/<\/a>&nbsp;para visualizar os Manuais e demais  informa\u00e7\u00f5es sobre os novos procedimentos.<\/p>\n<\/div><\/div>\n\n\n\n<p>Os demais servi\u00e7os continuam sendo solicitados por meio dos formul\u00e1rios abaixo e dever\u00e3o ser encaminhados no seguinte endere\u00e7o:&nbsp;<a href=\"mailto:dft@jundiai.sp.gov.br\"><strong>dft@jundiai.sp.gov.br<\/strong><\/a><strong>.<\/strong><\/p>\n\n\n\n<p>Obs.: Anexar ao e-mail o formul\u00e1rio devidamente preenchido e assinado, al\u00e9m dos documentos obrigat\u00f3rios, conforme o caso.<\/p>\n\n\n\n<p>Em caso de d\u00favida, favor entrar em contato com o DFT pelos telefones (11) 4589-8970\/8572.<\/p>\n\n\n\n<p><a href=\"https:\/\/jundiai.sp.gov.br\/financas\/wp-content\/uploads\/sites\/12\/2020\/04\/pedido-geral-2020.pdf\" target=\"_blank\" rel=\"noopener\">Pedido Geral<\/a><\/p>\n\n\n\n<p><a rel=\"noopener\" href=\"https:\/\/jundiai.sp.gov.br\/financas\/wp-content\/uploads\/sites\/12\/2020\/04\/comunicado-de-extravio-de-documentos-fiscais-2020-1.pdf\" target=\"_blank\">Comunicado de Extravio de Documentos Fiscais<\/a><\/p>\n\n\n\n<p><a href=\"https:\/\/jundiai.sp.gov.br\/financas\/wp-content\/uploads\/sites\/12\/2020\/04\/requerimento-para-revisao-do-regime-de-estimativa-2020-1.pdf\" target=\"_blank\" rel=\"noreferrer noopener\">Requerimento para Revis\u00e3o do Regime de Estimativa<\/a><\/p>\n\n\n\n<p><a href=\"https:\/\/jundiai.sp.gov.br\/financas\/wp-content\/uploads\/sites\/12\/2020\/04\/declaracao-de-obra-por-regime-de-mutirao-para-efeito-de-iss-construcao-civil-2020.pdf\" target=\"_blank\" rel=\"noopener\">Declara\u00e7\u00e3o de obra por Regime de Mutir\u00e3o, para Efeito de ISS Constru\u00e7\u00e3o Civil<\/a><\/p>\n\n\n\n<p><a href=\"https:\/\/jundiai.sp.gov.br\/financas\/wp-content\/uploads\/sites\/12\/2020\/04\/declaracao-para-efeito-de-iss-construcao-civil-2020.pdf\" target=\"_blank\" rel=\"noopener\">Declara\u00e7\u00e3o para efeito de ISS \u2013 Constru\u00e7\u00e3o Civil<\/a><\/p>\n\n\n\n<p><a rel=\"noopener\" href=\"https:\/\/jundiai.sp.gov.br\/financas\/wp-content\/uploads\/sites\/12\/2020\/04\/demonstrativo-de-despesas-operacionais-2020.pdf\" target=\"_blank\">Demonstrativo de Despesas Operacionais<\/a><\/p>\n\n\n\n<div style=\"height:30px\" aria-hidden=\"true\" class=\"wp-block-spacer\"><\/div>\n\n\n\n<p><strong>Declara\u00e7\u00e3o de Propriet\u00e1rio da Obra \u2013 DPO<\/strong><\/p>\n\n\n\n<p><a rel=\"noreferrer noopener\" href=\"https:\/\/jundiai.sp.gov.br\/financas\/wp-content\/uploads\/sites\/12\/2020\/04\/formulario-de-declaracao-de-proprietario-da-obra-dpo-2020.pdf\" target=\"_blank\">Formul\u00e1rio de Declara\u00e7\u00e3o de Propriet\u00e1rio da Obra \u2013 DPO<\/a><\/p>\n\n\n\n<p><a href=\"https:\/\/jundiai.sp.gov.br\/financas\/wp-content\/uploads\/sites\/12\/2020\/04\/anexo-dpo-2020.pdf\" target=\"_blank\" rel=\"noopener\">Anexo \u2013 DPO<\/a><\/p>\n\n\n\n<p><a href=\"https:\/\/jundiai.sp.gov.br\/financas\/wp-content\/uploads\/sites\/12\/2020\/04\/instrucoes-dpo-2020-8.pdf\" target=\"_blank\" rel=\"noopener\">Instru\u00e7\u00f5es \u2013 DPO<\/a><\/p>\n\n\n\n<p><strong>ITBI<\/strong><\/p>\n\n\n\n<p><a href=\"https:\/\/jundiai.sp.gov.br\/financas\/wp-content\/uploads\/sites\/12\/2016\/06\/Requerimento-de-ITBI-06.2016.pdf\" target=\"_blank\" rel=\"noopener noreferrer\">Requerimento de ITBI<\/a><\/p>\n\n\n\n<p><a rel=\"noopener noreferrer\" href=\"https:\/\/jundiai.sp.gov.br\/financas\/wp-content\/uploads\/sites\/12\/2016\/06\/Requerimento-de-Certid\u00e3o-de-Quita\u00e7\u00e3o-06.2016.pdf\" target=\"_blank\">Requerimento de Certid\u00e3o de Quita\u00e7\u00e3o de ITBI<\/a> <\/p>\n\n\n\n<p><a href=\"https:\/\/jundiai.sp.gov.br\/financas\/wp-content\/uploads\/sites\/12\/2023\/04\/requerimento-restituicao-compensacao-v-21-1-7.pdf\" target=\"_blank\" rel=\"noreferrer noopener\">Requerimento de Restitui\u00e7\u00e3o de ITBI<\/a><\/p>\n\n\n\n<p><a href=\"https:\/\/jundiai.sp.gov.br\/financas\/wp-content\/uploads\/sites\/12\/2016\/06\/Requerimento-de-Imunidade-Isen\u00e7\u00e3o-e-N\u00e3o-Incid\u00eancia-06.2016-1.pdf\" target=\"_blank\" rel=\"noopener noreferrer\">Requerimento de Imunidade, Isen\u00e7\u00e3o ou N\u00e3o Incid\u00eancia do ITBI<\/a><\/p>\n\n\n\n<p><a href=\"https:\/\/jundiai.sp.gov.br\/financas\/wp-content\/uploads\/sites\/12\/2025\/02\/ficha-cadastral-itbi-online-1.pdf\" target=\"_blank\" rel=\"noreferrer noopener\">Ficha Cadastral para Cart\u00f3rios<\/a><\/p>\n\n\n\n<div class=\"wp-block-group aviso has-background\" style=\"background-color:#eeeeee\"><div class=\"wp-block-group__inner-container is-layout-flow wp-block-group-is-layout-flow\">\n<p><strong>Aten\u00e7\u00e3o:<\/strong>&nbsp;a Ficha Cadastral deve ser impressa em papel timbrado do Cart\u00f3rio. Encaminhar:<\/p>\n\n\n\n<ul class=\"wp-block-list lista-espacada\">\n<li>a via original para a Prefeitura de Jundia\u00ed, Divis\u00e3o de ITBI, na avenida da Liberdade, s\/n\u00ba, Mezanino, Ala Sul, Pa\u00e7o Municipal, Jardim Bot\u00e2nico, Jundia\u00ed, SP, CEP 13214-015;<\/li>\n\n\n\n<li>uma c\u00f3pia digitalizada para&nbsp;<a href=\"mailto:itbi@jundiai.sp.gov.br\">itbi@jundiai.sp.gov.br<\/a>;<\/li>\n<\/ul>\n\n\n\n<p>S\u00f3 ser\u00e1 cadastrado para acesso ao ITBI online o usu\u00e1rio relacionado nesta ficha com seu respectivo CPF e e-mail.<\/p>\n<\/div><\/div>\n","protected":false},"excerpt":{"rendered":"<p>Fiscaliza\u00e7\u00e3o do Com\u00e9rcio e Ambulante&nbsp; Formul\u00e1rio para Solicita\u00e7\u00e3o de Prazo Formul\u00e1rio para Solicita\u00e7\u00e3o de Vistoria para o Com\u00e9rcio Ambulante Termo de comparecimento para ci\u00eancia de reclama\u00e7\u00f5es da Fiscaliza\u00e7\u00e3o do Com\u00e9rcio Empresa e Com\u00e9rcio Manual para Cadastro de Empresas n\u00e3o estabelecidas no Munic\u00edpio Formul\u00e1rio para Vistoria Pr\u00e9via Requerimento para Inscri\u00e7\u00e3o, Altera\u00e7\u00e3o e Encerramento de Empresas e [&hellip;]<\/p>\n","protected":false},"author":5,"featured_media":0,"parent":0,"menu_order":0,"comment_status":"closed","ping_status":"closed","template":"","meta":{"footnotes":""},"class_list":["post-37","page","type-page","status-publish","hentry"],"_links":{"self":[{"href":"https:\/\/jundiai.sp.gov.br\/financas\/wp-json\/wp\/v2\/pages\/37","targetHints":{"allow":["GET"]}}],"collection":[{"href":"https:\/\/jundiai.sp.gov.br\/financas\/wp-json\/wp\/v2\/pages"}],"about":[{"href":"https:\/\/jundiai.sp.gov.br\/financas\/wp-json\/wp\/v2\/types\/page"}],"author":[{"embeddable":true,"href":"https:\/\/jundiai.sp.gov.br\/financas\/wp-json\/wp\/v2\/users\/5"}],"replies":[{"embeddable":true,"href":"https:\/\/jundiai.sp.gov.br\/financas\/wp-json\/wp\/v2\/comments?post=37"}],"version-history":[{"count":276,"href":"https:\/\/jundiai.sp.gov.br\/financas\/wp-json\/wp\/v2\/pages\/37\/revisions"}],"predecessor-version":[{"id":7250,"href":"https:\/\/jundiai.sp.gov.br\/financas\/wp-json\/wp\/v2\/pages\/37\/revisions\/7250"}],"wp:attachment":[{"href":"https:\/\/jundiai.sp.gov.br\/financas\/wp-json\/wp\/v2\/media?parent=37"}],"curies":[{"name":"wp","href":"https:\/\/api.w.org\/{rel}","templated":true}]}}