{"id":3708,"date":"2018-03-23T15:09:38","date_gmt":"2018-03-23T18:09:38","guid":{"rendered":"https:\/\/jundiai.sp.gov.br\/financas\/?page_id=3708"},"modified":"2018-04-03T11:44:18","modified_gmt":"2018-04-03T14:44:18","slug":"solidariedade-tributaria","status":"publish","type":"page","link":"https:\/\/jundiai.sp.gov.br\/financas\/issqn\/retencao-na-fonte\/solidariedade-tributaria\/","title":{"rendered":"Solidariedade Tribut\u00e1ria"},"content":{"rendered":"<p>Segundo o Art. 164 da <a href=\"https:\/\/jundiai.sp.gov.br\/financas\/wp-content\/uploads\/sites\/12\/2017\/10\/codigo-tributario-em-pdf-atualizado-ate-lc-580-2017.pdf\">Lei Complementar n\u00b0 460\/2008<\/a> \u2013 Inserir Link, s\u00e3o solid\u00e1rios ao pagamento do imposto, inclusive quando imunes ou isentos:<\/p>\n<ul>\n<li>O contribuinte, o empreiteiro da obra, o propriet\u00e1rio do im\u00f3vel, o dono da obra, o incorporador, o cond\u00f4mino de unidade imobili\u00e1ria, pessoa jur\u00eddica ou f\u00edsica, quanto aos servi\u00e7os previstos nos subitens 7.02, 7.04 e 7.05, do <a href=\"https:\/\/jundiai.sp.gov.br\/financas\/wp-content\/uploads\/sites\/12\/2017\/10\/anexo-i-1.pdf\">Anexo I<\/a> da Lei Complementar n\u00b0 460\/2008, prestados sem a documenta\u00e7\u00e3o fiscal correspondente ou sem a prova do pagamento do imposto;<\/li>\n<li>O propriet\u00e1rio do estabelecimento em que estiverem instalados os equipamentos e o dono destes \u00faltimos quanto aos servi\u00e7os descritos nos subitens 12.05, 12.09, 12.12, 12.14 e 12.17 do <a href=\"https:\/\/jundiai.sp.gov.br\/financas\/wp-content\/uploads\/sites\/12\/2017\/10\/anexo-i-1.pdf\">Anexo I<\/a> da Lei Complementar n\u00b0 460\/2008;<\/li>\n<li>As institui\u00e7\u00f5es financeiras estabelecidas neste Munic\u00edpio, na qualidade de Banco de Domic\u00edlio, pelo imposto devido pelas Empresas que gerenciam o sistema de meios de pagamento com cart\u00f5es de cr\u00e9dito, d\u00e9bito e cong\u00eaneres descritos no subitem 15.01.03 do <a href=\"https:\/\/jundiai.sp.gov.br\/financas\/wp-content\/uploads\/sites\/12\/2017\/10\/anexo-i-1.pdf\">Anexo I<\/a> da Lei Complementar n\u00ba 460\/2008;<\/li>\n<li>A solidariedade acima refere-se ao servi\u00e7o prestado pelas empresas que gerenciam o sistema de meios de pagamento com cart\u00f5es de cr\u00e9dito, d\u00e9bito e cong\u00eaneres, que se utilizam de ag\u00eancia banc\u00e1ria local para veicular, operacionalizar e controlar os contratos de afilia\u00e7\u00e3o junto aos estabelecimentos cadastrados neste munic\u00edpio.<\/li>\n<li>A solidariedade prevista n\u00e3o comporta benef\u00edcio de ordem, ficando a crit\u00e9rio de a Fazenda Municipal exigir o pagamento do imposto ao que melhor lhe convier;<\/li>\n<li>O pagamento por um dos obrigados, aproveita aos demais.<\/li>\n<\/ul>\n","protected":false},"excerpt":{"rendered":"<p>Segundo o Art. 164 da Lei Complementar n\u00b0 460\/2008 \u2013 Inserir Link, s\u00e3o solid\u00e1rios ao pagamento do imposto, inclusive quando imunes ou isentos: O contribuinte, o empreiteiro da obra, o propriet\u00e1rio do im\u00f3vel, o dono da obra, o incorporador, o cond\u00f4mino de unidade imobili\u00e1ria, pessoa jur\u00eddica ou f\u00edsica, quanto aos servi\u00e7os previstos nos subitens 7.02, [&hellip;]<\/p>\n","protected":false},"author":33,"featured_media":0,"parent":712,"menu_order":0,"comment_status":"closed","ping_status":"closed","template":"page-subpaginas.php","meta":{"footnotes":""},"class_list":["post-3708","page","type-page","status-publish","hentry"],"_links":{"self":[{"href":"https:\/\/jundiai.sp.gov.br\/financas\/wp-json\/wp\/v2\/pages\/3708","targetHints":{"allow":["GET"]}}],"collection":[{"href":"https:\/\/jundiai.sp.gov.br\/financas\/wp-json\/wp\/v2\/pages"}],"about":[{"href":"https:\/\/jundiai.sp.gov.br\/financas\/wp-json\/wp\/v2\/types\/page"}],"author":[{"embeddable":true,"href":"https:\/\/jundiai.sp.gov.br\/financas\/wp-json\/wp\/v2\/users\/33"}],"replies":[{"embeddable":true,"href":"https:\/\/jundiai.sp.gov.br\/financas\/wp-json\/wp\/v2\/comments?post=3708"}],"version-history":[{"count":3,"href":"https:\/\/jundiai.sp.gov.br\/financas\/wp-json\/wp\/v2\/pages\/3708\/revisions"}],"predecessor-version":[{"id":3741,"href":"https:\/\/jundiai.sp.gov.br\/financas\/wp-json\/wp\/v2\/pages\/3708\/revisions\/3741"}],"up":[{"embeddable":true,"href":"https:\/\/jundiai.sp.gov.br\/financas\/wp-json\/wp\/v2\/pages\/712"}],"wp:attachment":[{"href":"https:\/\/jundiai.sp.gov.br\/financas\/wp-json\/wp\/v2\/media?parent=3708"}],"curies":[{"name":"wp","href":"https:\/\/api.w.org\/{rel}","templated":true}]}}