{"id":3712,"date":"2018-03-23T15:10:48","date_gmt":"2018-03-23T18:10:48","guid":{"rendered":"https:\/\/jundiai.sp.gov.br\/financas\/?page_id=3712"},"modified":"2018-04-03T11:45:09","modified_gmt":"2018-04-03T14:45:09","slug":"substituicao-tributaria","status":"publish","type":"page","link":"https:\/\/jundiai.sp.gov.br\/financas\/issqn\/retencao-na-fonte\/substituicao-tributaria\/","title":{"rendered":"Substitui\u00e7\u00e3o Tribut\u00e1ria"},"content":{"rendered":"<p>De acordo com o Art. 165 da <a href=\"https:\/\/jundiai.sp.gov.br\/financas\/wp-content\/uploads\/sites\/12\/2017\/10\/codigo-tributario-em-pdf-atualizado-ate-lc-580-2017.pdf\">Lei Complementar n\u00b0 460\/2008<\/a>, s\u00e3o respons\u00e1veis por substitui\u00e7\u00e3o ao contribuinte os tomadores ou intermedi\u00e1rios de servi\u00e7os provenientes do exterior do pa\u00eds ou cuja presta\u00e7\u00e3o se tenha iniciado no exterior do pa\u00eds.<\/p>\n<p>Os respons\u00e1veis por substitui\u00e7\u00e3o tribut\u00e1ria est\u00e3o obrigados ao recolhimento integral do imposto devido, inclusive \u00e0s penalidades e aos acr\u00e9scimos legais, al\u00e9m do cumprimento das obriga\u00e7\u00f5es acess\u00f3rias estabelecidas em regulamento.<\/p>\n<p>A legitimidade para requerer restitui\u00e7\u00f5es de ind\u00e9bitos, na hip\u00f3tese de recolhimento maior do que o devido, recolhidas \u00e0 Fazenda Municipal, pertence, exclusivamente, ao substituto tribut\u00e1rio que efetuou o recolhimento.<\/p>\n","protected":false},"excerpt":{"rendered":"<p>De acordo com o Art. 165 da Lei Complementar n\u00b0 460\/2008, s\u00e3o respons\u00e1veis por substitui\u00e7\u00e3o ao contribuinte os tomadores ou intermedi\u00e1rios de servi\u00e7os provenientes do exterior do pa\u00eds ou cuja presta\u00e7\u00e3o se tenha iniciado no exterior do pa\u00eds. Os respons\u00e1veis por substitui\u00e7\u00e3o tribut\u00e1ria est\u00e3o obrigados ao recolhimento integral do imposto devido, inclusive \u00e0s penalidades e [&hellip;]<\/p>\n","protected":false},"author":33,"featured_media":0,"parent":712,"menu_order":0,"comment_status":"closed","ping_status":"closed","template":"page-subpaginas.php","meta":{"footnotes":""},"class_list":["post-3712","page","type-page","status-publish","hentry"],"_links":{"self":[{"href":"https:\/\/jundiai.sp.gov.br\/financas\/wp-json\/wp\/v2\/pages\/3712","targetHints":{"allow":["GET"]}}],"collection":[{"href":"https:\/\/jundiai.sp.gov.br\/financas\/wp-json\/wp\/v2\/pages"}],"about":[{"href":"https:\/\/jundiai.sp.gov.br\/financas\/wp-json\/wp\/v2\/types\/page"}],"author":[{"embeddable":true,"href":"https:\/\/jundiai.sp.gov.br\/financas\/wp-json\/wp\/v2\/users\/33"}],"replies":[{"embeddable":true,"href":"https:\/\/jundiai.sp.gov.br\/financas\/wp-json\/wp\/v2\/comments?post=3712"}],"version-history":[{"count":2,"href":"https:\/\/jundiai.sp.gov.br\/financas\/wp-json\/wp\/v2\/pages\/3712\/revisions"}],"predecessor-version":[{"id":3742,"href":"https:\/\/jundiai.sp.gov.br\/financas\/wp-json\/wp\/v2\/pages\/3712\/revisions\/3742"}],"up":[{"embeddable":true,"href":"https:\/\/jundiai.sp.gov.br\/financas\/wp-json\/wp\/v2\/pages\/712"}],"wp:attachment":[{"href":"https:\/\/jundiai.sp.gov.br\/financas\/wp-json\/wp\/v2\/media?parent=3712"}],"curies":[{"name":"wp","href":"https:\/\/api.w.org\/{rel}","templated":true}]}}