{"id":3792,"date":"2018-10-16T17:06:15","date_gmt":"2018-10-16T20:06:15","guid":{"rendered":"https:\/\/jundiai.sp.gov.br\/financas\/?page_id=3792"},"modified":"2023-01-27T13:41:54","modified_gmt":"2023-01-27T16:41:54","slug":"iptu-atualizacoes-pagamentos-e-restituicoes","status":"publish","type":"page","link":"https:\/\/jundiai.sp.gov.br\/financas\/iptu-atualizacoes-pagamentos-e-restituicoes\/","title":{"rendered":"IPTU \u2013 Atualiza\u00e7\u00f5es, Pagamentos e Restitui\u00e7\u00f5es"},"content":{"rendered":"<ul>\n<li><strong><a href=\"https:\/\/jundiai.sp.gov.br\/financas\/iptu-e-taxa-de-coleta-de-lixo\/pagamento-como-pagar-a-2a-via-do-iptu\/\">Pagamentos e Restitui\u00e7\u00f5es<\/a> <\/strong><\/li>\n<li><strong><a href=\"https:\/\/jundiai.sp.gov.br\/financas\/iptu-e-taxa-de-coleta-de-lixo\/o-que-e-iptu\/\">Defini\u00e7\u00e3o e c\u00e1lculo (IPTU e Taxa de Coleta de Lixo) <\/a><\/strong><\/li>\n<li><strong><a href=\"https:\/\/jundiai.sp.gov.br\/financas\/iptu-e-taxa-de-coleta-de-lixo\/carne-do-iptu-e-entrega\/\">Conhe\u00e7a seu carn\u00ea<\/a><\/strong><strong>\u00a0<\/strong><\/li>\n<li><strong><a href=\"https:\/\/jundiai.sp.gov.br\/financas\/iptu-e-taxa-de-coleta-de-lixo\/atualizacoes-no-cadastro-do-iptu\/\">Atualiza\u00e7\u00f5es no cadastro (Propriet\u00e1rio, endere\u00e7o de correspond\u00eancia, revis\u00f5es nos lan\u00e7amentos e desdobros)<\/a>\u00a0<\/strong><\/li>\n<li><strong><a href=\"https:\/\/jundiai.sp.gov.br\/servicos-online\/lancamento-eletronico-do-iptu\/\">IPTU e Taxa de Coleta de Lixo por e-mail<\/a>\u00a0<\/strong><\/li>\n<li><a href=\"https:\/\/jundiai.sp.gov.br\/financas\/informativo-iptu-2021\/\" target=\"_blank\" rel=\"noopener\"><strong>Informativo IPTU 2023<\/strong><\/a><\/li>\n<\/ul>\n\n\n<p><\/p>\n","protected":false},"excerpt":{"rendered":"<p>Pagamentos e Restitui\u00e7\u00f5es Defini\u00e7\u00e3o e c\u00e1lculo (IPTU e Taxa de Coleta de Lixo) Conhe\u00e7a seu carn\u00ea\u00a0 Atualiza\u00e7\u00f5es no cadastro (Propriet\u00e1rio, endere\u00e7o de correspond\u00eancia, revis\u00f5es nos lan\u00e7amentos e desdobros)\u00a0 IPTU e Taxa de Coleta de Lixo por e-mail\u00a0 Informativo IPTU 2023<\/p>\n","protected":false},"author":37,"featured_media":0,"parent":0,"menu_order":1,"comment_status":"closed","ping_status":"closed","template":"","meta":{"footnotes":""},"class_list":["post-3792","page","type-page","status-publish","hentry"],"_links":{"self":[{"href":"https:\/\/jundiai.sp.gov.br\/financas\/wp-json\/wp\/v2\/pages\/3792","targetHints":{"allow":["GET"]}}],"collection":[{"href":"https:\/\/jundiai.sp.gov.br\/financas\/wp-json\/wp\/v2\/pages"}],"about":[{"href":"https:\/\/jundiai.sp.gov.br\/financas\/wp-json\/wp\/v2\/types\/page"}],"author":[{"embeddable":true,"href":"https:\/\/jundiai.sp.gov.br\/financas\/wp-json\/wp\/v2\/users\/37"}],"replies":[{"embeddable":true,"href":"https:\/\/jundiai.sp.gov.br\/financas\/wp-json\/wp\/v2\/comments?post=3792"}],"version-history":[{"count":13,"href":"https:\/\/jundiai.sp.gov.br\/financas\/wp-json\/wp\/v2\/pages\/3792\/revisions"}],"predecessor-version":[{"id":5844,"href":"https:\/\/jundiai.sp.gov.br\/financas\/wp-json\/wp\/v2\/pages\/3792\/revisions\/5844"}],"wp:attachment":[{"href":"https:\/\/jundiai.sp.gov.br\/financas\/wp-json\/wp\/v2\/media?parent=3792"}],"curies":[{"name":"wp","href":"https:\/\/api.w.org\/{rel}","templated":true}]}}