{"id":3796,"date":"2018-10-16T17:14:01","date_gmt":"2018-10-16T20:14:01","guid":{"rendered":"https:\/\/jundiai.sp.gov.br\/financas\/?page_id=3796"},"modified":"2018-10-16T17:16:04","modified_gmt":"2018-10-16T20:16:04","slug":"certidoes-emissao-e-autenticidade","status":"publish","type":"page","link":"https:\/\/jundiai.sp.gov.br\/financas\/certidoes-emissao-e-autenticidade\/","title":{"rendered":"CERTID\u00d5ES \u2013 Emiss\u00e3o e autenticidade"},"content":{"rendered":"<p>Certid\u00e3o \u00e9 uma c\u00f3pia fiel e autenticada de atos ou fatos constantes dos registros das reparti\u00e7\u00f5es p\u00fablicas e deve expressar fielmente o conte\u00fado de onde foram extra\u00eddos. As certid\u00f5es administrativas, desde que autenticadas, t\u00eam o mesmo valor probante do original.\u00a0O direito a sua obten\u00e7\u00e3o est\u00e1 previsto na Constitui\u00e7\u00e3o Federal e visa garantir a Publicidade na Administra\u00e7\u00e3o P\u00fablica e favorecer aos interessados diretos.<\/p>\n<p>Veja mais informa\u00e7\u00f5es abaixo:<\/p>\n<ul>\n<li><a href=\"https:\/\/jundiai.sp.gov.br\/financas\/iptu-e-taxa-de-coleta-de-lixo\/certidoes\/certidoes-disponiveis\/\">Certid\u00f5es Dispon\u00edveis<\/a><\/li>\n<li><a href=\"https:\/\/jundiai.sp.gov.br\/financas\/iptu-e-taxa-de-coleta-de-lixo\/certidoes\/como-obter-sua-certidao\/\">Como obter sua certid\u00e3o<\/a><\/li>\n<li><a href=\"https:\/\/jundiai.sp.gov.br\/servicos-online\/autenticidade-de-certidoes\/\">Autenticar certid\u00f5es emitidas on line<\/a><\/li>\n<\/ul>\n","protected":false},"excerpt":{"rendered":"<p>Certid\u00e3o \u00e9 uma c\u00f3pia fiel e autenticada de atos ou fatos constantes dos registros das reparti\u00e7\u00f5es p\u00fablicas e deve expressar fielmente o conte\u00fado de onde foram extra\u00eddos. As certid\u00f5es administrativas, desde que autenticadas, t\u00eam o mesmo valor probante do original.\u00a0O direito a sua obten\u00e7\u00e3o est\u00e1 previsto na Constitui\u00e7\u00e3o Federal e visa garantir a Publicidade na [&hellip;]<\/p>\n","protected":false},"author":37,"featured_media":0,"parent":0,"menu_order":2,"comment_status":"closed","ping_status":"closed","template":"","meta":{"footnotes":""},"class_list":["post-3796","page","type-page","status-publish","hentry"],"_links":{"self":[{"href":"https:\/\/jundiai.sp.gov.br\/financas\/wp-json\/wp\/v2\/pages\/3796","targetHints":{"allow":["GET"]}}],"collection":[{"href":"https:\/\/jundiai.sp.gov.br\/financas\/wp-json\/wp\/v2\/pages"}],"about":[{"href":"https:\/\/jundiai.sp.gov.br\/financas\/wp-json\/wp\/v2\/types\/page"}],"author":[{"embeddable":true,"href":"https:\/\/jundiai.sp.gov.br\/financas\/wp-json\/wp\/v2\/users\/37"}],"replies":[{"embeddable":true,"href":"https:\/\/jundiai.sp.gov.br\/financas\/wp-json\/wp\/v2\/comments?post=3796"}],"version-history":[{"count":2,"href":"https:\/\/jundiai.sp.gov.br\/financas\/wp-json\/wp\/v2\/pages\/3796\/revisions"}],"predecessor-version":[{"id":3798,"href":"https:\/\/jundiai.sp.gov.br\/financas\/wp-json\/wp\/v2\/pages\/3796\/revisions\/3798"}],"wp:attachment":[{"href":"https:\/\/jundiai.sp.gov.br\/financas\/wp-json\/wp\/v2\/media?parent=3796"}],"curies":[{"name":"wp","href":"https:\/\/api.w.org\/{rel}","templated":true}]}}