{"id":3799,"date":"2018-10-16T17:17:18","date_gmt":"2018-10-16T20:17:18","guid":{"rendered":"https:\/\/jundiai.sp.gov.br\/financas\/?page_id=3799"},"modified":"2024-01-16T14:39:26","modified_gmt":"2024-01-16T17:39:26","slug":"isencoes-iptu-e-taxa-de-coleta-de-lixo","status":"publish","type":"page","link":"https:\/\/jundiai.sp.gov.br\/financas\/isencoes-iptu-e-taxa-de-coleta-de-lixo\/","title":{"rendered":"ISEN\u00c7\u00d5ES &#8211; IPTU e Taxa de Coleta de Lixo"},"content":{"rendered":"\n<p>A cidade oferece alguns benef\u00edcios que podem isentar os cidad\u00e3os do pagamento de tributos. Esses benef\u00edcios est\u00e3o previstos nas leis municipais e dependem do cumprimento de condi\u00e7\u00f5es espec\u00edficas.<\/p>\n\n\n\n<p>Veja abaixo os tipos de isen\u00e7\u00e3o, os crit\u00e9rios para usufruir desses benef\u00edcios e como solicitar:<\/p>\n\n\n\n<ul class=\"wp-block-list\">\n<li><a href=\"https:\/\/jundiai.sp.gov.br\/financas\/iptu-e-taxa-de-coleta-de-lixo\/isencoes\/aposentados-e-pensionistas\/\">Aposentados, Pensionistas e Benefici\u00e1rios LOAS<\/a><\/li>\n\n\n\n<li><a href=\"https:\/\/jundiai.sp.gov.br\/financas\/iptu-e-taxa-de-coleta-de-lixo\/isencoes\/imoveis-com-frente-para-feira-livre\/\">Im\u00f3veis com frente para Feira Livre<\/a><\/li>\n\n\n\n<li><a href=\"https:\/\/jundiai.sp.gov.br\/financas\/templos-religiosos-imoveis-locados-ou-cedidos\/\" target=\"_blank\" rel=\"noopener noreferrer\">Templos religiosos em im\u00f3veis cedidos<\/a><\/li>\n\n\n\n<li><a href=\"https:\/\/jundiai.sp.gov.br\/financas\/iptu-e-taxa-de-coleta-de-lixo\/isencoes\/outras-isencoes\/\">Outras Isen\u00e7\u00f5es<\/a><\/li>\n<\/ul>\n\n\n\n<p><strong>Importante:<\/strong><\/p>\n\n\n\n<p>\u00c9 fundamental cumprir todas as condi\u00e7\u00f5es exatamente como estabelecido pela lei para garantir a imparcialidade na atua\u00e7\u00e3o da administra\u00e7\u00e3o p\u00fablica.<\/p>\n\n\n\n<p>De acordo com a Lei Federal n\u00ba 8.137\/90, \u00e9 considerado crime contra a ordem tribut\u00e1ria suprimir ou reduzir tributo por meio de condutas como omitir informa\u00e7\u00f5es, fornecer declara\u00e7\u00e3o falsa \u00e0s autoridades fazend\u00e1rias, usar documento falso ou inexato, fazer declara\u00e7\u00e3o falsa ou omitir informa\u00e7\u00f5es sobre rendas, bens ou fatos, ou empregar qualquer outra fraude para evitar total ou parcialmente o pagamento de tributo. A penalidade inclui reclus\u00e3o de 2 a 5 anos e multa.<\/p>\n","protected":false},"excerpt":{"rendered":"<p>A cidade oferece alguns benef\u00edcios que podem isentar os cidad\u00e3os do pagamento de tributos. Esses benef\u00edcios est\u00e3o previstos nas leis municipais e dependem do cumprimento de condi\u00e7\u00f5es espec\u00edficas. Veja abaixo os tipos de isen\u00e7\u00e3o, os crit\u00e9rios para usufruir desses benef\u00edcios e como solicitar: Importante: \u00c9 fundamental cumprir todas as condi\u00e7\u00f5es exatamente como estabelecido pela lei [&hellip;]<\/p>\n","protected":false},"author":37,"featured_media":0,"parent":0,"menu_order":3,"comment_status":"closed","ping_status":"closed","template":"","meta":{"footnotes":""},"class_list":["post-3799","page","type-page","status-publish","hentry"],"_links":{"self":[{"href":"https:\/\/jundiai.sp.gov.br\/financas\/wp-json\/wp\/v2\/pages\/3799","targetHints":{"allow":["GET"]}}],"collection":[{"href":"https:\/\/jundiai.sp.gov.br\/financas\/wp-json\/wp\/v2\/pages"}],"about":[{"href":"https:\/\/jundiai.sp.gov.br\/financas\/wp-json\/wp\/v2\/types\/page"}],"author":[{"embeddable":true,"href":"https:\/\/jundiai.sp.gov.br\/financas\/wp-json\/wp\/v2\/users\/37"}],"replies":[{"embeddable":true,"href":"https:\/\/jundiai.sp.gov.br\/financas\/wp-json\/wp\/v2\/comments?post=3799"}],"version-history":[{"count":17,"href":"https:\/\/jundiai.sp.gov.br\/financas\/wp-json\/wp\/v2\/pages\/3799\/revisions"}],"predecessor-version":[{"id":6164,"href":"https:\/\/jundiai.sp.gov.br\/financas\/wp-json\/wp\/v2\/pages\/3799\/revisions\/6164"}],"wp:attachment":[{"href":"https:\/\/jundiai.sp.gov.br\/financas\/wp-json\/wp\/v2\/media?parent=3799"}],"curies":[{"name":"wp","href":"https:\/\/api.w.org\/{rel}","templated":true}]}}