{"id":3801,"date":"2018-10-16T17:18:04","date_gmt":"2018-10-16T20:18:04","guid":{"rendered":"https:\/\/jundiai.sp.gov.br\/financas\/?page_id=3801"},"modified":"2024-08-01T16:55:42","modified_gmt":"2024-08-01T19:55:42","slug":"imunidades-iptu","status":"publish","type":"page","link":"https:\/\/jundiai.sp.gov.br\/financas\/imunidades-iptu\/","title":{"rendered":"IMUNIDADES \u2013 IPTU"},"content":{"rendered":"\n<p>Imunidade \u00e9 o direito do contribuinte em n\u00e3o ser tributado caso se enquadre em algumas condi\u00e7\u00f5es estabelecidas na Constitui\u00e7\u00e3o Federal.<\/p>\n\n\n\n<p><strong>T\u00eam imunidade tribut\u00e1ria (IPTU)<\/strong>:<\/p>\n\n\n\n<ul class=\"wp-block-list\">\n<li>Templos de qualquer culto (a Igreja);<\/li>\n\n\n\n<li>Partidos Pol\u00edticos, inclusive suas funda\u00e7\u00f5es;<\/li>\n\n\n\n<li>Sindicatos de Trabalhadores:<\/li>\n\n\n\n<li>Institui\u00e7\u00f5es de Educa\u00e7\u00e3o;<\/li>\n\n\n\n<li>Institui\u00e7\u00e3o de Assist\u00eancia Social;<\/li>\n\n\n\n<li>Entidades da Administra\u00e7\u00e3o P\u00fablica Direta e autarquias e funda\u00e7\u00f5es institu\u00eddas e mantidas pelo Poder P\u00fablico.<\/li>\n<\/ul>\n\n\n\n<p><strong>S\u00e3o condi\u00e7\u00f5es para pedir a imunidade:<\/strong><\/p>\n\n\n\n<ul class=\"wp-block-list\">\n<li>Utilizar o im\u00f3vel para as finalidades essenciais das entidades;<\/li>\n\n\n\n<li>Ser propriet\u00e1rio do im\u00f3vel &#8211; (para os im\u00f3veis utilizados para Templo Religioso, o locat\u00e1rio poder\u00e1 licitar a imunidade, conforme EC 116\/2022);<\/li>\n\n\n\n<li>N\u00e3o distribuir qualquer parcela de seu patrim\u00f4nio ou de suas rendas, a qualquer t\u00edtulo;<\/li>\n\n\n\n<li>Aplicar integralmente, no Pa\u00eds, os seus recursos na manuten\u00e7\u00e3o dos seus objetivos institucionais;<\/li>\n\n\n\n<li>Manter escritura\u00e7\u00e3o de suas receitas e despesas em livros revestidos de formalidades capazes de assegurar sua exatid\u00e3o.<\/li>\n<\/ul>\n\n\n\n<p><strong>Como solicitar<\/strong><\/p>\n\n\n\n<p><strong>PREFERENCIALMENTE VIA E-MAIL &#8211;&nbsp;<\/strong><a rel=\"noreferrer noopener\" href=\"mailto:atendimentofinancas@jundiai.sp.gov.br\" target=\"_blank\">atendimentofinancas@jundiai.sp.gov.br<\/a><\/p>\n\n\n\n<p><strong>PRESENCIALMENTE &#8211; <\/strong>Poupatempo Jundia\u00ed &#8211;&nbsp;Avenida Uni\u00e3o dos Ferrovi\u00e1rios, 1760, Centro &#8211; Jundia\u00ed. Hor\u00e1rio de atendimento: de Segunda a Sexta-feira das 9h \u00e0s 17h e aos s\u00e1bados das 9h \u00e0s 13h. Os atendimentos s\u00e3o realizados EXCLUSIVAMENTE com hora marcada (<a rel=\"noreferrer noopener\" href=\"https:\/\/www.poupatempo.sp.gov.br\/wps\/portal\/poupatempoTaOn\/servicos\/intermediarias\/municipios\/jundiai\" target=\"_blank\">fa\u00e7a seu agendamento aqui<\/a>).&nbsp;<\/p>\n\n\n\n<p><strong>Devem ser apresentados os seguintes documentos:<\/strong><\/p>\n\n\n\n<ol class=\"wp-block-list\">\n<li><a href=\"https:\/\/jundiai.sp.gov.br\/financas\/wp-content\/uploads\/sites\/12\/2022\/08\/form-sol-imunidade-iptu.pdf\"><strong>Formul\u00e1rio<\/strong><\/a>\u00a0devidamente preenchido;<\/li>\n\n\n\n<li>C\u00f3pia da capa do carn\u00ea de IPTU (onde constam os dados do im\u00f3vel);<\/li>\n\n\n\n<li>C\u00f3pia da matr\u00edcula do Registro de Im\u00f3veis atualizada ou escritura sem registro ou contrato de compromisso de compra e venda (quando n\u00e3o estiver em nome do atual propriet\u00e1rio \u2013 verificar no carn\u00ea do IPTU);<\/li>\n\n\n\n<li>CPF e RG;<\/li>\n\n\n\n<li>C\u00f3pia do Contrato Social ou Estatuto atualizado, com elei\u00e7\u00e3o da atual Diretoria e c\u00f3pia do Cart\u00e3o de CNPJ (quando pessoa jur\u00eddica);<\/li>\n\n\n\n<li>Procura\u00e7\u00e3o (se assinado por terceiros) e CPF e RG do procurador;<\/li>\n\n\n\n<li>Ata de elei\u00e7\u00e3o da atual diretoria;<\/li>\n\n\n\n<li>Balancete anual;<\/li>\n\n\n\n<li>Estatuto;<\/li>\n\n\n\n<li>Contrato de loca\u00e7\u00e3o do im\u00f3vel (quando locado para Templos \u2013 EC 116\/2022)<\/li>\n<\/ol>\n\n\n\n<p><strong>Aten\u00e7\u00e3o:&nbsp;<\/strong><br>De acordo com a&nbsp;Lei Federal n\u00ba 8.137\/90, constitui&nbsp;<strong>CRIME contra a ordem tribut\u00e1ria<\/strong>&nbsp;suprimir ou reduzir tributo por meio de, dentre outras condutas, uma das seguintes: omitir informa\u00e7\u00e3o, ou prestar declara\u00e7\u00e3o falsa \u00e0s autoridades fazend\u00e1rias, utilizar documento falso ou inexato, fazer declara\u00e7\u00e3o falsa ou omitir declara\u00e7\u00e3o sobre rendas, bens ou fatos, ou empregar outra fraude, para eximir-se, total ou parcialmente, de pagamento de tributo. A pena \u00e9 de reclus\u00e3o de 2 a 5 anos, e multa.<\/p>\n","protected":false},"excerpt":{"rendered":"<p>Imunidade \u00e9 o direito do contribuinte em n\u00e3o ser tributado caso se enquadre em algumas condi\u00e7\u00f5es estabelecidas na Constitui\u00e7\u00e3o Federal. T\u00eam imunidade tribut\u00e1ria (IPTU): S\u00e3o condi\u00e7\u00f5es para pedir a imunidade: Como solicitar PREFERENCIALMENTE VIA E-MAIL &#8211;&nbsp;atendimentofinancas@jundiai.sp.gov.br PRESENCIALMENTE &#8211; Poupatempo Jundia\u00ed &#8211;&nbsp;Avenida Uni\u00e3o dos Ferrovi\u00e1rios, 1760, Centro &#8211; Jundia\u00ed. Hor\u00e1rio de atendimento: de Segunda a Sexta-feira [&hellip;]<\/p>\n","protected":false},"author":37,"featured_media":0,"parent":0,"menu_order":4,"comment_status":"closed","ping_status":"closed","template":"","meta":{"footnotes":""},"class_list":["post-3801","page","type-page","status-publish","hentry"],"_links":{"self":[{"href":"https:\/\/jundiai.sp.gov.br\/financas\/wp-json\/wp\/v2\/pages\/3801","targetHints":{"allow":["GET"]}}],"collection":[{"href":"https:\/\/jundiai.sp.gov.br\/financas\/wp-json\/wp\/v2\/pages"}],"about":[{"href":"https:\/\/jundiai.sp.gov.br\/financas\/wp-json\/wp\/v2\/types\/page"}],"author":[{"embeddable":true,"href":"https:\/\/jundiai.sp.gov.br\/financas\/wp-json\/wp\/v2\/users\/37"}],"replies":[{"embeddable":true,"href":"https:\/\/jundiai.sp.gov.br\/financas\/wp-json\/wp\/v2\/comments?post=3801"}],"version-history":[{"count":8,"href":"https:\/\/jundiai.sp.gov.br\/financas\/wp-json\/wp\/v2\/pages\/3801\/revisions"}],"predecessor-version":[{"id":7015,"href":"https:\/\/jundiai.sp.gov.br\/financas\/wp-json\/wp\/v2\/pages\/3801\/revisions\/7015"}],"wp:attachment":[{"href":"https:\/\/jundiai.sp.gov.br\/financas\/wp-json\/wp\/v2\/media?parent=3801"}],"curies":[{"name":"wp","href":"https:\/\/api.w.org\/{rel}","templated":true}]}}