{"id":3803,"date":"2018-10-16T17:19:09","date_gmt":"2018-10-16T20:19:09","guid":{"rendered":"https:\/\/jundiai.sp.gov.br\/financas\/?page_id=3803"},"modified":"2024-01-17T14:16:27","modified_gmt":"2024-01-17T17:16:27","slug":"nao-incidencia-atividade-rural","status":"publish","type":"page","link":"https:\/\/jundiai.sp.gov.br\/financas\/nao-incidencia-atividade-rural\/","title":{"rendered":"N\u00c3O INCID\u00caNCIA \u2013 Atividade Rural"},"content":{"rendered":"<p>N\u00e3o incide IPTU para im\u00f3vel que, mesmo localizado na zona urbana, seja utilizado,\u00a0<strong>comprovadamente<\/strong>, em explora\u00e7\u00e3o extrativa vegetal, agr\u00edcola, pecu\u00e1ria ou agroindustrial.<\/p>\n<p><i>(Base legal: art. 109 da\u00a0<\/i><a href=\"https:\/\/jundiai.sp.gov.br\/financas\/wp-content\/uploads\/sites\/12\/2022\/12\/lei_complementar-460-2008.pdf\" target=\"_blank\" rel=\"noopener\"><b><i>Lei Complementar n\u00ba 460\/2008<\/i><\/b><i>).<\/i><\/a><\/p>\n<p><strong>Contato:\u00a0<\/strong>(11) 4589-8667 \/ 8723\u00a0<\/p>\n<p>Com a finalidade de simplificar e facilitar o relacionamento entre o fisco municipal e o produtor rural, alguns procedimentos foram ajustados, principalmente com rela\u00e7\u00e3o \u00e0 renova\u00e7\u00e3o da n\u00e3o incid\u00eancia, cuja solicita\u00e7\u00e3o dever\u00e1 ser feita de dois em dois anos, e n\u00e3o mais anualmente.<\/p>\n<h2>Novos Pedidos<\/h2>\n<p>O pedido de n\u00e3o incid\u00eancia, para os im\u00f3veis para os quais n\u00e3o haja ainda o reconhecimento do benef\u00edcio, deve ser feito imediatamente, com o cumprimento dos requisitos legais.<\/p>\n<h2>Pedidos de Renova\u00e7\u00e3o<\/h2>\n<p>Com a finalidade de dar mais comodidade ao produtor rural, a renova\u00e7\u00e3o da n\u00e3o incid\u00eancia se dar\u00e1 automaticamente, nos mesmos termos do que tiver sido concedido para o ano anterior. Assim, uma vez concedido ou renovado o benef\u00edcio, o contribuinte dever\u00e1 retornar \u00e0 Prefeitura, apenas depois de dois anos, e n\u00e3o mais anualmente, para comprovar o cumprimento dos requisitos para o reconhecimento da n\u00e3o incid\u00eancia.<\/p>\n\n<div class=\"wp-block-image is-style-default\">\n<figure class=\"aligncenter size-full\"><a href=\"https:\/\/jundiai.sp.gov.br\/financas\/wp-content\/uploads\/sites\/12\/2024\/01\/captura-de-tela-2024-01-17-141459.png\"><img loading=\"lazy\" decoding=\"async\" width=\"483\" height=\"335\" src=\"https:\/\/jundiai.sp.gov.br\/financas\/wp-content\/uploads\/sites\/12\/2024\/01\/captura-de-tela-2024-01-17-141459.png\" alt=\"\" class=\"wp-image-6165\" srcset=\"https:\/\/jundiai.sp.gov.br\/financas\/wp-content\/uploads\/sites\/12\/2024\/01\/captura-de-tela-2024-01-17-141459.png 483w, https:\/\/jundiai.sp.gov.br\/financas\/wp-content\/uploads\/sites\/12\/2024\/01\/captura-de-tela-2024-01-17-141459-300x208.png 300w\" sizes=\"auto, (max-width: 483px) 100vw, 483px\" \/><\/a><\/figure>\n<\/div>\n\n\n<p><strong>N\u00e3o comparecendo na data estipulada (coluna B), O BENEF\u00cdCIO SER\u00c1 REVOGADO para o per\u00edodo respectivo (coluna A), e os lan\u00e7amentos ser\u00e3o revisados com cobran\u00e7a integral do IPTU.<\/strong><\/p>\n\n\n\n<p>Tanto para novos pedidos quanto para renova\u00e7\u00e3o da n\u00e3o incid\u00eancia, o interessado dever\u00e1:<\/p>\n\n\n\n<p><strong>A.<\/strong>&nbsp;Comprovadamente dar destina\u00e7\u00e3o agr\u00edcola, pecu\u00e1ria, agroind\u00fastria ou explora\u00e7\u00e3o extrativa vegetal ao im\u00f3vel;<\/p>\n\n\n\n<p><strong>B.<\/strong>&nbsp;Fazer a solicita\u00e7\u00e3o em&nbsp;<a rel=\"noreferrer noopener\" href=\"https:\/\/jundiai.sp.gov.br\/financas\/wp-content\/uploads\/sites\/12\/2023\/05\/form-sol-nao-incidencia.pdf\" target=\"_blank\"><strong>Formul\u00e1rio pr\u00f3prio<\/strong><\/a> e nos prazos espec\u00edficos, no&nbsp;<a rel=\"noreferrer noopener\" href=\"http:\/\/guia.poupatempo.sp.gov.br\/_postos.aspx?Page=&amp;PostID=34&amp;PostTipo=F&amp;PostNomeReduzido=Poupatempo%20Jundia%C3%AD&amp;QtdComunica=1\" target=\"_blank\"><strong>Poupatempo<\/strong><\/a>, ou atrav\u00e9s do e-mail <a href=\"mailto:atendimentofinancas@jundiai.sp.gov.br\">atendimentofinancas@jundiai.sp.gov.br<\/a> ;<\/p>\n\n\n\n<p><strong>C.<\/strong>&nbsp;Apresentar os seguintes documentos:<\/p>\n\n\n\n<p><strong>Do Contribuinte<\/strong><\/p>\n\n\n\n<p><strong>1.&nbsp;<\/strong>RG e CPF do propriet\u00e1rio, titular do dom\u00ednio \u00fatil ou possuidor do bem im\u00f3vel, a qualquer t\u00edtulo (c\u00f3pias e originais para confer\u00eancia);<\/p>\n\n\n\n<p><strong>2.<\/strong>&nbsp;Procura\u00e7\u00e3o e RG e CPF do Representante Legal (se n\u00e3o for nenhuma das pessoas acima a requerer);<\/p>\n\n\n\n<p><strong>3.<\/strong>&nbsp;Em caso de \u00f3bito do(s) propriet\u00e1rio(s), atestado de \u00f3bito, invent\u00e1rio, RG, CPF e endere\u00e7o de todos os herdeiros, mesmo que n\u00e3o residam no im\u00f3vel (c\u00f3pias e originais para confer\u00eancia).<\/p>\n\n\n\n<p><strong>Do Im\u00f3vel<\/strong><\/p>\n\n\n\n<p><strong>4.<\/strong>&nbsp;Primeira folha do carn\u00ea do IPTU (apenas c\u00f3pia);<\/p>\n\n\n\n<p><strong>5.<\/strong>&nbsp;<a href=\"https:\/\/jundiai.sp.gov.br\/financas\/matricula\/\" target=\"_blank\" rel=\"noreferrer noopener\"><strong>Matr\u00edcula do Registro de Im\u00f3veis<\/strong><\/a>&nbsp;atualizada (com no m\u00e1ximo 1 ano) e escritura sem registro ou contrato de compromisso de compra e venda (c\u00f3pias e originais para confer\u00eancia);<\/p>\n\n\n\n<p><strong>6.&nbsp;Recibos do ITR<\/strong>&nbsp;devidamente quitados;<\/p>\n\n\n\n<p><strong>7.&nbsp;<\/strong><a href=\"https:\/\/jundiai.sp.gov.br\/financas\/wp-content\/uploads\/sites\/12\/2014\/09\/croqui-simplificado-ex.png\"><strong>Croqui Simplificado (veja exemplo)<\/strong><\/a>, ou Levantamento Topogr\u00e1fico Planim\u00e9trico Cadastral, conforme&nbsp;<a href=\"http:\/\/www.abntcatalogo.com.br\/norma.aspx?ID=4663\" target=\"_blank\" rel=\"noreferrer noopener\"><strong>ABNT NBR 13.133\/1994<\/strong><\/a>.<\/p>\n\n\n\n<p><strong>Observa\u00e7\u00f5es sobre o im\u00f3vel:<\/strong><\/p>\n\n\n\n<ul class=\"wp-block-list\">\n<li>No caso de Renova\u00e7\u00e3o, em que o croqui ou o levantamento topogr\u00e1fico j\u00e1 tenha sido apresentado em exerc\u00edcios anteriores, com as qualidades necess\u00e1rias para identifica\u00e7\u00e3o perfeita do im\u00f3vel, n\u00e3o \u00e9 necess\u00e1rio trazer novamente o documento.<\/li>\n\n\n\n<li>Se n\u00e3o houver informa\u00e7\u00f5es suficientes no croqui simplificado, poder\u00e1 ser exigido especificamente o Levantamento Topogr\u00e1fico Cadastral.<\/li>\n<\/ul>\n\n\n\n<p><strong><br>Da Atividade:<\/strong><\/p>\n\n\n\n<p><strong>8.<\/strong>&nbsp;Descri\u00e7\u00e3o, por escrito e detalhada, sobre quais s\u00e3o as atividades desenvolvidas no im\u00f3vel, quem as desenvolve, que t\u00edtulo (pr\u00f3pria, arrendada etc.) e a destina\u00e7\u00e3o dada ao seu produto (venda e\/ou consumo, doa\u00e7\u00e3o etc.);<\/p>\n\n\n\n<p><strong>9.<\/strong>&nbsp;<a href=\"https:\/\/jundiai.sp.gov.br\/financas\/comprovantes-cnpj-e-cadesp\/\" target=\"_blank\" rel=\"noreferrer noopener\"><strong>Comprovante de Cadastro Nacional de Pessoas Jur\u00eddicas \u2013 CNPJ&nbsp;(impress\u00e3o atual)<\/strong><\/a>;<\/p>\n\n\n\n<p><strong>10.<\/strong>&nbsp;<a href=\"https:\/\/jundiai.sp.gov.br\/financas\/comprovantes-cnpj-e-cadesp\/\" target=\"_blank\" rel=\"noreferrer noopener\"><strong>Comprovante de Cadastro de Contribuintes do ICMS \u2013 CADESP&nbsp;(impress\u00e3o atual)<\/strong><\/a>;<\/p>\n\n\n\n<p><strong>11.<\/strong>&nbsp;Contrato(s) de Arrendamento, se houver;<\/p>\n\n\n\n<p><strong>Observa\u00e7\u00f5es importantes sobre a atividade:<\/strong><\/p>\n\n\n\n<ul class=\"wp-block-list\">\n<li><strong>Apresentar documentos de quem exer\u00e7a ou tenha exercido atividade rural no local, independente de ser propriet\u00e1rio do im\u00f3vel.<\/strong><\/li>\n\n\n\n<li>Para im\u00f3veis cont\u00edguos, em que a atividade seja exercida pela mesma pessoa, o interessado pode apresentar apenas um pedido para todos os im\u00f3veis (preenchendo apenas um formul\u00e1rio);<\/li>\n<\/ul>\n\n\n\n<p><strong>Aten\u00e7\u00e3o<\/strong><\/p>\n\n\n\n<p><strong>Para cada documento solicitado que n\u00e3o for apresentado, JUSTIFICAR POR ESCRITO e detalhadamente os motivos da n\u00e3o apresenta\u00e7\u00e3o.<\/strong><\/p>\n\n\n\n<p>Para a Descri\u00e7\u00e3o da Atividade, o ITR, o Contrato de Arrendamento e outros comprovantes (itens 6, 8, 11), devem ser apresentados os documentos para os seguintes per\u00edodos, conforme o tipo de pedido:<\/p>\n\n\n<div class=\"wp-block-image is-style-default\">\n<figure class=\"aligncenter size-full\"><a href=\"https:\/\/jundiai.sp.gov.br\/financas\/wp-content\/uploads\/sites\/12\/2024\/01\/captura-de-tela-2024-01-17-141532.png\"><img loading=\"lazy\" decoding=\"async\" width=\"723\" height=\"152\" src=\"https:\/\/jundiai.sp.gov.br\/financas\/wp-content\/uploads\/sites\/12\/2024\/01\/captura-de-tela-2024-01-17-141532.png\" alt=\"\" class=\"wp-image-6166\" srcset=\"https:\/\/jundiai.sp.gov.br\/financas\/wp-content\/uploads\/sites\/12\/2024\/01\/captura-de-tela-2024-01-17-141532.png 723w, https:\/\/jundiai.sp.gov.br\/financas\/wp-content\/uploads\/sites\/12\/2024\/01\/captura-de-tela-2024-01-17-141532-300x63.png 300w\" sizes=\"auto, (max-width: 723px) 100vw, 723px\" \/><\/a><\/figure>\n<\/div>\n\n\n<p><strong>O n\u00e3o atendimento implicar\u00e1 no n\u00e3o reconhecimento<\/strong>&nbsp;da n\u00e3o incid\u00eancia, nos termos do art. 109 da&nbsp;<a href=\"https:\/\/jundiai.sp.gov.br\/financas\/wp-content\/uploads\/sites\/12\/2022\/12\/lei_complementar-460-2008.pdf\" target=\"_blank\" rel=\"noreferrer noopener\"><strong>Lei Complementar n\u00ba 460\/2008<\/strong>.<\/a><\/p>\n\n\n\n<p>O interessado dever\u00e1&nbsp;<strong>manter os documentos em ordem<\/strong>, tanto para a apresenta\u00e7\u00e3o nas datas marcadas como para poss\u00edveis fiscaliza\u00e7\u00f5es, que podem ser efetuadas a qualquer tempo.<\/p>\n\n\n\n<p>Independente dos prazos estabelecidos acima, de acordo com as circunst\u00e2ncias e nos termos da legisla\u00e7\u00e3o vigente, poder\u00e3o ser exigidos outros documentos, inclusive de exerc\u00edcios anteriores;<\/p>\n\n\n\n<p>De acordo com a&nbsp;Lei Federal n\u00ba 8.137\/90, constitui&nbsp;<strong>CRIME contra a ordem tribut\u00e1ria<\/strong>&nbsp;suprimir ou reduzir tributo por meio de, dentre outras condutas, uma das seguintes: omitir informa\u00e7\u00e3o, ou prestar declara\u00e7\u00e3o falsa \u00e0s autoridades fazend\u00e1rias, utilizar documento falso ou inexato, fazer declara\u00e7\u00e3o falsa ou omitir declara\u00e7\u00e3o sobre rendas, bens ou fatos, ou empregar outra fraude, para eximir-se, total ou parcialmente, de pagamento de tributo. A pena \u00e9 de reclus\u00e3o de 2 a 5 anos, e multa.<\/p>\n","protected":false},"excerpt":{"rendered":"<p>N\u00e3o incide IPTU para im\u00f3vel que, mesmo localizado na zona urbana, seja utilizado,\u00a0comprovadamente, em explora\u00e7\u00e3o extrativa vegetal, agr\u00edcola, pecu\u00e1ria ou agroindustrial. (Base legal: art. 109 da\u00a0Lei Complementar n\u00ba 460\/2008). Contato:\u00a0(11) 4589-8667 \/ 8723\u00a0 Com a finalidade de simplificar e facilitar o relacionamento entre o fisco municipal e o produtor rural, alguns procedimentos foram ajustados, principalmente [&hellip;]<\/p>\n","protected":false},"author":37,"featured_media":0,"parent":0,"menu_order":5,"comment_status":"closed","ping_status":"closed","template":"","meta":{"footnotes":""},"class_list":["post-3803","page","type-page","status-publish","hentry"],"_links":{"self":[{"href":"https:\/\/jundiai.sp.gov.br\/financas\/wp-json\/wp\/v2\/pages\/3803","targetHints":{"allow":["GET"]}}],"collection":[{"href":"https:\/\/jundiai.sp.gov.br\/financas\/wp-json\/wp\/v2\/pages"}],"about":[{"href":"https:\/\/jundiai.sp.gov.br\/financas\/wp-json\/wp\/v2\/types\/page"}],"author":[{"embeddable":true,"href":"https:\/\/jundiai.sp.gov.br\/financas\/wp-json\/wp\/v2\/users\/37"}],"replies":[{"embeddable":true,"href":"https:\/\/jundiai.sp.gov.br\/financas\/wp-json\/wp\/v2\/comments?post=3803"}],"version-history":[{"count":11,"href":"https:\/\/jundiai.sp.gov.br\/financas\/wp-json\/wp\/v2\/pages\/3803\/revisions"}],"predecessor-version":[{"id":6167,"href":"https:\/\/jundiai.sp.gov.br\/financas\/wp-json\/wp\/v2\/pages\/3803\/revisions\/6167"}],"wp:attachment":[{"href":"https:\/\/jundiai.sp.gov.br\/financas\/wp-json\/wp\/v2\/media?parent=3803"}],"curies":[{"name":"wp","href":"https:\/\/api.w.org\/{rel}","templated":true}]}}