{"id":3807,"date":"2018-10-16T17:20:40","date_gmt":"2018-10-16T20:20:40","guid":{"rendered":"https:\/\/jundiai.sp.gov.br\/financas\/?page_id=3807"},"modified":"2025-06-12T14:13:11","modified_gmt":"2025-06-12T17:13:11","slug":"contatos","status":"publish","type":"page","link":"https:\/\/jundiai.sp.gov.br\/financas\/contatos\/","title":{"rendered":"CONTATOS"},"content":{"rendered":"\n<h2 class=\"wp-block-heading\">Atendimento<\/h2>\n\n\n\n<h2 class=\"wp-block-heading\">Posto de atendimento da Prefeitura no Poupatempo<\/h2>\n\n\n\n<p><strong>Respons\u00e1vel pelo setor:<\/strong>&nbsp;Maria L\u00facia Silva<br>\n<strong>Localiza\u00e7\u00e3o:&nbsp;<\/strong>Avenida Uni\u00e3o dos Ferrovi\u00e1rios, 1.760<br>\n<strong>Hor\u00e1rio de atendimento:<\/strong> de segunda a sexta-feira, das 9h \u00e0s 17h e, aos s\u00e1bados, das 9h \u00e0s 12h;<\/p>\n\n\n\n<p><strong>Aten\u00e7\u00e3o:<\/strong>&nbsp;A partir dia 03\/08\/15, o atendimento referente ao&nbsp;<strong>IPTU<\/strong>&nbsp;e \u00e0&nbsp;<strong>Taxa de Coleta de Lixo<\/strong>&nbsp;passou a ser feito&nbsp;<strong>exclusivamente no Posto de atendimento da Prefeitura no&nbsp;<a href=\"http:\/\/guia.poupatempo.sp.gov.br\/_postos.aspx?Page=&amp;PostID=34&amp;PostTipo=F&amp;PostNomeReduzido=Poupatempo%20Jundia%C3%AD&amp;QtdComunica=1\" target=\"_blank\" rel=\"noopener noreferrer\">Poupatempo<\/a><\/strong>.<\/p>\n\n\n\n<h2 class=\"wp-block-heading\">Contatos na Prefeitura<\/h2>\n\n\n\n<h2 class=\"wp-block-heading\">Divis\u00e3o de Cadastro Imobili\u00e1rio<\/h2>\n\n\n\n<p><strong>Respons\u00e1vel pelo setor:&nbsp;<\/strong>Gabriela Cergol Spina<br>\n<strong>Localiza\u00e7\u00e3o:<\/strong>&nbsp;Pa\u00e7o Municipal, av. da Liberdade, s\/n \u2013 mezanino, ala Sul<br>\nVila Bandeirantes, CEP 13214-900<br>\nTelefone: (11) 4589-8723<br>\nE-mail:&nbsp;<strong><a href=\"mailto:iptu@jundiai.sp.gov.br\" target=\"_blank\" rel=\"noopener noreferrer\">iptu@jundiai.sp.gov.br<\/a><\/strong><\/p>\n\n\n\n<h2 class=\"wp-block-heading\">Divis\u00e3o de Fiscaliza\u00e7\u00e3o Imobili\u00e1ria<\/h2>\n\n\n\n<p><strong>Respons\u00e1vel pelo setor:<\/strong> Patr\u00edcia Correa<br> <strong>Localiza\u00e7\u00e3o:<\/strong>\u00a0Pa\u00e7o Municipal, av. da Liberdade, s\/n \u2013 mezanino, ala Sul<br> Vila Bandeirantes, CEP 13214-900<br> Telefone: (11) 4589-9278<br> E-mail:\u00a0<strong><a href=\"mailto:iptu@jundiai.sp.gov.br\" target=\"_blank\" rel=\"noopener noreferrer\">iptu@jundiai.sp.gov.br<\/a><\/strong><\/p>\n\n\n\n<h2 class=\"wp-block-heading\">Central de Cobran\u00e7a da Prefeitura<\/h2>\n\n\n\n<p>4589-8706<\/p>\n","protected":false},"excerpt":{"rendered":"<p>Atendimento Posto de atendimento da Prefeitura no Poupatempo Respons\u00e1vel pelo setor:&nbsp;Maria L\u00facia Silva Localiza\u00e7\u00e3o:&nbsp;Avenida Uni\u00e3o dos Ferrovi\u00e1rios, 1.760 Hor\u00e1rio de atendimento: de segunda a sexta-feira, das 9h \u00e0s 17h e, aos s\u00e1bados, das 9h \u00e0s 12h; Aten\u00e7\u00e3o:&nbsp;A partir dia 03\/08\/15, o atendimento referente ao&nbsp;IPTU&nbsp;e \u00e0&nbsp;Taxa de Coleta de Lixo&nbsp;passou a ser feito&nbsp;exclusivamente no Posto de [&hellip;]<\/p>\n","protected":false},"author":37,"featured_media":0,"parent":0,"menu_order":7,"comment_status":"closed","ping_status":"closed","template":"","meta":{"footnotes":""},"class_list":["post-3807","page","type-page","status-publish","hentry"],"_links":{"self":[{"href":"https:\/\/jundiai.sp.gov.br\/financas\/wp-json\/wp\/v2\/pages\/3807","targetHints":{"allow":["GET"]}}],"collection":[{"href":"https:\/\/jundiai.sp.gov.br\/financas\/wp-json\/wp\/v2\/pages"}],"about":[{"href":"https:\/\/jundiai.sp.gov.br\/financas\/wp-json\/wp\/v2\/types\/page"}],"author":[{"embeddable":true,"href":"https:\/\/jundiai.sp.gov.br\/financas\/wp-json\/wp\/v2\/users\/37"}],"replies":[{"embeddable":true,"href":"https:\/\/jundiai.sp.gov.br\/financas\/wp-json\/wp\/v2\/comments?post=3807"}],"version-history":[{"count":7,"href":"https:\/\/jundiai.sp.gov.br\/financas\/wp-json\/wp\/v2\/pages\/3807\/revisions"}],"predecessor-version":[{"id":7194,"href":"https:\/\/jundiai.sp.gov.br\/financas\/wp-json\/wp\/v2\/pages\/3807\/revisions\/7194"}],"wp:attachment":[{"href":"https:\/\/jundiai.sp.gov.br\/financas\/wp-json\/wp\/v2\/media?parent=3807"}],"curies":[{"name":"wp","href":"https:\/\/api.w.org\/{rel}","templated":true}]}}