{"id":4059,"date":"2019-08-27T10:56:21","date_gmt":"2019-08-27T13:56:21","guid":{"rendered":"https:\/\/jundiai.sp.gov.br\/financas\/?page_id=4059"},"modified":"2020-02-17T10:03:47","modified_gmt":"2020-02-17T13:03:47","slug":"funcionarios-autorizados-a-realizar-atualizacao-do-cadastro-fiscal-mobiliario-e-imobiliario","status":"publish","type":"page","link":"https:\/\/jundiai.sp.gov.br\/financas\/funcionarios-autorizados-a-realizar-atualizacao-do-cadastro-fiscal-mobiliario-e-imobiliario\/","title":{"rendered":"Funcion\u00e1rios autorizados a realizar atualiza\u00e7\u00e3o do cadastro fiscal mobili\u00e1rio e imobili\u00e1rio"},"content":{"rendered":"<div><\/div>\n<div>\n<p>Bairro de atua\u00e7\u00e3o:\u00a0Novo Horizonte\/ Fazenda Grande<br \/>\nPer\u00edodo: 28\/08\/2019 a 11\/10\/2019<\/p>\n<p>Bairro de atua\u00e7\u00e3o: Tulipas\/ Eloy Chaves\/ Medeiros\/ Parque Centen\u00e1rio<br \/>\nPer\u00edodo: 14\/10\/2019 a 21\/10\/2019<\/p>\n<p>Bairro de atua\u00e7\u00e3o: CECAP\/ Torres de S\u00e3o Jos\u00e9\/ Hortol\u00e2ndia<br \/>\nPer\u00edodo: 22\/10\/2019 a 31\/10\/2019<\/p>\n<p>Bairro de atua\u00e7\u00e3o: \u00c1gua Doce\/ Jardim do Lago\/ Vila Progresso\/ Horto Florestal\/ Alvorada\/ Samambaia<br \/>\nPer\u00edodo: 30\/10\/2019 a 14\/11\/2019<\/p>\n<\/div>\n<p>Bairro de atua\u00e7\u00e3o: Ch\u00e1cara Urbana\/ Casa Branca<br \/>\nPer\u00edodo: 07\/11\/2019 a 14\/11\/2019<\/p>\n<p>Bairro de atua\u00e7\u00e3o:\u00a0Tamoio\/ Caxamb\u00fa\/ Nova Odessa<br \/>\nPer\u00edodo: 08\/11\/2019 a 14\/11\/2019<\/p>\n<p>Bairro de atua\u00e7\u00e3o:\u00a0Castanho\/ Santa Gertrudes<br \/>\nPer\u00edodo: 13\/11\/2019 a 22\/11\/2019<\/p>\n<p>Bairro de atua\u00e7\u00e3o:\u00a0Maring\u00e1\/ Agapeama\/ Vila Rami\/ Vila Arens\/ Centro\/ Anhangaba\u00fa<br \/>\nPer\u00edodo: 21\/11\/2019 a 07\/12\/2019<\/p>\n<p>Bairro de atua\u00e7\u00e3o:\u00a0Maring\u00e1\/ Jardim do Lago\/ Vianelo\/ Centro\/ Anhangaba\u00fa<br \/>\nPer\u00edodo: 08\/12\/2019 a 20\/12\/2019<\/p>\n<p>Bairro de atua\u00e7\u00e3o: Jardim do Lago\/ Agapeama\/ Vila Rami\/ Bonfiglioli\/ Anhangaba\u00fa<br \/>\nPer\u00edodo: 21\/12\/2019 a 11\/01\/2020<\/p>\n<p>Bairro de atua\u00e7\u00e3o: \u00c1gua Doce\/ Jardim Pacaembu\/ Nambi\/ Col\u00f4nia\/ Ivoturucaia\/ Jundia\u00ed Mirim\/ Tarum\u00e3\/ S\u00e3o Camilo<br \/>\nPer\u00edodo: 11\/01\/2020 a 05\/02\/2020<\/p>\n<div>\n<div>Bairro de atua\u00e7\u00e3o: im\u00f3veis com ocorr\u00eancias pendentes nos bairros anteriormente visitados.<\/div>\n<div>Per\u00edodo: 06\/02\/2020 a 29\/02\/2020<\/div>\n<div><\/div>\n<\/div>\n<p>&nbsp;<\/p>\n<p><strong><span style=\"color: #000000;\">Empresa: Aerocarta S\/A<br \/>\n<\/span><\/strong><strong><span style=\"color: #000000;\">Telefone: (11) 3963-6663 <\/span><\/strong><span style=\"color: #000000;\">\u00a0<\/span><\/p>\n<div>\n<div>\n<p><span style=\"color: #000000;\">Obs: Inclusive aos s\u00e1bados, a partir do dia 19\/10\/2019<\/span><\/p>\n<p><a href=\"https:\/\/jundiai.sp.gov.br\/financas\/wp-content\/uploads\/sites\/12\/2020\/02\/aerocarta.png\"><img loading=\"lazy\" decoding=\"async\" class=\"size-full wp-image-4298 alignleft\" src=\"https:\/\/jundiai.sp.gov.br\/financas\/wp-content\/uploads\/sites\/12\/2020\/02\/aerocarta.png\" alt=\"\" width=\"610\" height=\"319\" srcset=\"https:\/\/jundiai.sp.gov.br\/financas\/wp-content\/uploads\/sites\/12\/2020\/02\/aerocarta.png 610w, https:\/\/jundiai.sp.gov.br\/financas\/wp-content\/uploads\/sites\/12\/2020\/02\/aerocarta-300x157.png 300w\" sizes=\"auto, (max-width: 610px) 100vw, 610px\" \/><\/a><\/p>\n<p>&nbsp;<\/p>\n<\/div>\n<div>\n<p>&nbsp;<\/p>\n<p>&nbsp;<\/p>\n<p>&nbsp;<\/p>\n<\/div>\n<\/div>\n","protected":false},"excerpt":{"rendered":"<p>Bairro de atua\u00e7\u00e3o:\u00a0Novo Horizonte\/ Fazenda Grande Per\u00edodo: 28\/08\/2019 a 11\/10\/2019 Bairro de atua\u00e7\u00e3o: Tulipas\/ Eloy Chaves\/ Medeiros\/ Parque Centen\u00e1rio Per\u00edodo: 14\/10\/2019 a 21\/10\/2019 Bairro de atua\u00e7\u00e3o: CECAP\/ Torres de S\u00e3o Jos\u00e9\/ Hortol\u00e2ndia Per\u00edodo: 22\/10\/2019 a 31\/10\/2019 Bairro de atua\u00e7\u00e3o: \u00c1gua Doce\/ Jardim do Lago\/ Vila Progresso\/ Horto Florestal\/ Alvorada\/ Samambaia Per\u00edodo: 30\/10\/2019 a 14\/11\/2019 Bairro [&hellip;]<\/p>\n","protected":false},"author":37,"featured_media":0,"parent":0,"menu_order":0,"comment_status":"closed","ping_status":"closed","template":"","meta":{"footnotes":""},"class_list":["post-4059","page","type-page","status-publish","hentry"],"_links":{"self":[{"href":"https:\/\/jundiai.sp.gov.br\/financas\/wp-json\/wp\/v2\/pages\/4059","targetHints":{"allow":["GET"]}}],"collection":[{"href":"https:\/\/jundiai.sp.gov.br\/financas\/wp-json\/wp\/v2\/pages"}],"about":[{"href":"https:\/\/jundiai.sp.gov.br\/financas\/wp-json\/wp\/v2\/types\/page"}],"author":[{"embeddable":true,"href":"https:\/\/jundiai.sp.gov.br\/financas\/wp-json\/wp\/v2\/users\/37"}],"replies":[{"embeddable":true,"href":"https:\/\/jundiai.sp.gov.br\/financas\/wp-json\/wp\/v2\/comments?post=4059"}],"version-history":[{"count":53,"href":"https:\/\/jundiai.sp.gov.br\/financas\/wp-json\/wp\/v2\/pages\/4059\/revisions"}],"predecessor-version":[{"id":4301,"href":"https:\/\/jundiai.sp.gov.br\/financas\/wp-json\/wp\/v2\/pages\/4059\/revisions\/4301"}],"wp:attachment":[{"href":"https:\/\/jundiai.sp.gov.br\/financas\/wp-json\/wp\/v2\/media?parent=4059"}],"curies":[{"name":"wp","href":"https:\/\/api.w.org\/{rel}","templated":true}]}}