{"id":41,"date":"2014-09-10T12:10:29","date_gmt":"2014-09-10T15:10:29","guid":{"rendered":"https:\/\/jundiai.sp.gov.br\/financas\/?page_id=41"},"modified":"2024-07-02T12:00:35","modified_gmt":"2024-07-02T15:00:35","slug":"issqn","status":"publish","type":"page","link":"https:\/\/jundiai.sp.gov.br\/financas\/issqn\/","title":{"rendered":"ISSQN"},"content":{"rendered":"\n<figure class=\"wp-block-image size-full is-resized\"><img loading=\"lazy\" decoding=\"async\" width=\"1900\" height=\"245\" src=\"https:\/\/jundiai.sp.gov.br\/financas\/wp-content\/uploads\/sites\/12\/2024\/07\/banner-issqn-1280-x-165-mm.png\" alt=\"\" class=\"wp-image-6895\" style=\"width:950px\" srcset=\"https:\/\/jundiai.sp.gov.br\/financas\/wp-content\/uploads\/sites\/12\/2024\/07\/banner-issqn-1280-x-165-mm.png 1900w, https:\/\/jundiai.sp.gov.br\/financas\/wp-content\/uploads\/sites\/12\/2024\/07\/banner-issqn-1280-x-165-mm-300x39.png 300w, https:\/\/jundiai.sp.gov.br\/financas\/wp-content\/uploads\/sites\/12\/2024\/07\/banner-issqn-1280-x-165-mm-1280x165.png 1280w, https:\/\/jundiai.sp.gov.br\/financas\/wp-content\/uploads\/sites\/12\/2024\/07\/banner-issqn-1280-x-165-mm-768x99.png 768w, https:\/\/jundiai.sp.gov.br\/financas\/wp-content\/uploads\/sites\/12\/2024\/07\/banner-issqn-1280-x-165-mm-1536x198.png 1536w\" sizes=\"auto, (max-width: 1900px) 100vw, 1900px\" \/><\/figure>\n\n\n\n<p>O<strong>&nbsp;Imposto Sobre Servi\u00e7os de Qualquer Natureza (ISSQN), tamb\u00e9m conhecido como ISS<\/strong>, \u00e9 um tributo cobrado pelos munic\u00edpios e pelo Distrito Federal em opera\u00e7\u00f5es envolvendo servi\u00e7os. Por isso, todos os valores recolhidos a t\u00edtulo de ISS s\u00e3o destinados aos cofres p\u00fablicos municipais.&nbsp;<\/p>\n\n\n\n<div class=\"wp-block-columns is-layout-flex wp-container-core-columns-is-layout-9d6595d7 wp-block-columns-is-layout-flex\">\n<div class=\"wp-block-column is-layout-flow wp-block-column-is-layout-flow\">\n<figure class=\"wp-block-image size-full is-resized\"><a href=\"https:\/\/jundiai.sp.gov.br\/financas\/issqn\/como-e-calculado\/\"><img loading=\"lazy\" decoding=\"async\" width=\"1900\" height=\"1900\" src=\"https:\/\/jundiai.sp.gov.br\/financas\/wp-content\/uploads\/sites\/12\/2024\/07\/1-1.png\" alt=\"\" class=\"wp-image-6896\" style=\"width:144px\" srcset=\"https:\/\/jundiai.sp.gov.br\/financas\/wp-content\/uploads\/sites\/12\/2024\/07\/1-1.png 1900w, https:\/\/jundiai.sp.gov.br\/financas\/wp-content\/uploads\/sites\/12\/2024\/07\/1-1-300x300.png 300w, https:\/\/jundiai.sp.gov.br\/financas\/wp-content\/uploads\/sites\/12\/2024\/07\/1-1-960x960.png 960w, https:\/\/jundiai.sp.gov.br\/financas\/wp-content\/uploads\/sites\/12\/2024\/07\/1-1-100x100.png 100w, https:\/\/jundiai.sp.gov.br\/financas\/wp-content\/uploads\/sites\/12\/2024\/07\/1-1-768x768.png 768w, https:\/\/jundiai.sp.gov.br\/financas\/wp-content\/uploads\/sites\/12\/2024\/07\/1-1-1536x1536.png 1536w\" sizes=\"auto, (max-width: 1900px) 100vw, 1900px\" \/><\/a><\/figure>\n<\/div>\n\n\n\n<div class=\"wp-block-column is-layout-flow wp-block-column-is-layout-flow\">\n<figure class=\"wp-block-image size-full is-resized\"><a href=\"https:\/\/jundiai.sp.gov.br\/financas\/issqn\/onde-paga\/\"><img loading=\"lazy\" decoding=\"async\" width=\"1900\" height=\"1900\" src=\"https:\/\/jundiai.sp.gov.br\/financas\/wp-content\/uploads\/sites\/12\/2024\/07\/2-1.png\" alt=\"\" class=\"wp-image-6898\" style=\"width:144px\" srcset=\"https:\/\/jundiai.sp.gov.br\/financas\/wp-content\/uploads\/sites\/12\/2024\/07\/2-1.png 1900w, https:\/\/jundiai.sp.gov.br\/financas\/wp-content\/uploads\/sites\/12\/2024\/07\/2-1-300x300.png 300w, https:\/\/jundiai.sp.gov.br\/financas\/wp-content\/uploads\/sites\/12\/2024\/07\/2-1-960x960.png 960w, https:\/\/jundiai.sp.gov.br\/financas\/wp-content\/uploads\/sites\/12\/2024\/07\/2-1-100x100.png 100w, https:\/\/jundiai.sp.gov.br\/financas\/wp-content\/uploads\/sites\/12\/2024\/07\/2-1-768x768.png 768w, https:\/\/jundiai.sp.gov.br\/financas\/wp-content\/uploads\/sites\/12\/2024\/07\/2-1-1536x1536.png 1536w\" sizes=\"auto, (max-width: 1900px) 100vw, 1900px\" \/><\/a><\/figure>\n<\/div>\n\n\n\n<div class=\"wp-block-column is-layout-flow wp-block-column-is-layout-flow\">\n<figure class=\"wp-block-image size-full is-resized\"><a href=\"https:\/\/jundiai.sp.gov.br\/financas\/issqn\/quando-pagar\/\"><img loading=\"lazy\" decoding=\"async\" width=\"1900\" height=\"1900\" src=\"https:\/\/jundiai.sp.gov.br\/financas\/wp-content\/uploads\/sites\/12\/2024\/07\/3-1.png\" alt=\"\" class=\"wp-image-6899\" style=\"width:144px\" srcset=\"https:\/\/jundiai.sp.gov.br\/financas\/wp-content\/uploads\/sites\/12\/2024\/07\/3-1.png 1900w, https:\/\/jundiai.sp.gov.br\/financas\/wp-content\/uploads\/sites\/12\/2024\/07\/3-1-300x300.png 300w, https:\/\/jundiai.sp.gov.br\/financas\/wp-content\/uploads\/sites\/12\/2024\/07\/3-1-960x960.png 960w, https:\/\/jundiai.sp.gov.br\/financas\/wp-content\/uploads\/sites\/12\/2024\/07\/3-1-100x100.png 100w, https:\/\/jundiai.sp.gov.br\/financas\/wp-content\/uploads\/sites\/12\/2024\/07\/3-1-768x768.png 768w, https:\/\/jundiai.sp.gov.br\/financas\/wp-content\/uploads\/sites\/12\/2024\/07\/3-1-1536x1536.png 1536w\" sizes=\"auto, (max-width: 1900px) 100vw, 1900px\" \/><\/a><\/figure>\n<\/div>\n\n\n\n<div class=\"wp-block-column is-layout-flow wp-block-column-is-layout-flow\">\n<figure class=\"wp-block-image size-full is-resized\"><a href=\"https:\/\/jundiai.sp.gov.br\/financas\/issqn\/parcelamento\/\"><img loading=\"lazy\" decoding=\"async\" width=\"1900\" height=\"1900\" src=\"https:\/\/jundiai.sp.gov.br\/financas\/wp-content\/uploads\/sites\/12\/2024\/07\/4-1.png\" alt=\"\" class=\"wp-image-6900\" style=\"width:144px\" srcset=\"https:\/\/jundiai.sp.gov.br\/financas\/wp-content\/uploads\/sites\/12\/2024\/07\/4-1.png 1900w, https:\/\/jundiai.sp.gov.br\/financas\/wp-content\/uploads\/sites\/12\/2024\/07\/4-1-300x300.png 300w, https:\/\/jundiai.sp.gov.br\/financas\/wp-content\/uploads\/sites\/12\/2024\/07\/4-1-960x960.png 960w, https:\/\/jundiai.sp.gov.br\/financas\/wp-content\/uploads\/sites\/12\/2024\/07\/4-1-100x100.png 100w, https:\/\/jundiai.sp.gov.br\/financas\/wp-content\/uploads\/sites\/12\/2024\/07\/4-1-768x768.png 768w, https:\/\/jundiai.sp.gov.br\/financas\/wp-content\/uploads\/sites\/12\/2024\/07\/4-1-1536x1536.png 1536w\" sizes=\"auto, (max-width: 1900px) 100vw, 1900px\" \/><\/a><\/figure>\n<\/div>\n\n\n\n<div class=\"wp-block-column is-layout-flow wp-block-column-is-layout-flow\">\n<figure class=\"wp-block-image size-full is-resized\"><a href=\"https:\/\/jundiai.sp.gov.br\/financas\/issqn\/local-de-recolhimento\/\"><img loading=\"lazy\" decoding=\"async\" width=\"1900\" height=\"1900\" src=\"https:\/\/jundiai.sp.gov.br\/financas\/wp-content\/uploads\/sites\/12\/2024\/07\/5-1.png\" alt=\"\" class=\"wp-image-6901\" style=\"width:144px\" srcset=\"https:\/\/jundiai.sp.gov.br\/financas\/wp-content\/uploads\/sites\/12\/2024\/07\/5-1.png 1900w, https:\/\/jundiai.sp.gov.br\/financas\/wp-content\/uploads\/sites\/12\/2024\/07\/5-1-300x300.png 300w, https:\/\/jundiai.sp.gov.br\/financas\/wp-content\/uploads\/sites\/12\/2024\/07\/5-1-960x960.png 960w, https:\/\/jundiai.sp.gov.br\/financas\/wp-content\/uploads\/sites\/12\/2024\/07\/5-1-100x100.png 100w, https:\/\/jundiai.sp.gov.br\/financas\/wp-content\/uploads\/sites\/12\/2024\/07\/5-1-768x768.png 768w, https:\/\/jundiai.sp.gov.br\/financas\/wp-content\/uploads\/sites\/12\/2024\/07\/5-1-1536x1536.png 1536w\" sizes=\"auto, (max-width: 1900px) 100vw, 1900px\" \/><\/a><\/figure>\n<\/div>\n<\/div>\n\n\n\n<div class=\"wp-block-columns is-layout-flex wp-container-core-columns-is-layout-9d6595d7 wp-block-columns-is-layout-flex\">\n<div class=\"wp-block-column is-layout-flow wp-block-column-is-layout-flow\">\n<figure class=\"wp-block-image size-full is-resized\"><a href=\"https:\/\/jundiai.sp.gov.br\/financas\/issqn\/habite-se\/\"><img loading=\"lazy\" decoding=\"async\" width=\"1900\" height=\"1900\" src=\"https:\/\/jundiai.sp.gov.br\/financas\/wp-content\/uploads\/sites\/12\/2024\/07\/6-1.png\" alt=\"\" class=\"wp-image-6902\" style=\"width:144px\" srcset=\"https:\/\/jundiai.sp.gov.br\/financas\/wp-content\/uploads\/sites\/12\/2024\/07\/6-1.png 1900w, https:\/\/jundiai.sp.gov.br\/financas\/wp-content\/uploads\/sites\/12\/2024\/07\/6-1-300x300.png 300w, https:\/\/jundiai.sp.gov.br\/financas\/wp-content\/uploads\/sites\/12\/2024\/07\/6-1-960x960.png 960w, https:\/\/jundiai.sp.gov.br\/financas\/wp-content\/uploads\/sites\/12\/2024\/07\/6-1-100x100.png 100w, https:\/\/jundiai.sp.gov.br\/financas\/wp-content\/uploads\/sites\/12\/2024\/07\/6-1-768x768.png 768w, https:\/\/jundiai.sp.gov.br\/financas\/wp-content\/uploads\/sites\/12\/2024\/07\/6-1-1536x1536.png 1536w\" sizes=\"auto, (max-width: 1900px) 100vw, 1900px\" \/><\/a><\/figure>\n<\/div>\n\n\n\n<div class=\"wp-block-column is-layout-flow wp-block-column-is-layout-flow\">\n<figure class=\"wp-block-image size-full is-resized\"><a href=\"https:\/\/jundiai.sp.gov.br\/financas\/issqn\/retencao-na-fonte\/\"><img loading=\"lazy\" decoding=\"async\" width=\"1900\" height=\"1900\" src=\"https:\/\/jundiai.sp.gov.br\/financas\/wp-content\/uploads\/sites\/12\/2024\/07\/7-1.png\" alt=\"\" class=\"wp-image-6903\" style=\"width:144px\" srcset=\"https:\/\/jundiai.sp.gov.br\/financas\/wp-content\/uploads\/sites\/12\/2024\/07\/7-1.png 1900w, https:\/\/jundiai.sp.gov.br\/financas\/wp-content\/uploads\/sites\/12\/2024\/07\/7-1-300x300.png 300w, https:\/\/jundiai.sp.gov.br\/financas\/wp-content\/uploads\/sites\/12\/2024\/07\/7-1-960x960.png 960w, https:\/\/jundiai.sp.gov.br\/financas\/wp-content\/uploads\/sites\/12\/2024\/07\/7-1-100x100.png 100w, https:\/\/jundiai.sp.gov.br\/financas\/wp-content\/uploads\/sites\/12\/2024\/07\/7-1-768x768.png 768w, https:\/\/jundiai.sp.gov.br\/financas\/wp-content\/uploads\/sites\/12\/2024\/07\/7-1-1536x1536.png 1536w\" sizes=\"auto, (max-width: 1900px) 100vw, 1900px\" \/><\/a><\/figure>\n<\/div>\n\n\n\n<div class=\"wp-block-column is-layout-flow wp-block-column-is-layout-flow\">\n<figure class=\"wp-block-image size-full is-resized\"><a href=\"https:\/\/jundiai.sp.gov.br\/financas\/issqn\/microempreendedor-individual-mei\/\"><img loading=\"lazy\" decoding=\"async\" width=\"1900\" height=\"1900\" src=\"https:\/\/jundiai.sp.gov.br\/financas\/wp-content\/uploads\/sites\/12\/2024\/07\/8-1.png\" alt=\"\" class=\"wp-image-6904\" style=\"width:144px\" srcset=\"https:\/\/jundiai.sp.gov.br\/financas\/wp-content\/uploads\/sites\/12\/2024\/07\/8-1.png 1900w, https:\/\/jundiai.sp.gov.br\/financas\/wp-content\/uploads\/sites\/12\/2024\/07\/8-1-300x300.png 300w, https:\/\/jundiai.sp.gov.br\/financas\/wp-content\/uploads\/sites\/12\/2024\/07\/8-1-960x960.png 960w, https:\/\/jundiai.sp.gov.br\/financas\/wp-content\/uploads\/sites\/12\/2024\/07\/8-1-100x100.png 100w, https:\/\/jundiai.sp.gov.br\/financas\/wp-content\/uploads\/sites\/12\/2024\/07\/8-1-768x768.png 768w, https:\/\/jundiai.sp.gov.br\/financas\/wp-content\/uploads\/sites\/12\/2024\/07\/8-1-1536x1536.png 1536w\" sizes=\"auto, (max-width: 1900px) 100vw, 1900px\" \/><\/a><\/figure>\n<\/div>\n\n\n\n<div class=\"wp-block-column is-layout-flow wp-block-column-is-layout-flow\">\n<figure class=\"wp-block-image size-full is-resized\"><a href=\"https:\/\/jundiai.sp.gov.br\/financas\/issqn\/nota-fiscal-de-servico\/\"><img loading=\"lazy\" decoding=\"async\" width=\"1900\" height=\"1900\" src=\"https:\/\/jundiai.sp.gov.br\/financas\/wp-content\/uploads\/sites\/12\/2024\/07\/9-1.png\" alt=\"\" class=\"wp-image-6905\" style=\"width:144px\" srcset=\"https:\/\/jundiai.sp.gov.br\/financas\/wp-content\/uploads\/sites\/12\/2024\/07\/9-1.png 1900w, https:\/\/jundiai.sp.gov.br\/financas\/wp-content\/uploads\/sites\/12\/2024\/07\/9-1-300x300.png 300w, https:\/\/jundiai.sp.gov.br\/financas\/wp-content\/uploads\/sites\/12\/2024\/07\/9-1-960x960.png 960w, https:\/\/jundiai.sp.gov.br\/financas\/wp-content\/uploads\/sites\/12\/2024\/07\/9-1-100x100.png 100w, https:\/\/jundiai.sp.gov.br\/financas\/wp-content\/uploads\/sites\/12\/2024\/07\/9-1-768x768.png 768w, https:\/\/jundiai.sp.gov.br\/financas\/wp-content\/uploads\/sites\/12\/2024\/07\/9-1-1536x1536.png 1536w\" sizes=\"auto, (max-width: 1900px) 100vw, 1900px\" \/><\/a><\/figure>\n<\/div>\n\n\n\n<div class=\"wp-block-column is-layout-flow wp-block-column-is-layout-flow\">\n<figure class=\"wp-block-image size-full is-resized\"><a href=\"https:\/\/jundiai.sp.gov.br\/financas\/issqn\/legislacao\/\"><img loading=\"lazy\" decoding=\"async\" width=\"1900\" height=\"1900\" src=\"https:\/\/jundiai.sp.gov.br\/financas\/wp-content\/uploads\/sites\/12\/2024\/07\/10-1.png\" alt=\"\" class=\"wp-image-6906\" style=\"width:144px\" srcset=\"https:\/\/jundiai.sp.gov.br\/financas\/wp-content\/uploads\/sites\/12\/2024\/07\/10-1.png 1900w, https:\/\/jundiai.sp.gov.br\/financas\/wp-content\/uploads\/sites\/12\/2024\/07\/10-1-300x300.png 300w, https:\/\/jundiai.sp.gov.br\/financas\/wp-content\/uploads\/sites\/12\/2024\/07\/10-1-960x960.png 960w, https:\/\/jundiai.sp.gov.br\/financas\/wp-content\/uploads\/sites\/12\/2024\/07\/10-1-100x100.png 100w, https:\/\/jundiai.sp.gov.br\/financas\/wp-content\/uploads\/sites\/12\/2024\/07\/10-1-768x768.png 768w, https:\/\/jundiai.sp.gov.br\/financas\/wp-content\/uploads\/sites\/12\/2024\/07\/10-1-1536x1536.png 1536w\" sizes=\"auto, (max-width: 1900px) 100vw, 1900px\" \/><\/a><\/figure>\n<\/div>\n<\/div>\n\n\n\n<div class=\"wp-block-columns is-layout-flex wp-container-core-columns-is-layout-9d6595d7 wp-block-columns-is-layout-flex\">\n<div class=\"wp-block-column is-layout-flow wp-block-column-is-layout-flow\">\n<figure class=\"wp-block-image size-full is-resized\"><a href=\"https:\/\/jundiai.sp.gov.br\/financas\/issqn\/perguntas-frequentes\/\"><img loading=\"lazy\" decoding=\"async\" width=\"1900\" height=\"1900\" src=\"https:\/\/jundiai.sp.gov.br\/financas\/wp-content\/uploads\/sites\/12\/2024\/07\/11-1.png\" alt=\"\" class=\"wp-image-6907\" style=\"width:144px\" srcset=\"https:\/\/jundiai.sp.gov.br\/financas\/wp-content\/uploads\/sites\/12\/2024\/07\/11-1.png 1900w, https:\/\/jundiai.sp.gov.br\/financas\/wp-content\/uploads\/sites\/12\/2024\/07\/11-1-300x300.png 300w, https:\/\/jundiai.sp.gov.br\/financas\/wp-content\/uploads\/sites\/12\/2024\/07\/11-1-960x960.png 960w, https:\/\/jundiai.sp.gov.br\/financas\/wp-content\/uploads\/sites\/12\/2024\/07\/11-1-100x100.png 100w, https:\/\/jundiai.sp.gov.br\/financas\/wp-content\/uploads\/sites\/12\/2024\/07\/11-1-768x768.png 768w, https:\/\/jundiai.sp.gov.br\/financas\/wp-content\/uploads\/sites\/12\/2024\/07\/11-1-1536x1536.png 1536w\" sizes=\"auto, (max-width: 1900px) 100vw, 1900px\" \/><\/a><\/figure>\n<\/div>\n\n\n\n<div class=\"wp-block-column is-layout-flow wp-block-column-is-layout-flow\">\n<figure class=\"wp-block-image size-full is-resized\"><a href=\"https:\/\/jundiai.sp.gov.br\/financas\/issqn\/manuais\/\"><img loading=\"lazy\" decoding=\"async\" width=\"1900\" height=\"1900\" src=\"https:\/\/jundiai.sp.gov.br\/financas\/wp-content\/uploads\/sites\/12\/2024\/07\/12-1.png\" alt=\"\" class=\"wp-image-6908\" style=\"width:144px\" srcset=\"https:\/\/jundiai.sp.gov.br\/financas\/wp-content\/uploads\/sites\/12\/2024\/07\/12-1.png 1900w, https:\/\/jundiai.sp.gov.br\/financas\/wp-content\/uploads\/sites\/12\/2024\/07\/12-1-300x300.png 300w, https:\/\/jundiai.sp.gov.br\/financas\/wp-content\/uploads\/sites\/12\/2024\/07\/12-1-960x960.png 960w, https:\/\/jundiai.sp.gov.br\/financas\/wp-content\/uploads\/sites\/12\/2024\/07\/12-1-100x100.png 100w, https:\/\/jundiai.sp.gov.br\/financas\/wp-content\/uploads\/sites\/12\/2024\/07\/12-1-768x768.png 768w, https:\/\/jundiai.sp.gov.br\/financas\/wp-content\/uploads\/sites\/12\/2024\/07\/12-1-1536x1536.png 1536w\" sizes=\"auto, (max-width: 1900px) 100vw, 1900px\" \/><\/a><\/figure>\n<\/div>\n\n\n\n<div class=\"wp-block-column is-layout-flow wp-block-column-is-layout-flow\">\n<figure class=\"wp-block-image size-full is-resized\"><a href=\"https:\/\/jundiai.sp.gov.br\/financas\/issqn\/formularios\/\"><img loading=\"lazy\" decoding=\"async\" width=\"1900\" height=\"1900\" src=\"https:\/\/jundiai.sp.gov.br\/financas\/wp-content\/uploads\/sites\/12\/2024\/07\/13-1.png\" alt=\"\" class=\"wp-image-6909\" style=\"width:144px\" srcset=\"https:\/\/jundiai.sp.gov.br\/financas\/wp-content\/uploads\/sites\/12\/2024\/07\/13-1.png 1900w, https:\/\/jundiai.sp.gov.br\/financas\/wp-content\/uploads\/sites\/12\/2024\/07\/13-1-300x300.png 300w, https:\/\/jundiai.sp.gov.br\/financas\/wp-content\/uploads\/sites\/12\/2024\/07\/13-1-960x960.png 960w, https:\/\/jundiai.sp.gov.br\/financas\/wp-content\/uploads\/sites\/12\/2024\/07\/13-1-100x100.png 100w, https:\/\/jundiai.sp.gov.br\/financas\/wp-content\/uploads\/sites\/12\/2024\/07\/13-1-768x768.png 768w, https:\/\/jundiai.sp.gov.br\/financas\/wp-content\/uploads\/sites\/12\/2024\/07\/13-1-1536x1536.png 1536w\" sizes=\"auto, (max-width: 1900px) 100vw, 1900px\" \/><\/a><\/figure>\n<\/div>\n\n\n\n<div class=\"wp-block-column is-layout-flow wp-block-column-is-layout-flow\">\n<figure class=\"wp-block-image size-full is-resized\"><a href=\"https:\/\/jundiai.sp.gov.br\/financas\/issqn\/arquivos-palestra-auditorio-elis-regina-dias-09-e-16-03-2018\/\"><img loading=\"lazy\" decoding=\"async\" width=\"1900\" height=\"1900\" src=\"https:\/\/jundiai.sp.gov.br\/financas\/wp-content\/uploads\/sites\/12\/2024\/07\/14-1.png\" alt=\"\" class=\"wp-image-6910\" style=\"width:144px\" srcset=\"https:\/\/jundiai.sp.gov.br\/financas\/wp-content\/uploads\/sites\/12\/2024\/07\/14-1.png 1900w, https:\/\/jundiai.sp.gov.br\/financas\/wp-content\/uploads\/sites\/12\/2024\/07\/14-1-300x300.png 300w, https:\/\/jundiai.sp.gov.br\/financas\/wp-content\/uploads\/sites\/12\/2024\/07\/14-1-960x960.png 960w, https:\/\/jundiai.sp.gov.br\/financas\/wp-content\/uploads\/sites\/12\/2024\/07\/14-1-100x100.png 100w, https:\/\/jundiai.sp.gov.br\/financas\/wp-content\/uploads\/sites\/12\/2024\/07\/14-1-768x768.png 768w, https:\/\/jundiai.sp.gov.br\/financas\/wp-content\/uploads\/sites\/12\/2024\/07\/14-1-1536x1536.png 1536w\" sizes=\"auto, (max-width: 1900px) 100vw, 1900px\" \/><\/a><\/figure>\n<\/div>\n\n\n\n<div class=\"wp-block-column is-layout-flow wp-block-column-is-layout-flow\">\n<figure class=\"wp-block-image size-full is-resized\"><a href=\"https:\/\/jundiai.sp.gov.br\/financas\/issqn\/contato\/\"><img loading=\"lazy\" decoding=\"async\" width=\"1900\" height=\"1900\" src=\"https:\/\/jundiai.sp.gov.br\/financas\/wp-content\/uploads\/sites\/12\/2024\/07\/15-1.png\" alt=\"\" class=\"wp-image-6911\" style=\"width:144px\" srcset=\"https:\/\/jundiai.sp.gov.br\/financas\/wp-content\/uploads\/sites\/12\/2024\/07\/15-1.png 1900w, https:\/\/jundiai.sp.gov.br\/financas\/wp-content\/uploads\/sites\/12\/2024\/07\/15-1-300x300.png 300w, https:\/\/jundiai.sp.gov.br\/financas\/wp-content\/uploads\/sites\/12\/2024\/07\/15-1-960x960.png 960w, https:\/\/jundiai.sp.gov.br\/financas\/wp-content\/uploads\/sites\/12\/2024\/07\/15-1-100x100.png 100w, https:\/\/jundiai.sp.gov.br\/financas\/wp-content\/uploads\/sites\/12\/2024\/07\/15-1-768x768.png 768w, https:\/\/jundiai.sp.gov.br\/financas\/wp-content\/uploads\/sites\/12\/2024\/07\/15-1-1536x1536.png 1536w\" sizes=\"auto, (max-width: 1900px) 100vw, 1900px\" \/><\/a><\/figure>\n<\/div>\n<\/div>\n","protected":false},"excerpt":{"rendered":"<p>O&nbsp;Imposto Sobre Servi\u00e7os de Qualquer Natureza (ISSQN), tamb\u00e9m conhecido como ISS, \u00e9 um tributo cobrado pelos munic\u00edpios e pelo Distrito Federal em opera\u00e7\u00f5es envolvendo servi\u00e7os. Por isso, todos os valores recolhidos a t\u00edtulo de ISS s\u00e3o destinados aos cofres p\u00fablicos municipais.&nbsp;<\/p>\n","protected":false},"author":5,"featured_media":0,"parent":0,"menu_order":0,"comment_status":"closed","ping_status":"closed","template":"","meta":{"footnotes":""},"class_list":["post-41","page","type-page","status-publish","hentry"],"_links":{"self":[{"href":"https:\/\/jundiai.sp.gov.br\/financas\/wp-json\/wp\/v2\/pages\/41","targetHints":{"allow":["GET"]}}],"collection":[{"href":"https:\/\/jundiai.sp.gov.br\/financas\/wp-json\/wp\/v2\/pages"}],"about":[{"href":"https:\/\/jundiai.sp.gov.br\/financas\/wp-json\/wp\/v2\/types\/page"}],"author":[{"embeddable":true,"href":"https:\/\/jundiai.sp.gov.br\/financas\/wp-json\/wp\/v2\/users\/5"}],"replies":[{"embeddable":true,"href":"https:\/\/jundiai.sp.gov.br\/financas\/wp-json\/wp\/v2\/comments?post=41"}],"version-history":[{"count":6,"href":"https:\/\/jundiai.sp.gov.br\/financas\/wp-json\/wp\/v2\/pages\/41\/revisions"}],"predecessor-version":[{"id":7003,"href":"https:\/\/jundiai.sp.gov.br\/financas\/wp-json\/wp\/v2\/pages\/41\/revisions\/7003"}],"wp:attachment":[{"href":"https:\/\/jundiai.sp.gov.br\/financas\/wp-json\/wp\/v2\/media?parent=41"}],"curies":[{"name":"wp","href":"https:\/\/api.w.org\/{rel}","templated":true}]}}