{"id":4120,"date":"2019-11-08T09:37:00","date_gmt":"2019-11-08T11:37:00","guid":{"rendered":"https:\/\/jundiai.sp.gov.br\/financas\/?page_id=4120"},"modified":"2024-01-16T14:21:22","modified_gmt":"2024-01-16T17:21:22","slug":"templos-religiosos-imoveis-locados-ou-cedidos","status":"publish","type":"page","link":"https:\/\/jundiai.sp.gov.br\/financas\/templos-religiosos-imoveis-locados-ou-cedidos\/","title":{"rendered":"Templos religiosos (im\u00f3veis cedidos)"},"content":{"rendered":"\n<p>Tributo a isentar:&nbsp;<strong>IPTU<\/strong><\/p>\n\n\n\n<p>T\u00eam direito a esse benef\u00edcio os im\u00f3veis cedidos \u00e0 institui\u00e7\u00f5es religiosas para utiliza\u00e7\u00e3o como templo destinado ao exerc\u00edcio de suas finalidades prec\u00edpuas.<\/p>\n\n\n\n<h3 class=\"wp-block-heading\">Como solicitar<\/h3>\n\n\n\n<p><strong>PREFERENCIALMENTE VIA E-MAIL &#8211;&nbsp;<\/strong><a href=\"mailto:atendimentofinancas@jundiai.sp.gov.br\" target=\"_blank\" rel=\"noopener\">atendimentofinancas@jundiai.<wbr>sp.gov.br<\/a><\/p>\n\n\n\n<p><strong>PRESENCIALMENTE &#8211; <\/strong>Poupatempo Jundia\u00ed &#8211; Avenida Uni\u00e3o dos Ferrovi\u00e1rios, 1760, Centro &#8211; Jundia\u00ed. Hor\u00e1rio de atendimento: de Segunda a Sexta-feira das 9h \u00e0s 17h e aos s\u00e1bados das 9h \u00e0s 13h.&nbsp;Os atendimentos s\u00e3o realizados EXCLUSIVAMENTE com hora marcada (<a href=\"https:\/\/www.poupatempo.sp.gov.br\/wps\/portal\/poupatempoTaOn\/servicos\/intermediarias\/municipios\/jundiai\" target=\"_blank\" rel=\"noopener\">fa\u00e7a seu agendamento aqui<\/a>).<\/p>\n\n\n\n<p><strong>Devem ser apresentados os seguintes documentos:<\/strong><\/p>\n\n\n\n<ul class=\"wp-block-list\">\n<li><a href=\"https:\/\/jundiai.sp.gov.br\/financas\/wp-content\/uploads\/sites\/12\/2021\/06\/form-sol-isencao-iptu-templos.pdf\">Formul\u00e1rio<\/a> devidamente preenchido;<\/li>\n\n\n\n<li>C\u00f3pia da capa do carn\u00ea de IPTU (onde constam os dados do im\u00f3vel);<\/li>\n\n\n\n<li>C\u00f3pia da <strong>Matr\u00edcula do Registro de Im\u00f3veis<\/strong> <b>atualizada<\/b> (com no m\u00e1ximo um ano de emiss\u00e3o) ou Escritura sem registro ou Contrato de compromisso de compra e venda (quando n\u00e3o estiver em nome do atual propriet\u00e1rio &#8211; verificar no carn\u00ea do IPTU);<\/li>\n\n\n\n<li>CPF e RG (comodat\u00e1rio ou procurador);<\/li>\n\n\n\n<li>Procura\u00e7\u00e3o (se assinado por terceiros);<\/li>\n\n\n\n<li>C\u00f3pia do Estatuto da institui\u00e7\u00e3o;<\/li>\n\n\n\n<li>C\u00f3pia do Cart\u00e3o de CNPJ da institui\u00e7\u00e3o;<\/li>\n\n\n\n<li>Ata de elei\u00e7\u00e3o da atual diretoria da institui\u00e7\u00e3o:<\/li>\n\n\n\n<li>C\u00f3pia do Contrato de Comodato <i>(contendo cl\u00e1usula expressa de responsabilidade do pagamento de IPTU pelo locat\u00e1rio\/comodat\u00e1rio)<\/i><\/li>\n\n\n\n<li><i>Comprova\u00e7\u00e3o da regulariza\u00e7\u00e3o urban\u00edstica, bem como, da regulariza\u00e7\u00e3o da atividade perante o Munic\u00edpio.<\/i><\/li>\n<\/ul>\n\n\n\n<p><strong>Observa\u00e7\u00e3o:<\/strong>&nbsp;Deve ser solicitado at\u00e9 o \u00faltimo dia \u00fatil do m\u00eas de dezembro de cada exerc\u00edcio, sob pena de perda do benef\u00edcio fiscal no ano seguinte.<\/p>\n","protected":false},"excerpt":{"rendered":"<p>Tributo a isentar:&nbsp;IPTU T\u00eam direito a esse benef\u00edcio os im\u00f3veis cedidos \u00e0 institui\u00e7\u00f5es religiosas para utiliza\u00e7\u00e3o como templo destinado ao exerc\u00edcio de suas finalidades prec\u00edpuas. Como solicitar PREFERENCIALMENTE VIA E-MAIL &#8211;&nbsp;atendimentofinancas@jundiai.sp.gov.br PRESENCIALMENTE &#8211; Poupatempo Jundia\u00ed &#8211; Avenida Uni\u00e3o dos Ferrovi\u00e1rios, 1760, Centro &#8211; Jundia\u00ed. Hor\u00e1rio de atendimento: de Segunda a Sexta-feira das 9h \u00e0s 17h [&hellip;]<\/p>\n","protected":false},"author":50,"featured_media":0,"parent":0,"menu_order":0,"comment_status":"closed","ping_status":"closed","template":"","meta":{"footnotes":""},"class_list":["post-4120","page","type-page","status-publish","hentry"],"_links":{"self":[{"href":"https:\/\/jundiai.sp.gov.br\/financas\/wp-json\/wp\/v2\/pages\/4120","targetHints":{"allow":["GET"]}}],"collection":[{"href":"https:\/\/jundiai.sp.gov.br\/financas\/wp-json\/wp\/v2\/pages"}],"about":[{"href":"https:\/\/jundiai.sp.gov.br\/financas\/wp-json\/wp\/v2\/types\/page"}],"author":[{"embeddable":true,"href":"https:\/\/jundiai.sp.gov.br\/financas\/wp-json\/wp\/v2\/users\/50"}],"replies":[{"embeddable":true,"href":"https:\/\/jundiai.sp.gov.br\/financas\/wp-json\/wp\/v2\/comments?post=4120"}],"version-history":[{"count":12,"href":"https:\/\/jundiai.sp.gov.br\/financas\/wp-json\/wp\/v2\/pages\/4120\/revisions"}],"predecessor-version":[{"id":6163,"href":"https:\/\/jundiai.sp.gov.br\/financas\/wp-json\/wp\/v2\/pages\/4120\/revisions\/6163"}],"wp:attachment":[{"href":"https:\/\/jundiai.sp.gov.br\/financas\/wp-json\/wp\/v2\/media?parent=4120"}],"curies":[{"name":"wp","href":"https:\/\/api.w.org\/{rel}","templated":true}]}}