{"id":45,"date":"2014-09-10T12:11:07","date_gmt":"2014-09-10T15:11:07","guid":{"rendered":"https:\/\/jundiai.sp.gov.br\/financas\/?page_id=45"},"modified":"2025-12-23T16:19:46","modified_gmt":"2025-12-23T19:19:46","slug":"legislacao","status":"publish","type":"page","link":"https:\/\/jundiai.sp.gov.br\/financas\/legislacao\/","title":{"rendered":"Legisla\u00e7\u00e3o"},"content":{"rendered":"\n<p><strong>LEIS&nbsp;<\/strong><\/p>\n\n\n\n<p><a href=\"https:\/\/jundiai.sp.gov.br\/financas\/wp-content\/uploads\/sites\/12\/2019\/12\/lei-no-9-353-de-12-de-dezembro-de-2019-2.pdf\">Lei n\u00ba 9.353, de 12 de dezembro de 2019<\/a> &#8211; Regula remiss\u00e3o de cr\u00e9ditos tribut\u00e1rios de pessoas f\u00edsicas e revoga as correlatas leis que especifica<\/p>\n\n\n\n<p><a href=\"https:\/\/jundiai.sp.gov.br\/financas\/wp-content\/uploads\/sites\/12\/2021\/06\/lei-8689-15-07-2016.pdf\">Lei 8689\/2016<\/a> &#8211; Institui a DECLARA\u00c7\u00c3O DE TRANSA\u00c7\u00d5ES IMOBILI\u00c1RIAS &#8211; DTI, de informa\u00e7\u00f5es sobre opera\u00e7\u00f5es de transmiss\u00f5es de im\u00f3veis<\/p>\n\n\n\n<div style=\"height:30px\" aria-hidden=\"true\" class=\"wp-block-spacer\"><\/div>\n\n\n\n<p><strong>LEIS COMPLEMENTARES<\/strong><\/p>\n\n\n\n<p><a href=\"https:\/\/jundiai.sp.gov.br\/financas\/wp-content\/uploads\/sites\/12\/2024\/12\/lei-ppipa-v-consolidada.pdf\" data-type=\"link\" data-id=\"https:\/\/jundiai.sp.gov.br\/financas\/wp-content\/uploads\/sites\/12\/2024\/12\/lei-ppipa-v-consolidada.pdf\">Lei Complementar n\u00ba 604\/2021<\/a> \u2013 Institui o Programa de Pagamento Incentivado de Parcelamento Administrativo (PPIPA V), de regulariza\u00e7\u00e3o de cr\u00e9ditos do Munic\u00edpio.<\/p>\n\n\n\n<p><u><span style=\"color: #990000\"><a href=\"https:\/\/jundiai.sp.gov.br\/financas\/wp-content\/uploads\/sites\/12\/2014\/09\/LCM-485-de-30-de-mar%C3%A7o-de-2010.pdf\" target=\"_blank\" rel=\"noopener noreferrer\">Lei Complementar n\u00ba 485\/2010<\/a><\/span><\/u> &#8211;&nbsp;Institui o Programa Municipal de Desonera\u00e7\u00e3o Tribut\u00e1ria para Habita\u00e7\u00f5es de Interesse Social, para fomento de empreendimentos habitacionais destinados&nbsp;\u00e0 popula\u00e7\u00e3o de baixa renda;<\/p>\n\n\n\n<p><a href=\"https:\/\/jundiai.sp.gov.br\/financas\/wp-content\/uploads\/sites\/12\/2025\/11\/ctm20250221.pdf\" target=\"_blank\" rel=\"noreferrer noopener\"><u>Lei Complementar n\u00ba 460\/2008<\/u><\/a> \u2013 Instituiu o novo C\u00f3digo Tribut\u00e1rio do Munic\u00edpio de Jundia\u00ed e d\u00e1 outras provid\u00eancias \u2013 atualizado at\u00e9 a Lei&nbsp;Complementar n\u00b0 628, de 7 de dezembro de 2023.&nbsp;<\/p>\n\n\n\n<ul class=\"wp-block-list\">\n<li><a href=\"https:\/\/jundiai.sp.gov.br\/financas\/wp-content\/uploads\/sites\/12\/2024\/04\/anexo-i_lei_complementar-460-2008_consolidacao.pdf\">Anexo I \u2013 Imposto sobre Servi\u00e7os de Qualquer Natureza<\/a>;<\/li>\n\n\n\n<li><a href=\"https:\/\/jundiai.sp.gov.br\/financas\/wp-content\/uploads\/sites\/12\/2022\/02\/anexo-i-a-atualizado-1.pdf\">Anexo I A \u2013 Imposto sobre Servi\u00e7os de Qualquer Natureza \u2013 Por Semestre;<\/a><\/li>\n\n\n\n<li><a href=\"https:\/\/jundiai.sp.gov.br\/financas\/wp-content\/uploads\/sites\/12\/2024\/04\/anexo-ii_lei_complementar-460-2008_consolidacao-1.pdf\">Anexo II \u2013 Taxa de Fiscaliza\u00e7\u00e3o de Licen\u00e7a para Localiza\u00e7\u00e3o e Funcionamento em Hor\u00e1rio Normal e Especial;<\/a><\/li>\n\n\n\n<li><a href=\"https:\/\/jundiai.sp.gov.br\/financas\/wp-content\/uploads\/sites\/12\/2020\/01\/anexo-iii-1.pdf\">Anexo III \u2013 Taxa de Fiscaliza\u00e7\u00e3o da Licen\u00e7a para o Exerc\u00edcio de Atividade do Com\u00e9rcio Ambulante e Eventual;<\/a><\/li>\n\n\n\n<li><a href=\"https:\/\/jundiai.sp.gov.br\/financas\/wp-content\/uploads\/sites\/12\/2014\/09\/Anexo-IV-Taxa-de-Fiscaliza\u00e7\u00e3o-da-Licen\u00e7a-para-a-Execu\u00e7\u00e3o-de-Obras-de-Constru\u00e7\u00e3o-Civil-e-Similares.pdf\">Anexo IV &#8211; Taxa de Fiscaliza\u00e7\u00e3o da Licen\u00e7a para a Execu\u00e7\u00e3o de Obras de Constru\u00e7\u00e3o Civil e Similares;<\/a><\/li>\n\n\n\n<li><a href=\"https:\/\/jundiai.sp.gov.br\/financas\/wp-content\/uploads\/sites\/12\/2023\/01\/talela-do-anexo-v.pdf\" target=\"_blank\" rel=\"noreferrer noopener\">Anexo V &#8211; Taxa de Fiscaliza\u00e7\u00e3o da Ocupa\u00e7\u00e3o e de Perman\u00eancia em \u00c1reas, Vias, Logradouros e Passeios P\u00fablicos, Solo e Feiras-Livres;<\/a><\/li>\n\n\n\n<li><a href=\"https:\/\/jundiai.sp.gov.br\/financas\/wp-content\/uploads\/sites\/12\/2024\/04\/anexo-vi_lei_complementar-460-2008_consolidacao.pdf\">Anexo VI \u2013 Taxa de Fiscaliza\u00e7\u00e3o da Licen\u00e7a de Publicidade;<\/a><strong>&nbsp;<\/strong><\/li>\n\n\n\n<li><a href=\"https:\/\/jundiai.sp.gov.br\/financas\/wp-content\/uploads\/sites\/12\/2024\/04\/anexo-vii_taxas-de-vigilancia-sanitaria_lei_complementar-460-2008_consolidacao.pdf\">Anexo VII &#8211; Taxas de Vigil\u00e2ncia Sanit\u00e1ria<\/a><\/li>\n<\/ul>\n\n\n\n<div style=\"height:30px\" aria-hidden=\"true\" class=\"wp-block-spacer\"><\/div>\n\n\n\n<p><strong>DECRETOS<\/strong><\/p>\n\n\n\n<p><strong><em>Atualiza\u00e7\u00f5es e vencimentos para o exerc\u00edcio de 202<\/em>6<\/strong><\/p>\n\n\n\n<p><a href=\"https:\/\/jundiai.sp.gov.br\/financas\/wp-content\/uploads\/sites\/12\/2025\/12\/decreto-35884-de-16-de-dezembro-de-2025-atualizacao-das-tabelas-i-vi-e-viii-da-planta-generica-de-valores-lei-3637_1990-e-alteracoes.pdf\">Decreto 35.884\/2025<\/a> \u2013 Atualiza\u00e7\u00e3o das tabelas I, VI e VIII, da Planta Gen\u00e9rica de Valores (Lei 3.637\/1990 e&nbsp;altera\u00e7\u00f5es);<\/p>\n\n\n\n<p><a href=\"https:\/\/jundiai.sp.gov.br\/financas\/wp-content\/uploads\/sites\/12\/2025\/12\/decreto-35883-de-16-de-dezembro-de-2025-taxa-de-coleta-de-lixo-custo-do-servico-publico-de-coleta-datas-de-vencimento-e-demais-regras.pdf\">Decreto 35.883\/2025<\/a> \u2013 Taxa de Coleta de Lixo \u2013 Custo de servi\u00e7o p\u00fablico de coleta, datas de vencimento e demais regras;<\/p>\n\n\n\n<p><a href=\"https:\/\/jundiai.sp.gov.br\/financas\/wp-content\/uploads\/sites\/12\/2025\/12\/decreto-35882-de-16-de-dezembro-de-2025-iptu-e-taxa-de-coleta-de-lixo-descontos-e-datas-de-vencimentos.pdf\">Decreto 35.882\/2025<\/a> \u2013 IPTU e Taxa de Coleta de Lixo \u2013 Descontos e datas de vencimento;<\/p>\n\n\n\n<p><a href=\"https:\/\/jundiai.sp.gov.br\/financas\/wp-content\/uploads\/sites\/12\/2025\/12\/decreto-35881-de-16-de-dezembro-de-2025-vencimentos-de-tributos-mobiliarios-relativos-ao-exercicio-2026.pdf\">Decreto 35.881\/2025<\/a> \u2013 Vencimento de tributos mobili\u00e1rios, relativo ao exerc\u00edcio de 2026;<\/p>\n\n\n\n<p><a href=\"https:\/\/jundiai.sp.gov.br\/financas\/wp-content\/uploads\/sites\/12\/2025\/12\/decreto-35885-de-16-de-dezembro-de-2025-atualizacao-monetaria-inclusive-novo-valor-ufm.pdf\">Decreto 35.885\/2025<\/a> \u2013 Atualiza\u00e7\u00e3o monet\u00e1ria (inclusive novo valor UFM).<\/p>\n\n\n\n<p><span style=\"text-decoration: underline\"><a rel=\"noopener noreferrer\" href=\"https:\/\/jundiai.sp.gov.br\/financas\/comercio-ambulante\/legislacao\/atualizacoes-e-vencimentos-para-anos-anteriores\/\" target=\"_blank\">Atualiza\u00e7\u00f5es e vencimentos para anos anteriores<\/a><\/span><\/p>\n\n\n\n<div style=\"height:30px\" aria-hidden=\"true\" class=\"wp-block-spacer\"><\/div>\n\n\n\n<p>        <strong><i>Demais Decretos<\/i><\/strong><\/p>\n\n\n\n<p><a href=\"https:\/\/jundiai.sp.gov.br\/financas\/wp-content\/uploads\/sites\/12\/2023\/12\/decreto-33586-2023.pdf\">Decreto n\u00ba 33.586\/2023<\/a> &#8211; regulamenta as obriga\u00e7\u00f5es acess\u00f3rias e os procedimentos administrativos do ITBI<\/p>\n\n\n\n<p><a href=\"https:\/\/jundiai.sp.gov.br\/financas\/wp-content\/uploads\/sites\/12\/2021\/05\/decreto-29790-2021.pdf\">Decreto n\u00b0 29.790\/2021<\/a> &#8211; Institui e regulamenta o Processo Administrativo Tribut\u00e1rio (e-PAT)<\/p>\n\n\n\n<p><a href=\"https:\/\/jundiai.sp.gov.br\/financas\/wp-content\/uploads\/sites\/12\/2021\/03\/decreto-no-29732-de-10-de-fevereiro-de-2021.pdf\">Decreto n\u00ba 29.732 de 10 de fevereiro de 2021<\/a>&nbsp;&#8211; Trata do Decreto de Governan\u00e7a Municipal<\/p>\n\n\n\n<p><a href=\"https:\/\/jundiai.sp.gov.br\/financas\/wp-content\/uploads\/sites\/12\/2021\/01\/decreto-no-25-594-de-22-de-dezembro-de-2020.pdf\" target=\"_blank\" rel=\"noopener\">Decreto n\u00ba 25.594, de 22 de dezembro de 2020 e&nbsp; seus anexos<\/a> &#8211; Trata da Liberdade Econ\u00f4mica.<\/p>\n\n\n\n<p><a href=\"https:\/\/jundiai.sp.gov.br\/financas\/wp-content\/uploads\/sites\/12\/2024\/08\/decreto-atualizado-1.pdf\">Decreto n\u00ba 28.655, de 09 de dezembro de 2019<\/a> \u2013 Estabelece procedimento a ser adotado para a inscri\u00e7\u00e3o em d\u00edvida ativa e cobran\u00e7a de cr\u00e9ditos oriundos de receitas tribut\u00e1rias e n\u00e3o tribut\u00e1rias do Munic\u00edpio.<\/p>\n\n\n\n<p><a href=\"https:\/\/jundiai.sp.gov.br\/financas\/wp-content\/uploads\/sites\/12\/2018\/03\/decreto-27-323-2018.pdf\">Decreto n\u00ba 27.323, de 20 de Fevereiro de 2018<\/a> \u2013 Altera artigos do Decreto 27.251\/2017, referente \u00e0 tributos municipais.<\/p>\n\n\n\n<p><a href=\"https:\/\/jundiai.sp.gov.br\/financas\/wp-content\/uploads\/sites\/12\/2018\/02\/decreto-27-251-2017.pdf\">Decreto n\u00ba 27.251, de 28 de Dezembro de 2017<\/a> Regulamenta a Lei Complementar n\u00ba 460, de 22 de Outubro de 2008, alterada pela Lei Complementar n\u00ba 580, de 27 de Setembro de 2017, referente \u00e0 tributos municipais.<\/p>\n\n\n\n<p><a href=\"https:\/\/sapl.jundiai.sp.leg.br\/sapl_documentos\/norma_juridica\/17222_texto_consolidado.pdf\">Decreto n\u00ba 27.250, de 28 de Dezembro de 2017<\/a> &#8211; Regulamenta a Lei Complementar n\u00ba 460, de 22 de Outubro de 2008, alterada pela Lei Complementar n\u00ba 580, de 27 de Setembro de 2017, referente ao Imposto sobre Servi\u00e7o de Qualquer Natureza &#8211; ISSQN.<\/p>\n\n\n\n<p><a href=\"https:\/\/jundiai.sp.gov.br\/financas\/wp-content\/uploads\/sites\/12\/2021\/03\/decreto-29-648.pdf\"><u>Decreto n\u00b0 29.648\/2021<\/u><\/a>&nbsp;&#8211; Altera&nbsp;o Decreto n\u00b0 27.250, de 28 de dezembro de 2017, referente ao Imposto Sobre Servi\u00e7o de Qualquer Natureza &#8211; ISSQN<\/p>\n\n\n\n<p><a href=\"https:\/\/jundiai.sp.gov.br\/administracao-e-gestao-de-pessoas\/wp-content\/uploads\/sites\/16\/2017\/06\/Decreto-n%C2%BA-23.005.2011.pdf\">Decreto n\u00ba 23.005\/2011<\/a> &#8211; Institui a Nota Fiscal de Servi\u00e7o Eletr\u00f4nica NFS-e;<\/p>\n\n\n\n<p><a href=\"https:\/\/jundiai.sp.gov.br\/financas\/wp-content\/uploads\/sites\/12\/2014\/09\/Decreto-n\u00ba-22.871.2011.pdf\">Decreto n\u00ba 22.871\/2011<\/a> &#8211; Regulamenta o procedimento para a expedi\u00e7\u00e3o, por meio eletr\u00f4nico, da Licen\u00e7a para Localiza\u00e7\u00e3o e Funcionamento de que trata a LC n\u00ba 460\/08.<\/p>\n\n\n\n<p><a href=\"https:\/\/jundiai.sp.gov.br\/financas\/wp-content\/uploads\/sites\/12\/2014\/09\/Decreto-n\u00ba-20.512.2006.pdf\">Decreto n\u00ba 20.512\/2006<\/a> &#8211; Institui o Balc\u00e3o do Empreendedor e regulamenta os procedimentos atinentes \u00e0 concess\u00e3o de licen\u00e7a para desenvolvimento de atividade.<\/p>\n\n\n\n<p><a href=\"https:\/\/jundiai.sp.gov.br\/financas\/wp-content\/uploads\/sites\/12\/2014\/09\/Decreto-n\u00ba-19.602.2004.pdf\">Decreto n\u00ba 19.602\/2004<\/a>&nbsp;&#8211;&nbsp;C\u00f3digo Tribut\u00e1rio Municipal Anterior (<strong>revogado pela LC n\u00ba 460\/2008<\/strong>).<\/p>\n\n\n\n<p><a href=\"https:\/\/jundiai.sp.gov.br\/financas\/wp-content\/uploads\/sites\/12\/2015\/02\/Decreto-17.899-14.07.2000-Planta-de-Valores-2.pdf\" target=\"_blank\" rel=\"noopener noreferrer\">Decreto n\u00ba 17.889\/2000<\/a> &#8211; Consolida as disposi\u00e7\u00f5es relativas \u00e0s <span style=\"text-decoration: underline\"><strong>Plantas de Valores de Im\u00f3veis, para fins de lan\u00e7amento de IPTU<\/strong><\/span>; Anexos &#8211; conforme <a href=\"https:\/\/jundiai.sp.gov.br\/financas\/wp-content\/uploads\/sites\/12\/2015\/02\/3624_integral-1.pdf\" target=\"_blank\" rel=\"noopener noreferrer\">Lei 3.637\/1990<\/a>.<\/p>\n\n\n\n<div style=\"height:30px\" aria-hidden=\"true\" class=\"wp-block-spacer\"><\/div>\n\n\n\n<p><strong>PORTARIAS<\/strong><\/p>\n\n\n\n<p><u><a href=\"https:\/\/jundiai.sp.gov.br\/financas\/wp-content\/uploads\/sites\/12\/2021\/03\/portaria_uggf_iss_cc_01_2021-1.pdf\">Portaria n\u00b0 01\/2021<\/a><\/u>&nbsp;&#8211; Fixa os valores por metro quadrado a serem utilizados na apura\u00e7\u00e3o do valor m\u00ednimo de m\u00e3o-de-obra aplicada na constru\u00e7\u00e3o civil para fins de c\u00e1lculo do ISSQN;<\/p>\n\n\n\n<p><a href=\"https:\/\/jundiai.sp.gov.br\/financas\/wp-content\/uploads\/sites\/12\/2021\/03\/anexoi_pauta_2021_ufm-1.pdf\"><u>Anexo I<\/u><\/a> &#8211;&nbsp;Pauta fiscal do valor m\u00ednimo da m\u00e3o-de-obra por metro quadrado de \u00e1rea constru\u00edda<\/p>\n\n\n\n<p><a href=\"https:\/\/jundiai.sp.gov.br\/financas\/wp-content\/uploads\/sites\/12\/2015\/08\/Portaria-SMF-N\u00ba-01-de-09-de-junho-de-2015.pdf\" target=\"_blank\" rel=\"noopener noreferrer\">Portaria n\u00ba 01\/2015<\/a> &#8211; Regulamenta a Certid\u00e3o de Confrontantes.<\/p>\n\n\n\n<p><a href=\"https:\/\/jundiai.sp.gov.br\/financas\/wp-content\/uploads\/sites\/12\/2014\/09\/Portaria-n\u00ba-75.2014.pdf\">Portaria n\u00ba 75\/2014<\/a> &#8211; Designa o coordenador e os gestores do Balc\u00e3o do Empreendedor na Web, nos termos do Decreto n\u00ba 22.871\/2011.<\/p>\n\n\n\n<p><a href=\"https:\/\/jundiai.sp.gov.br\/financas\/wp-content\/uploads\/sites\/12\/2014\/09\/Portaria-n\u00ba-03.2012.pdf\">Portaria n\u00ba 03\/2012<\/a> &#8211; Disp\u00f5e sobre a obrigatoriedade da emiss\u00e3o da Nota Fiscal de Servi\u00e7os Eletr\u00f4nica \u2013 NFS-e.<\/p>\n\n\n\n<p><a href=\"https:\/\/jundiai.sp.gov.br\/financas\/wp-content\/uploads\/sites\/12\/2014\/09\/Portaria-n\u00ba-02.2011.pdf\">Portaria n\u00ba 02\/2011<\/a> &#8211; Disp\u00f5e sobre a obrigatoriedade da emiss\u00e3o na Nota Fiscal de Servi\u00e7os Eletr\u00f4nica \u2013 NFS-e aos contribuintes que especifica.<\/p>\n\n\n\n<p><a href=\"https:\/\/jundiai.sp.gov.br\/financas\/wp-content\/uploads\/sites\/12\/2014\/09\/Portaria-n\u00ba-01.2006.pdf\">Portaria n\u00ba 01\/2006<\/a> &#8211; Disp\u00f5e sobre Certid\u00f5es de Tributos Municipais e Certid\u00e3o de Valor Venal.<\/p>\n\n\n\n<div style=\"height:30px\" aria-hidden=\"true\" class=\"wp-block-spacer\"><\/div>\n\n\n\n<p><b>INSTRU\u00c7\u00d5ES NORMATIVAS<\/b><\/p>\n\n\n\n<p><a href=\"https:\/\/jundiai.sp.gov.br\/financas\/wp-content\/uploads\/sites\/12\/2021\/08\/instrucao-normativa-no-01-de-2021-03-03-2021-validade-certidoes-1.pdf\">Instru\u00e7\u00e3o Normativa n\u00b0 01\/2021 <\/a>&nbsp;&#8211; Prazo de validade das certid\u00f5es relativas ao Imposto sobre Transmiss\u00e3o \u201cInter Vivos&#8221;<\/p>\n\n\n\n<p><a href=\"https:\/\/jundiai.sp.gov.br\/financas\/wp-content\/uploads\/sites\/12\/2014\/09\/Instru\u00e7\u00e3o-Normativa-n\u00ba-02.2014.pdf\">Instru\u00e7\u00e3o Normativa n\u00ba 02\/2014<\/a> &#8211; Disciplina os procedimentos e os documentos necess\u00e1rios \u00e0 an\u00e1lise de pedido de autoriza\u00e7\u00e3o para realiza\u00e7\u00e3o de eventos em \u00e1reas particulares.<\/p>\n\n\n\n<p><a href=\"https:\/\/jundiai.sp.gov.br\/financas\/wp-content\/uploads\/sites\/12\/2014\/09\/Instru\u00e7\u00e3o-Normativa-n\u00ba-01.2013.pdf\">Instru\u00e7\u00e3o Normativa n\u00ba 01\/2013<\/a> &#8211; Estabelece procedimentos a serem adotados pelos estabelecimentos banc\u00e1rios quanto \u00e0 arrecada\u00e7\u00e3o de tributos e demais receitas do munic\u00edpio.<\/p>\n\n\n\n<div style=\"height:30px\" aria-hidden=\"true\" class=\"wp-block-spacer\"><\/div>\n\n\n\n<p><strong>CHAMAMENTO<\/strong><\/p>\n\n\n\n<p><a href=\"https:\/\/jundiai.sp.gov.br\/financas\/wp-content\/uploads\/sites\/12\/2017\/11\/extrato-da-justificativa.pdf\">Processo n\u00ba 25.025\/2017<\/a>&nbsp;&#8211;&nbsp;Inexigibilidade de Convoca\u00e7\u00e3o P\u00fablica n\u00ba 01\/17<\/p>\n\n\n\n<p><\/p>\n","protected":false},"excerpt":{"rendered":"<p>LEIS&nbsp; Lei n\u00ba 9.353, de 12 de dezembro de 2019 &#8211; Regula remiss\u00e3o de cr\u00e9ditos tribut\u00e1rios de pessoas f\u00edsicas e revoga as correlatas leis que especifica Lei 8689\/2016 &#8211; Institui a DECLARA\u00c7\u00c3O DE TRANSA\u00c7\u00d5ES IMOBILI\u00c1RIAS &#8211; DTI, de informa\u00e7\u00f5es sobre opera\u00e7\u00f5es de transmiss\u00f5es de im\u00f3veis LEIS COMPLEMENTARES Lei Complementar n\u00ba 604\/2021 \u2013 Institui o Programa [&hellip;]<\/p>\n","protected":false},"author":5,"featured_media":0,"parent":0,"menu_order":0,"comment_status":"closed","ping_status":"closed","template":"","meta":{"footnotes":""},"class_list":["post-45","page","type-page","status-publish","hentry"],"_links":{"self":[{"href":"https:\/\/jundiai.sp.gov.br\/financas\/wp-json\/wp\/v2\/pages\/45","targetHints":{"allow":["GET"]}}],"collection":[{"href":"https:\/\/jundiai.sp.gov.br\/financas\/wp-json\/wp\/v2\/pages"}],"about":[{"href":"https:\/\/jundiai.sp.gov.br\/financas\/wp-json\/wp\/v2\/types\/page"}],"author":[{"embeddable":true,"href":"https:\/\/jundiai.sp.gov.br\/financas\/wp-json\/wp\/v2\/users\/5"}],"replies":[{"embeddable":true,"href":"https:\/\/jundiai.sp.gov.br\/financas\/wp-json\/wp\/v2\/comments?post=45"}],"version-history":[{"count":167,"href":"https:\/\/jundiai.sp.gov.br\/financas\/wp-json\/wp\/v2\/pages\/45\/revisions"}],"predecessor-version":[{"id":7267,"href":"https:\/\/jundiai.sp.gov.br\/financas\/wp-json\/wp\/v2\/pages\/45\/revisions\/7267"}],"wp:attachment":[{"href":"https:\/\/jundiai.sp.gov.br\/financas\/wp-json\/wp\/v2\/media?parent=45"}],"curies":[{"name":"wp","href":"https:\/\/api.w.org\/{rel}","templated":true}]}}