{"id":461,"date":"2014-09-19T10:59:21","date_gmt":"2014-09-19T13:59:21","guid":{"rendered":"https:\/\/jundiai.sp.gov.br\/financas\/?page_id=461"},"modified":"2017-03-20T11:29:19","modified_gmt":"2017-03-20T14:29:19","slug":"valor-venal","status":"publish","type":"page","link":"https:\/\/jundiai.sp.gov.br\/financas\/valor-venal\/","title":{"rendered":"Valor Venal"},"content":{"rendered":"<p>Esta certid\u00e3o demonstra o valor venal do im\u00f3vel, definido pela Planta de Valores, elaborada pelo munic\u00edpio. O Valor Venal \u00e9 base para o c\u00e1lculo do IPTU (<a href=\"https:\/\/jundiai.sp.gov.br\/financas\/iptu\/como-e-calculado\/\" target=\"_blank\">veja Como \u00e9 calculado o IPTU<\/a>).<\/p>\n<p><strong>Uso comum<\/strong>: Averba\u00e7\u00e3o da constru\u00e7\u00e3o no Cart\u00f3rio de Im\u00f3veis, comercializa\u00e7\u00e3o do im\u00f3vel, processo de invent\u00e1rio etc.<\/p>\n<p><a href=\"https:\/\/jundiai.sp.gov.br\/servicos-online\/certidao-contribuinte-imobiliario\/\"><strong>Imprimir Certid\u00e3o On Line<\/strong><\/a><\/p>\n<p><strong>Observa\u00e7\u00e3o<\/strong>: A certid\u00e3o disponibilizada pela internet \u00e9 a do ano corrente. Para certid\u00e3o de anos anteriores, a solicita\u00e7\u00e3o deve ser feita presencialmente (clique aqui para saber como).<\/p>\n","protected":false},"excerpt":{"rendered":"<p>Esta certid\u00e3o demonstra o valor venal do im\u00f3vel, definido pela Planta de Valores, elaborada pelo munic\u00edpio. O Valor Venal \u00e9 base para o c\u00e1lculo do IPTU (veja Como \u00e9 calculado o IPTU). Uso comum: Averba\u00e7\u00e3o da constru\u00e7\u00e3o no Cart\u00f3rio de Im\u00f3veis, comercializa\u00e7\u00e3o do im\u00f3vel, processo de invent\u00e1rio etc. Imprimir Certid\u00e3o On Line Observa\u00e7\u00e3o: A certid\u00e3o [&hellip;]<\/p>\n","protected":false},"author":5,"featured_media":0,"parent":0,"menu_order":0,"comment_status":"closed","ping_status":"closed","template":"","meta":{"footnotes":""},"class_list":["post-461","page","type-page","status-publish","hentry"],"_links":{"self":[{"href":"https:\/\/jundiai.sp.gov.br\/financas\/wp-json\/wp\/v2\/pages\/461","targetHints":{"allow":["GET"]}}],"collection":[{"href":"https:\/\/jundiai.sp.gov.br\/financas\/wp-json\/wp\/v2\/pages"}],"about":[{"href":"https:\/\/jundiai.sp.gov.br\/financas\/wp-json\/wp\/v2\/types\/page"}],"author":[{"embeddable":true,"href":"https:\/\/jundiai.sp.gov.br\/financas\/wp-json\/wp\/v2\/users\/5"}],"replies":[{"embeddable":true,"href":"https:\/\/jundiai.sp.gov.br\/financas\/wp-json\/wp\/v2\/comments?post=461"}],"version-history":[{"count":10,"href":"https:\/\/jundiai.sp.gov.br\/financas\/wp-json\/wp\/v2\/pages\/461\/revisions"}],"predecessor-version":[{"id":3259,"href":"https:\/\/jundiai.sp.gov.br\/financas\/wp-json\/wp\/v2\/pages\/461\/revisions\/3259"}],"wp:attachment":[{"href":"https:\/\/jundiai.sp.gov.br\/financas\/wp-json\/wp\/v2\/media?parent=461"}],"curies":[{"name":"wp","href":"https:\/\/api.w.org\/{rel}","templated":true}]}}