{"id":4798,"date":"2021-02-01T13:36:40","date_gmt":"2021-02-01T16:36:40","guid":{"rendered":"https:\/\/jundiai.sp.gov.br\/financas\/?page_id=4798"},"modified":"2021-02-12T16:04:13","modified_gmt":"2021-02-12T19:04:13","slug":"da-emissao-do-cancelamento-e-da-retificacao-de-nfs-e","status":"publish","type":"page","link":"https:\/\/jundiai.sp.gov.br\/financas\/issqn\/perguntas-frequentes\/da-emissao-do-cancelamento-e-da-retificacao-de-nfs-e\/","title":{"rendered":"2. Da Emiss\u00e3o, do Cancelamento e da Retifica\u00e7\u00e3o de NFS-e"},"content":{"rendered":"","protected":false},"excerpt":{"rendered":"","protected":false},"author":8,"featured_media":0,"parent":3687,"menu_order":2,"comment_status":"closed","ping_status":"closed","template":"","meta":{"footnotes":""},"class_list":["post-4798","page","type-page","status-publish","hentry"],"_links":{"self":[{"href":"https:\/\/jundiai.sp.gov.br\/financas\/wp-json\/wp\/v2\/pages\/4798","targetHints":{"allow":["GET"]}}],"collection":[{"href":"https:\/\/jundiai.sp.gov.br\/financas\/wp-json\/wp\/v2\/pages"}],"about":[{"href":"https:\/\/jundiai.sp.gov.br\/financas\/wp-json\/wp\/v2\/types\/page"}],"author":[{"embeddable":true,"href":"https:\/\/jundiai.sp.gov.br\/financas\/wp-json\/wp\/v2\/users\/8"}],"replies":[{"embeddable":true,"href":"https:\/\/jundiai.sp.gov.br\/financas\/wp-json\/wp\/v2\/comments?post=4798"}],"version-history":[{"count":6,"href":"https:\/\/jundiai.sp.gov.br\/financas\/wp-json\/wp\/v2\/pages\/4798\/revisions"}],"predecessor-version":[{"id":4934,"href":"https:\/\/jundiai.sp.gov.br\/financas\/wp-json\/wp\/v2\/pages\/4798\/revisions\/4934"}],"up":[{"embeddable":true,"href":"https:\/\/jundiai.sp.gov.br\/financas\/wp-json\/wp\/v2\/pages\/3687"}],"wp:attachment":[{"href":"https:\/\/jundiai.sp.gov.br\/financas\/wp-json\/wp\/v2\/media?parent=4798"}],"curies":[{"name":"wp","href":"https:\/\/api.w.org\/{rel}","templated":true}]}}