{"id":4898,"date":"2021-02-12T15:22:07","date_gmt":"2021-02-12T18:22:07","guid":{"rendered":"https:\/\/jundiai.sp.gov.br\/financas\/?page_id=4898"},"modified":"2023-05-02T10:33:00","modified_gmt":"2023-05-02T13:33:00","slug":"2-01-como-e-emitida-a-nfs-e-jundiai","status":"publish","type":"page","link":"https:\/\/jundiai.sp.gov.br\/financas\/issqn\/perguntas-frequentes\/da-emissao-do-cancelamento-e-da-retificacao-de-nfs-e\/2-01-como-e-emitida-a-nfs-e-jundiai\/","title":{"rendered":"2.01. Como \u00e9 emitida a NFS-e Jundia\u00ed?"},"content":{"rendered":"\n<p>A NFS-e Jundia\u00ed pode ser emitida online via internet pelos prestadores de servi\u00e7os devidamente cadastrados no Munic\u00edpio de Jundia\u00ed, atrav\u00e9s site da\u00a0<strong><a rel=\"noreferrer noopener\" href=\"https:\/\/jundiai.giss.com.br\/\" target=\"_blank\">Nova GISS Online<\/a><\/strong>. Os contribuintes poder\u00e3o emitir em a NFS-e Jundia\u00ed em lote, devendo emitir 1 (um) RPS para cada presta\u00e7\u00e3o de servi\u00e7o efetuada, bem como providenciar a convers\u00e3o desses RPS em NFS-e Jundia\u00ed por meio de remessa do RPS em arquivo tipo \u201cXML\u201d, com layout espec\u00edfico, dispon\u00edvel no sistema eletr\u00f4nico, conforme instru\u00e7\u00f5es constantes do <a rel=\"noreferrer noopener\" href=\"https:\/\/jundiai.sp.gov.br\/financas\/wp-content\/uploads\/sites\/12\/2018\/04\/manual_integracao_v3_ginfes.pdf\" target=\"_blank\">manual de integra\u00e7\u00e3o<\/a>.<\/p>\n","protected":false},"excerpt":{"rendered":"<p>A NFS-e Jundia\u00ed pode ser emitida online via internet pelos prestadores de servi\u00e7os devidamente cadastrados no Munic\u00edpio de Jundia\u00ed, atrav\u00e9s site da\u00a0Nova GISS Online. Os contribuintes poder\u00e3o emitir em a NFS-e Jundia\u00ed em lote, devendo emitir 1 (um) RPS para cada presta\u00e7\u00e3o de servi\u00e7o efetuada, bem como providenciar a convers\u00e3o desses RPS em NFS-e Jundia\u00ed [&hellip;]<\/p>\n","protected":false},"author":8,"featured_media":0,"parent":4798,"menu_order":1,"comment_status":"closed","ping_status":"closed","template":"","meta":{"footnotes":""},"class_list":["post-4898","page","type-page","status-publish","hentry"],"_links":{"self":[{"href":"https:\/\/jundiai.sp.gov.br\/financas\/wp-json\/wp\/v2\/pages\/4898","targetHints":{"allow":["GET"]}}],"collection":[{"href":"https:\/\/jundiai.sp.gov.br\/financas\/wp-json\/wp\/v2\/pages"}],"about":[{"href":"https:\/\/jundiai.sp.gov.br\/financas\/wp-json\/wp\/v2\/types\/page"}],"author":[{"embeddable":true,"href":"https:\/\/jundiai.sp.gov.br\/financas\/wp-json\/wp\/v2\/users\/8"}],"replies":[{"embeddable":true,"href":"https:\/\/jundiai.sp.gov.br\/financas\/wp-json\/wp\/v2\/comments?post=4898"}],"version-history":[{"count":3,"href":"https:\/\/jundiai.sp.gov.br\/financas\/wp-json\/wp\/v2\/pages\/4898\/revisions"}],"predecessor-version":[{"id":5910,"href":"https:\/\/jundiai.sp.gov.br\/financas\/wp-json\/wp\/v2\/pages\/4898\/revisions\/5910"}],"up":[{"embeddable":true,"href":"https:\/\/jundiai.sp.gov.br\/financas\/wp-json\/wp\/v2\/pages\/4798"}],"wp:attachment":[{"href":"https:\/\/jundiai.sp.gov.br\/financas\/wp-json\/wp\/v2\/media?parent=4898"}],"curies":[{"name":"wp","href":"https:\/\/api.w.org\/{rel}","templated":true}]}}