{"id":4907,"date":"2021-02-12T15:38:40","date_gmt":"2021-02-12T18:38:40","guid":{"rendered":"https:\/\/jundiai.sp.gov.br\/financas\/?page_id=4907"},"modified":"2021-02-12T15:38:41","modified_gmt":"2021-02-12T18:38:41","slug":"2-05-pode-se-cancelar-ou-substituir-uma-nfs-e-jundiai-emitida","status":"publish","type":"page","link":"https:\/\/jundiai.sp.gov.br\/financas\/issqn\/perguntas-frequentes\/da-emissao-do-cancelamento-e-da-retificacao-de-nfs-e\/2-05-pode-se-cancelar-ou-substituir-uma-nfs-e-jundiai-emitida\/","title":{"rendered":"2.05. Pode-se cancelar ou substituir uma NFS-e Jundia\u00ed emitida?"},"content":{"rendered":"\n<p>Conforme art. 20 do Decreto n\u00b0 <a href=\"https:\/\/intranet.jundiai.sp.gov.br\/auditoresfiscais\/wp-content\/uploads\/2021\/01\/Decreto-29.648.pdf\">29.648, de 18 de janeiro de 2021<\/a>, a Nota Fiscal de Servi\u00e7os Eletr\u00f4nica \u2013 NFS-e, somente ser\u00e1 cancelada nos seguintes casos:&nbsp;<\/p>\n\n\n\n<p>I &#8211; servi\u00e7o n\u00e3o prestado;<\/p>\n\n\n\n<p>II &#8211; duplicidade na emiss\u00e3o do documento;&nbsp;<\/p>\n\n\n\n<p>III &#8211; erro na compet\u00eancia informada; e,&nbsp;<\/p>\n\n\n\n<p>IV &#8211; erro no tomador do servi\u00e7o.&nbsp;<\/p>\n\n\n\n<p>A Nota Fiscal de Servi\u00e7os Eletr\u00f4nica \u2013 NFS-e poder\u00e1 ser cancelada pelo pr\u00f3prio emitente, por meio do sistema eletr\u00f4nico disponibilizado pelo Munic\u00edpio, at\u00e9 o 15\u00ba (d\u00e9cimo quinto) dia do m\u00eas subsequente ao da compet\u00eancia da presta\u00e7\u00e3o do servi\u00e7o.<\/p>\n\n\n\n<p>Ap\u00f3s o prazo estabelecido, a Nota Fiscal de Servi\u00e7os Eletr\u00f4nica \u2013 NFS-e s\u00f3 poder\u00e1 ser cancelada mediante processo administrativo, com a apresenta\u00e7\u00e3o dos seguintes documentos:&nbsp;<\/p>\n\n\n\n<p>I &#8211; requerimento preenchido e assinado pelo prestador do servi\u00e7o ou representante legal, com a motiva\u00e7\u00e3o do pedido;&nbsp;<\/p>\n\n\n\n<p>II &#8211; instrumento de procura\u00e7\u00e3o assinado pelo prestador do servi\u00e7o, caso nomeado procurador;&nbsp;<\/p>\n\n\n\n<p>III &#8211; c\u00f3pia da \u00faltima altera\u00e7\u00e3o do contrato social, ou instrumento equivalente, do prestador e do tomador do servi\u00e7o;&nbsp;<\/p>\n\n\n\n<p>IV &#8211; declara\u00e7\u00e3o de anu\u00eancia do tomador do servi\u00e7o: a) original; ou b) e-mail enviado pelo tomador ao prestador do servi\u00e7o, juntamente com a c\u00f3pia digitalizada da anu\u00eancia;&nbsp;<\/p>\n\n\n\n<p>V &#8211; instrumento de procura\u00e7\u00e3o assinado pelo tomador do servi\u00e7o, caso nomeado procurador; VI &#8211; c\u00f3pia da NFS-e cujo pedido de cancelamento est\u00e1 sendo solicitado; e,<\/p>\n\n\n\n<p>VII &#8211; outros documentos poder\u00e3o ser solicitados a crit\u00e9rio do Fisco.<\/p>\n\n\n\n<p>A Nota Fiscal de Servi\u00e7os Eletr\u00f4nica \u2013 NFS-e n\u00e3o poder\u00e1 ser cancelada em raz\u00e3o do n\u00e3o recebimento do pre\u00e7o do servi\u00e7o.&nbsp;<\/p>\n\n\n\n<p>Conforme disp\u00f5e o art. 20-A do Decreto n\u00b0 <a href=\"https:\/\/intranet.jundiai.sp.gov.br\/auditoresfiscais\/wp-content\/uploads\/2021\/01\/Decreto-29.648.pdf\">29.648, de 18 de janeiro de 2021<\/a>, fica vedado o cancelamento da Nota Fiscal de Servi\u00e7os Eletr\u00f4nica \u2013 NFS-e ap\u00f3s o prazo de 180 (cento e oitenta) dias de sua emiss\u00e3o.&nbsp;<\/p>\n\n\n\n<p>Conforme disp\u00f5e o art. 20-B do Decreto n\u00b0 <a href=\"https:\/\/intranet.jundiai.sp.gov.br\/auditoresfiscais\/wp-content\/uploads\/2021\/01\/Decreto-29.648.pdf\">29.648, de 18 de janeiro de 2021<\/a> , a NFS-e poder\u00e1 ser substitu\u00edda pelo contribuinte, diretamente no sistema eletr\u00f4nico de emiss\u00e3o de NFS-e disponibilizado pelo munic\u00edpio, at\u00e9 o 15\u00ba (d\u00e9cimo quinto) dia do m\u00eas subsequente ao da compet\u00eancia da presta\u00e7\u00e3o do servi\u00e7o, para corre\u00e7\u00f5es de erros de preenchimento, exceto quando se tratar dos campos compet\u00eancia e tomador do servi\u00e7o\u201d.<\/p>\n","protected":false},"excerpt":{"rendered":"<p>Conforme art. 20 do Decreto n\u00b0 29.648, de 18 de janeiro de 2021, a Nota Fiscal de Servi\u00e7os Eletr\u00f4nica \u2013 NFS-e, somente ser\u00e1 cancelada nos seguintes casos:&nbsp; I &#8211; servi\u00e7o n\u00e3o prestado; II &#8211; duplicidade na emiss\u00e3o do documento;&nbsp; III &#8211; erro na compet\u00eancia informada; e,&nbsp; IV &#8211; erro no tomador do servi\u00e7o.&nbsp; A Nota [&hellip;]<\/p>\n","protected":false},"author":8,"featured_media":0,"parent":4798,"menu_order":5,"comment_status":"closed","ping_status":"closed","template":"","meta":{"footnotes":""},"class_list":["post-4907","page","type-page","status-publish","hentry"],"_links":{"self":[{"href":"https:\/\/jundiai.sp.gov.br\/financas\/wp-json\/wp\/v2\/pages\/4907","targetHints":{"allow":["GET"]}}],"collection":[{"href":"https:\/\/jundiai.sp.gov.br\/financas\/wp-json\/wp\/v2\/pages"}],"about":[{"href":"https:\/\/jundiai.sp.gov.br\/financas\/wp-json\/wp\/v2\/types\/page"}],"author":[{"embeddable":true,"href":"https:\/\/jundiai.sp.gov.br\/financas\/wp-json\/wp\/v2\/users\/8"}],"replies":[{"embeddable":true,"href":"https:\/\/jundiai.sp.gov.br\/financas\/wp-json\/wp\/v2\/comments?post=4907"}],"version-history":[{"count":1,"href":"https:\/\/jundiai.sp.gov.br\/financas\/wp-json\/wp\/v2\/pages\/4907\/revisions"}],"predecessor-version":[{"id":4908,"href":"https:\/\/jundiai.sp.gov.br\/financas\/wp-json\/wp\/v2\/pages\/4907\/revisions\/4908"}],"up":[{"embeddable":true,"href":"https:\/\/jundiai.sp.gov.br\/financas\/wp-json\/wp\/v2\/pages\/4798"}],"wp:attachment":[{"href":"https:\/\/jundiai.sp.gov.br\/financas\/wp-json\/wp\/v2\/media?parent=4907"}],"curies":[{"name":"wp","href":"https:\/\/api.w.org\/{rel}","templated":true}]}}