{"id":4930,"date":"2021-02-12T16:02:42","date_gmt":"2021-02-12T19:02:42","guid":{"rendered":"https:\/\/jundiai.sp.gov.br\/financas\/?page_id=4930"},"modified":"2021-02-12T16:02:42","modified_gmt":"2021-02-12T19:02:42","slug":"2-14-e-possivel-efetuar-a-reimpressao-de-nfs-e-emitida","status":"publish","type":"page","link":"https:\/\/jundiai.sp.gov.br\/financas\/issqn\/perguntas-frequentes\/da-emissao-do-cancelamento-e-da-retificacao-de-nfs-e\/2-14-e-possivel-efetuar-a-reimpressao-de-nfs-e-emitida\/","title":{"rendered":"2.14. \u00c9 poss\u00edvel efetuar a reimpress\u00e3o de NFS-e emitida?"},"content":{"rendered":"\n<p>Sim. As NFS-e emitidas poder\u00e3o ser consultadas e impressas sempre que o usu\u00e1rio quiser. Para isso, <a rel=\"noreferrer noopener\" href=\"https:\/\/jundiai.ginfes.com.br\/\" target=\"_blank\">acesse a p\u00e1gina da GINFES<\/a>.<\/p>\n","protected":false},"excerpt":{"rendered":"<p>Sim. As NFS-e emitidas poder\u00e3o ser consultadas e impressas sempre que o usu\u00e1rio quiser. Para isso, acesse a p\u00e1gina da GINFES.<\/p>\n","protected":false},"author":8,"featured_media":0,"parent":4798,"menu_order":14,"comment_status":"closed","ping_status":"closed","template":"","meta":{"footnotes":""},"class_list":["post-4930","page","type-page","status-publish","hentry"],"_links":{"self":[{"href":"https:\/\/jundiai.sp.gov.br\/financas\/wp-json\/wp\/v2\/pages\/4930","targetHints":{"allow":["GET"]}}],"collection":[{"href":"https:\/\/jundiai.sp.gov.br\/financas\/wp-json\/wp\/v2\/pages"}],"about":[{"href":"https:\/\/jundiai.sp.gov.br\/financas\/wp-json\/wp\/v2\/types\/page"}],"author":[{"embeddable":true,"href":"https:\/\/jundiai.sp.gov.br\/financas\/wp-json\/wp\/v2\/users\/8"}],"replies":[{"embeddable":true,"href":"https:\/\/jundiai.sp.gov.br\/financas\/wp-json\/wp\/v2\/comments?post=4930"}],"version-history":[{"count":1,"href":"https:\/\/jundiai.sp.gov.br\/financas\/wp-json\/wp\/v2\/pages\/4930\/revisions"}],"predecessor-version":[{"id":4931,"href":"https:\/\/jundiai.sp.gov.br\/financas\/wp-json\/wp\/v2\/pages\/4930\/revisions\/4931"}],"up":[{"embeddable":true,"href":"https:\/\/jundiai.sp.gov.br\/financas\/wp-json\/wp\/v2\/pages\/4798"}],"wp:attachment":[{"href":"https:\/\/jundiai.sp.gov.br\/financas\/wp-json\/wp\/v2\/media?parent=4930"}],"curies":[{"name":"wp","href":"https:\/\/api.w.org\/{rel}","templated":true}]}}