{"id":4945,"date":"2021-02-12T16:12:17","date_gmt":"2021-02-12T19:12:17","guid":{"rendered":"https:\/\/jundiai.sp.gov.br\/financas\/?page_id=4945"},"modified":"2021-02-12T16:12:18","modified_gmt":"2021-02-12T19:12:18","slug":"4-01-qual-e-a-data-de-vencimento-do-iss-referente-as-nfs-e","status":"publish","type":"page","link":"https:\/\/jundiai.sp.gov.br\/financas\/issqn\/perguntas-frequentes\/emissao-de-guia-de-recolhimento\/4-01-qual-e-a-data-de-vencimento-do-iss-referente-as-nfs-e\/","title":{"rendered":"4.01. Qual \u00e9 a data de vencimento do ISS referente \u00e0s NFS-e?"},"content":{"rendered":"\n<p>Ser\u00e1 no dia 25 de cada m\u00eas, sendo que, nos meses em que n\u00e3o coincidir com dia \u00fatil (s\u00e1bados, domingos e feriados), dever\u00e1 ser prorrogado para o primeiro dia \u00fatil seguinte conforme disposto no\u00a0<a href=\"https:\/\/jundiai.sp.gov.br\/financas\/wp-content\/uploads\/sites\/12\/2019\/01\/decreto-27927_2018.pdf\">Decreto n\u00ba 29.573\/2020.<\/a><\/p>\n","protected":false},"excerpt":{"rendered":"<p>Ser\u00e1 no dia 25 de cada m\u00eas, sendo que, nos meses em que n\u00e3o coincidir com dia \u00fatil (s\u00e1bados, domingos e feriados), dever\u00e1 ser prorrogado para o primeiro dia \u00fatil seguinte conforme disposto no\u00a0Decreto n\u00ba 29.573\/2020.<\/p>\n","protected":false},"author":8,"featured_media":0,"parent":4803,"menu_order":1,"comment_status":"closed","ping_status":"closed","template":"","meta":{"footnotes":""},"class_list":["post-4945","page","type-page","status-publish","hentry"],"_links":{"self":[{"href":"https:\/\/jundiai.sp.gov.br\/financas\/wp-json\/wp\/v2\/pages\/4945","targetHints":{"allow":["GET"]}}],"collection":[{"href":"https:\/\/jundiai.sp.gov.br\/financas\/wp-json\/wp\/v2\/pages"}],"about":[{"href":"https:\/\/jundiai.sp.gov.br\/financas\/wp-json\/wp\/v2\/types\/page"}],"author":[{"embeddable":true,"href":"https:\/\/jundiai.sp.gov.br\/financas\/wp-json\/wp\/v2\/users\/8"}],"replies":[{"embeddable":true,"href":"https:\/\/jundiai.sp.gov.br\/financas\/wp-json\/wp\/v2\/comments?post=4945"}],"version-history":[{"count":1,"href":"https:\/\/jundiai.sp.gov.br\/financas\/wp-json\/wp\/v2\/pages\/4945\/revisions"}],"predecessor-version":[{"id":4946,"href":"https:\/\/jundiai.sp.gov.br\/financas\/wp-json\/wp\/v2\/pages\/4945\/revisions\/4946"}],"up":[{"embeddable":true,"href":"https:\/\/jundiai.sp.gov.br\/financas\/wp-json\/wp\/v2\/pages\/4803"}],"wp:attachment":[{"href":"https:\/\/jundiai.sp.gov.br\/financas\/wp-json\/wp\/v2\/media?parent=4945"}],"curies":[{"name":"wp","href":"https:\/\/api.w.org\/{rel}","templated":true}]}}