{"id":4990,"date":"2021-02-12T16:34:50","date_gmt":"2021-02-12T19:34:50","guid":{"rendered":"https:\/\/jundiai.sp.gov.br\/financas\/?page_id=4990"},"modified":"2021-02-12T16:34:50","modified_gmt":"2021-02-12T19:34:50","slug":"11-01-o-que-e-recibo-provisorio-de-servicos-rps","status":"publish","type":"page","link":"https:\/\/jundiai.sp.gov.br\/financas\/issqn\/perguntas-frequentes\/recibo-provisorio-de-servicos-rps\/11-01-o-que-e-recibo-provisorio-de-servicos-rps\/","title":{"rendered":"11.01. O que \u00e9 Recibo Provis\u00f3rio de Servi\u00e7os &#8211; RPS?"},"content":{"rendered":"\n<p>a) Para os contribuintes que possuem regime de emiss\u00e3o online da NFS-e Jundia\u00ed, \u00e9 o documento que dever\u00e1 ser usado no eventual impedimento de sua emiss\u00e3o online (problema de conex\u00e3o com internet, por exemplo).<\/p>\n\n\n\n<p>b) Para os aqueles que possuem emiss\u00e3o da NFS-e Jundia\u00ed em lote, o contribuinte dever\u00e1 emitir 1 (um) RPS para cada presta\u00e7\u00e3o de servi\u00e7o efetuada, devendo providenciar a convers\u00e3o desses RPS em NFS-e Jundia\u00ed por meio de remessa do RPS em arquivo tipo \u201cXML\u201d, com layout espec\u00edfico, dispon\u00edvel no sistema eletr\u00f4nico, conforme instru\u00e7\u00f5es constantes do <a href=\"https:\/\/jundiai.sp.gov.br\/financas\/wp-content\/uploads\/sites\/12\/2018\/04\/manual_integracao_v3_ginfes.pdf\" target=\"_blank\" rel=\"noreferrer noopener\">manual de integra\u00e7\u00e3o<\/a>.<\/p>\n\n\n\n<p>O Recibo Provis\u00f3rio de Servi\u00e7os &#8211; RPS ser\u00e1 numerado obrigatoriamente em ordem crescente sequencial, a partir do n\u00ba 1 (um).<\/p>\n\n\n\n<p>A n\u00e3o substitui\u00e7\u00e3o do Recibo Provis\u00f3rio de Servi\u00e7os -RPS pela Nota Fiscal de Servi\u00e7os Eletr\u00f4nica \u2013 NFS-e, no prazo de 05 (cinco) dias \u00fateis, equipara-se \u00e0 n\u00e3o emiss\u00e3o da nota fiscal de servi\u00e7o, para efeito de aplica\u00e7\u00e3o da penalidade prevista no art. 280, inciso IV, al\u00ednea \u201ci\u201d, da <a href=\"https:\/\/jundiai.sp.gov.br\/financas\/wp-content\/uploads\/sites\/12\/2019\/01\/codigo-tributario-em-pdf-atualizado-ate-lc-587-2018-2.pdf\" target=\"_blank\" rel=\"noreferrer noopener\">Lei Complementar n\u00ba 460, de 22 de outubro de 2008<\/a>, e suas altera\u00e7\u00f5es.<\/p>\n","protected":false},"excerpt":{"rendered":"<p>a) Para os contribuintes que possuem regime de emiss\u00e3o online da NFS-e Jundia\u00ed, \u00e9 o documento que dever\u00e1 ser usado no eventual impedimento de sua emiss\u00e3o online (problema de conex\u00e3o com internet, por exemplo). b) Para os aqueles que possuem emiss\u00e3o da NFS-e Jundia\u00ed em lote, o contribuinte dever\u00e1 emitir 1 (um) RPS para cada [&hellip;]<\/p>\n","protected":false},"author":8,"featured_media":0,"parent":4825,"menu_order":1,"comment_status":"closed","ping_status":"closed","template":"","meta":{"footnotes":""},"class_list":["post-4990","page","type-page","status-publish","hentry"],"_links":{"self":[{"href":"https:\/\/jundiai.sp.gov.br\/financas\/wp-json\/wp\/v2\/pages\/4990","targetHints":{"allow":["GET"]}}],"collection":[{"href":"https:\/\/jundiai.sp.gov.br\/financas\/wp-json\/wp\/v2\/pages"}],"about":[{"href":"https:\/\/jundiai.sp.gov.br\/financas\/wp-json\/wp\/v2\/types\/page"}],"author":[{"embeddable":true,"href":"https:\/\/jundiai.sp.gov.br\/financas\/wp-json\/wp\/v2\/users\/8"}],"replies":[{"embeddable":true,"href":"https:\/\/jundiai.sp.gov.br\/financas\/wp-json\/wp\/v2\/comments?post=4990"}],"version-history":[{"count":1,"href":"https:\/\/jundiai.sp.gov.br\/financas\/wp-json\/wp\/v2\/pages\/4990\/revisions"}],"predecessor-version":[{"id":4991,"href":"https:\/\/jundiai.sp.gov.br\/financas\/wp-json\/wp\/v2\/pages\/4990\/revisions\/4991"}],"up":[{"embeddable":true,"href":"https:\/\/jundiai.sp.gov.br\/financas\/wp-json\/wp\/v2\/pages\/4825"}],"wp:attachment":[{"href":"https:\/\/jundiai.sp.gov.br\/financas\/wp-json\/wp\/v2\/media?parent=4990"}],"curies":[{"name":"wp","href":"https:\/\/api.w.org\/{rel}","templated":true}]}}