{"id":5004,"date":"2021-02-12T16:38:11","date_gmt":"2021-02-12T19:38:11","guid":{"rendered":"https:\/\/jundiai.sp.gov.br\/financas\/?page_id=5004"},"modified":"2021-02-12T16:38:11","modified_gmt":"2021-02-12T19:38:11","slug":"12-01-o-que-e-cadastro-fiscal-mobiliario-cfm","status":"publish","type":"page","link":"https:\/\/jundiai.sp.gov.br\/financas\/issqn\/perguntas-frequentes\/cadastro-fiscal-mobiliario-cfm\/12-01-o-que-e-cadastro-fiscal-mobiliario-cfm\/","title":{"rendered":"12.01. O que \u00e9 Cadastro Fiscal Mobili\u00e1rio &#8211; CFM?"},"content":{"rendered":"\n<p>\u00c9 o cadastro feito pela Prefeitura Municipal de Jundia\u00ed dos prestadores de servi\u00e7os, por meio dele ter\u00e1 acesso para emiss\u00e3o da NFS-e de Jundia\u00ed no <a href=\"https:\/\/jundiai.ginfes.com.br\/\" target=\"_blank\" rel=\"noreferrer noopener\">site da GINFES<\/a>.<\/p>\n\n\n\n<p>O cadastro \u00e9 feito atrav\u00e9s do <a href=\"https:\/\/web.cijun.sp.gov.br\/PMJ\/BE\/TermosCondicoes.aspx\" target=\"_blank\" rel=\"noreferrer noopener\">Balc\u00e3o do Empreendedor<\/a>.<\/p>\n","protected":false},"excerpt":{"rendered":"<p>\u00c9 o cadastro feito pela Prefeitura Municipal de Jundia\u00ed dos prestadores de servi\u00e7os, por meio dele ter\u00e1 acesso para emiss\u00e3o da NFS-e de Jundia\u00ed no site da GINFES. O cadastro \u00e9 feito atrav\u00e9s do Balc\u00e3o do Empreendedor.<\/p>\n","protected":false},"author":8,"featured_media":0,"parent":4829,"menu_order":1,"comment_status":"closed","ping_status":"closed","template":"","meta":{"footnotes":""},"class_list":["post-5004","page","type-page","status-publish","hentry"],"_links":{"self":[{"href":"https:\/\/jundiai.sp.gov.br\/financas\/wp-json\/wp\/v2\/pages\/5004","targetHints":{"allow":["GET"]}}],"collection":[{"href":"https:\/\/jundiai.sp.gov.br\/financas\/wp-json\/wp\/v2\/pages"}],"about":[{"href":"https:\/\/jundiai.sp.gov.br\/financas\/wp-json\/wp\/v2\/types\/page"}],"author":[{"embeddable":true,"href":"https:\/\/jundiai.sp.gov.br\/financas\/wp-json\/wp\/v2\/users\/8"}],"replies":[{"embeddable":true,"href":"https:\/\/jundiai.sp.gov.br\/financas\/wp-json\/wp\/v2\/comments?post=5004"}],"version-history":[{"count":1,"href":"https:\/\/jundiai.sp.gov.br\/financas\/wp-json\/wp\/v2\/pages\/5004\/revisions"}],"predecessor-version":[{"id":5005,"href":"https:\/\/jundiai.sp.gov.br\/financas\/wp-json\/wp\/v2\/pages\/5004\/revisions\/5005"}],"up":[{"embeddable":true,"href":"https:\/\/jundiai.sp.gov.br\/financas\/wp-json\/wp\/v2\/pages\/4829"}],"wp:attachment":[{"href":"https:\/\/jundiai.sp.gov.br\/financas\/wp-json\/wp\/v2\/media?parent=5004"}],"curies":[{"name":"wp","href":"https:\/\/api.w.org\/{rel}","templated":true}]}}