{"id":5032,"date":"2021-02-19T10:43:21","date_gmt":"2021-02-19T13:43:21","guid":{"rendered":"https:\/\/jundiai.sp.gov.br\/financas\/?page_id=5032"},"modified":"2025-02-18T10:02:53","modified_gmt":"2025-02-18T13:02:53","slug":"canais-de-arrecadacao","status":"publish","type":"page","link":"https:\/\/jundiai.sp.gov.br\/financas\/divida-ativa\/canais-de-arrecadacao\/","title":{"rendered":"Canais de Arrecada\u00e7\u00e3o"},"content":{"rendered":"\n<p>Institui\u00e7\u00f5es Financeiras Credenciadas para Recebimento de Impostos, Taxas e demais Receitas Municipais, <strong>Exceto Multas de Tr\u00e2nsito:<\/strong><\/p>\n\n\n\n<figure class=\"wp-block-table is-style-regular\" style=\"font-size:12px\"><table><thead><tr><th class=\"has-text-align-left\" data-align=\"left\">Institui\u00e7\u00f5es Financeiras <\/th><th class=\"has-text-align-center\" data-align=\"center\">Guich\u00ea de Caixa*<\/th><th class=\"has-text-align-center\" data-align=\"center\">Internet Banking<br>(Computadores \/ APPs)  <\/th><th class=\"has-text-align-center\" data-align=\"center\">Terminais de Auto Atendimento<\/th><th class=\"has-text-align-center\" data-align=\"center\">Correspondentes Banc\u00e1rios<\/th><th class=\"has-text-align-center\" data-align=\"center\">Rede Lot\u00e9rica*<\/th><\/tr><\/thead><tbody><tr><td class=\"has-text-align-left\" data-align=\"left\">CAIXA ECON\u00d4MICA FEDERAL <\/td><td class=\"has-text-align-center\" data-align=\"center\"><\/td><td class=\"has-text-align-center\" data-align=\"center\">SIM <\/td><td class=\"has-text-align-center\" data-align=\"center\">SIM <\/td><td class=\"has-text-align-center\" data-align=\"center\">SIM <\/td><td class=\"has-text-align-center\" data-align=\"center\">SIM <\/td><\/tr><tr><td class=\"has-text-align-left\" data-align=\"left\">BANCO DO BRASIL S.A.<\/td><td class=\"has-text-align-center\" data-align=\"center\"><\/td><td class=\"has-text-align-center\" data-align=\"center\">SIM<\/td><td class=\"has-text-align-center\" data-align=\"center\">SIM<\/td><td class=\"has-text-align-center\" data-align=\"center\">SIM<\/td><td class=\"has-text-align-center\" data-align=\"center\"><\/td><\/tr><tr><td class=\"has-text-align-left\" data-align=\"left\">BANCO BRADESCO S.A.<\/td><td class=\"has-text-align-center\" data-align=\"center\"><\/td><td class=\"has-text-align-center\" data-align=\"center\">SIM<\/td><td class=\"has-text-align-center\" data-align=\"center\">SIM<\/td><td class=\"has-text-align-center\" data-align=\"center\">SIM<\/td><td class=\"has-text-align-center\" data-align=\"center\"><\/td><\/tr><tr><td class=\"has-text-align-left\" data-align=\"left\">BANCO SANTANDER S.A.<\/td><td class=\"has-text-align-center\" data-align=\"center\"><\/td><td class=\"has-text-align-center\" data-align=\"center\">SIM<\/td><td class=\"has-text-align-center\" data-align=\"center\">SIM<\/td><td class=\"has-text-align-center\" data-align=\"center\">SIM<\/td><td class=\"has-text-align-center\" data-align=\"center\"><\/td><\/tr><tr><td class=\"has-text-align-left\" data-align=\"left\">BANCO MERCANTIL DO BRASIL S\/A<\/td><td class=\"has-text-align-center\" data-align=\"center\"><\/td><td class=\"has-text-align-center\" data-align=\"center\">SIM<\/td><td class=\"has-text-align-center\" data-align=\"center\">SIM<\/td><td class=\"has-text-align-center\" data-align=\"center\">SIM<\/td><td class=\"has-text-align-center\" data-align=\"center\"><\/td><\/tr><tr><td class=\"has-text-align-left\" data-align=\"left\">BANCO ITA\u00da UNIBANCO S.A.<\/td><td class=\"has-text-align-center\" data-align=\"center\"><\/td><td class=\"has-text-align-center\" data-align=\"center\">SIM<\/td><td class=\"has-text-align-center\" data-align=\"center\">SIM<\/td><td class=\"has-text-align-center\" data-align=\"center\"><\/td><td class=\"has-text-align-center\" data-align=\"center\"><\/td><\/tr><tr><td class=\"has-text-align-left\" data-align=\"left\">BANCO COOPERATIVO SICREDI S\/A<\/td><td class=\"has-text-align-center\" data-align=\"center\"><\/td><td class=\"has-text-align-center\" data-align=\"center\">SIM <\/td><td class=\"has-text-align-center\" data-align=\"center\"><\/td><td class=\"has-text-align-center\" data-align=\"center\"><\/td><td class=\"has-text-align-center\" data-align=\"center\"><\/td><\/tr><tr><td class=\"has-text-align-left\" data-align=\"left\">BANCO COOPERATIVO SICOOB S\/A<\/td><td class=\"has-text-align-center\" data-align=\"center\">SIM<\/td><td class=\"has-text-align-center\" data-align=\"center\">SIM<\/td><td class=\"has-text-align-center\" data-align=\"center\">SIM<\/td><td class=\"has-text-align-center\" data-align=\"center\">SIM<\/td><td class=\"has-text-align-center\" data-align=\"center\"><\/td><\/tr><\/tbody><\/table><figcaption class=\"wp-element-caption\">*Pagamento somente em dinheiro <\/figcaption><\/figure>\n\n\n\n<div style=\"height:70px\" aria-hidden=\"true\" class=\"wp-block-spacer\"><\/div>\n\n\n\n<p>Institui\u00e7\u00f5es Financeiras Credenciadas para Recebimento de Multas de Tr\u00e2nsito Municipais:<\/p>\n\n\n\n<figure style=\"font-size:12px\" class=\"wp-block-table\"><table><thead><tr><th class=\"has-text-align-left\" data-align=\"left\">Institui\u00e7\u00f5es Financeiras<\/th><th class=\"has-text-align-center\" data-align=\"center\">Guich\u00ea de Caixa*<\/th><th class=\"has-text-align-center\" data-align=\"center\">Internet Banking<br>(Computadores \/ APPs)<\/th><th class=\"has-text-align-center\" data-align=\"center\">Terminais de Auto Atendimento<\/th><th class=\"has-text-align-center\" data-align=\"center\">Correspondentes Banc\u00e1rios<\/th><th class=\"has-text-align-center\" data-align=\"center\">Rede Lot\u00e9rica*<\/th><\/tr><\/thead><tbody><tr><td class=\"has-text-align-left\" data-align=\"left\">CAIXA ECON\u00d4MICA FEDERAL<\/td><td class=\"has-text-align-center\" data-align=\"center\"><\/td><td class=\"has-text-align-center\" data-align=\"center\">SIM<\/td><td class=\"has-text-align-center\" data-align=\"center\">SIM<\/td><td class=\"has-text-align-center\" data-align=\"center\">SIM<\/td><td class=\"has-text-align-center\" data-align=\"center\">SIM<\/td><\/tr><tr><td class=\"has-text-align-left\" data-align=\"left\">BANCO BRADESCO S.A.<\/td><td class=\"has-text-align-center\" data-align=\"center\"><\/td><td class=\"has-text-align-center\" data-align=\"center\">SIM<\/td><td class=\"has-text-align-center\" data-align=\"center\">SIM<\/td><td class=\"has-text-align-center\" data-align=\"center\">SIM<\/td><td class=\"has-text-align-center\" data-align=\"center\"><\/td><\/tr><tr><td class=\"has-text-align-left\" data-align=\"left\">BANCO SANTANDER S.A.<\/td><td class=\"has-text-align-center\" data-align=\"center\"><\/td><td class=\"has-text-align-center\" data-align=\"center\">SIM<\/td><td class=\"has-text-align-center\" data-align=\"center\">SIM<\/td><td class=\"has-text-align-center\" data-align=\"center\">SIM<\/td><td class=\"has-text-align-center\" data-align=\"center\"><\/td><\/tr><tr><td class=\"has-text-align-left\" data-align=\"left\">BANCO COOPERATIVO SICOOB S\/A<\/td><td class=\"has-text-align-center\" data-align=\"center\">SIM<\/td><td class=\"has-text-align-center\" data-align=\"center\">SIM<\/td><td class=\"has-text-align-center\" data-align=\"center\">SIM<\/td><td class=\"has-text-align-center\" data-align=\"center\">SIM<\/td><td class=\"has-text-align-center\" data-align=\"center\"><\/td><\/tr><tr><td class=\"has-text-align-left\" data-align=\"left\">BANCO DO BRASIL S.A.<\/td><td class=\"has-text-align-center\" data-align=\"center\"><\/td><td class=\"has-text-align-center\" data-align=\"center\">SIM<\/td><td class=\"has-text-align-center\" data-align=\"center\">SIM<\/td><td class=\"has-text-align-center\" data-align=\"center\">SIM<\/td><td class=\"has-text-align-center\" data-align=\"center\"><\/td><\/tr><tr><td class=\"has-text-align-left\" data-align=\"left\">BANCO ITA\u00da UNIBANCO S.A.<\/td><td class=\"has-text-align-center\" data-align=\"center\"><\/td><td class=\"has-text-align-center\" data-align=\"center\">SIM<\/td><td class=\"has-text-align-center\" data-align=\"center\">SIM<\/td><td class=\"has-text-align-center\" data-align=\"center\"><\/td><td class=\"has-text-align-center\" data-align=\"center\"><\/td><\/tr><\/tbody><\/table><figcaption class=\"wp-element-caption\">* Pagamentos somente em dinheiro<\/figcaption><\/figure>\n\n\n\n<div style=\"height:36px\" aria-hidden=\"true\" class=\"wp-block-spacer\"><\/div>\n\n\n\n<p class=\"has-background\" style=\"background-color:#e5e5e5\"><strong>Para pagamento de guias vencidas \u00e9 necess\u00e1ria a emiss\u00e3o de 2\u00ba via atualizada nos seguintes endere\u00e7os:<\/strong> <br><br><a href=\"http:\/\/jundiai.sp.gov.br\/2a-via-de-tributos\/\" target=\"_blank\" rel=\"noreferrer noopener\">http:\/\/jundiai.sp.gov.br\/2a-via-de-tributos\/<\/a><br><a href=\"http:\/\/jundiai.sp.gov.br\/servicos-online\/segunda-via-da-parcela-do-iptu\/\" target=\"_blank\" rel=\"noreferrer noopener\">http:\/\/jundiai.sp.gov.br\/servicos-online\/segunda-via-da-parcela-do-iptu\/<\/a><\/p>\n","protected":false},"excerpt":{"rendered":"<p>Institui\u00e7\u00f5es Financeiras Credenciadas para Recebimento de Impostos, Taxas e demais Receitas Municipais, Exceto Multas de Tr\u00e2nsito: Institui\u00e7\u00f5es Financeiras Guich\u00ea de Caixa* Internet Banking(Computadores \/ APPs) Terminais de Auto Atendimento Correspondentes Banc\u00e1rios Rede Lot\u00e9rica* CAIXA ECON\u00d4MICA FEDERAL SIM SIM SIM SIM BANCO DO BRASIL S.A. SIM SIM SIM BANCO BRADESCO S.A. SIM SIM SIM BANCO SANTANDER [&hellip;]<\/p>\n","protected":false},"author":69,"featured_media":0,"parent":31,"menu_order":0,"comment_status":"closed","ping_status":"closed","template":"","meta":{"footnotes":""},"class_list":["post-5032","page","type-page","status-publish","hentry"],"_links":{"self":[{"href":"https:\/\/jundiai.sp.gov.br\/financas\/wp-json\/wp\/v2\/pages\/5032","targetHints":{"allow":["GET"]}}],"collection":[{"href":"https:\/\/jundiai.sp.gov.br\/financas\/wp-json\/wp\/v2\/pages"}],"about":[{"href":"https:\/\/jundiai.sp.gov.br\/financas\/wp-json\/wp\/v2\/types\/page"}],"author":[{"embeddable":true,"href":"https:\/\/jundiai.sp.gov.br\/financas\/wp-json\/wp\/v2\/users\/69"}],"replies":[{"embeddable":true,"href":"https:\/\/jundiai.sp.gov.br\/financas\/wp-json\/wp\/v2\/comments?post=5032"}],"version-history":[{"count":20,"href":"https:\/\/jundiai.sp.gov.br\/financas\/wp-json\/wp\/v2\/pages\/5032\/revisions"}],"predecessor-version":[{"id":7167,"href":"https:\/\/jundiai.sp.gov.br\/financas\/wp-json\/wp\/v2\/pages\/5032\/revisions\/7167"}],"up":[{"embeddable":true,"href":"https:\/\/jundiai.sp.gov.br\/financas\/wp-json\/wp\/v2\/pages\/31"}],"wp:attachment":[{"href":"https:\/\/jundiai.sp.gov.br\/financas\/wp-json\/wp\/v2\/media?parent=5032"}],"curies":[{"name":"wp","href":"https:\/\/api.w.org\/{rel}","templated":true}]}}