{"id":529,"date":"2014-09-19T12:04:39","date_gmt":"2014-09-19T15:04:39","guid":{"rendered":"https:\/\/jundiai.sp.gov.br\/financas\/?page_id=529"},"modified":"2024-04-03T11:19:34","modified_gmt":"2024-04-03T14:19:34","slug":"quando-pagar","status":"publish","type":"page","link":"https:\/\/jundiai.sp.gov.br\/financas\/itbi\/quando-pagar\/","title":{"rendered":"Quando Pagar"},"content":{"rendered":"\n<ul class=\"wp-block-list\">\n<li>O pagamento do ITBI \u00e9 na data da escritura p\u00fablica.\u00a0<br><br><br><\/li>\n\n\n\n<li>Nos demais casos o pagamento do imposto \u00e9 em at\u00e9 30 dias ap\u00f3s a data da emiss\u00e3o da guia de ITBI.<\/li>\n<\/ul>\n","protected":false},"excerpt":{"rendered":"","protected":false},"author":5,"featured_media":0,"parent":43,"menu_order":4,"comment_status":"closed","ping_status":"closed","template":"","meta":{"footnotes":""},"class_list":["post-529","page","type-page","status-publish","hentry"],"_links":{"self":[{"href":"https:\/\/jundiai.sp.gov.br\/financas\/wp-json\/wp\/v2\/pages\/529","targetHints":{"allow":["GET"]}}],"collection":[{"href":"https:\/\/jundiai.sp.gov.br\/financas\/wp-json\/wp\/v2\/pages"}],"about":[{"href":"https:\/\/jundiai.sp.gov.br\/financas\/wp-json\/wp\/v2\/types\/page"}],"author":[{"embeddable":true,"href":"https:\/\/jundiai.sp.gov.br\/financas\/wp-json\/wp\/v2\/users\/5"}],"replies":[{"embeddable":true,"href":"https:\/\/jundiai.sp.gov.br\/financas\/wp-json\/wp\/v2\/comments?post=529"}],"version-history":[{"count":8,"href":"https:\/\/jundiai.sp.gov.br\/financas\/wp-json\/wp\/v2\/pages\/529\/revisions"}],"predecessor-version":[{"id":6382,"href":"https:\/\/jundiai.sp.gov.br\/financas\/wp-json\/wp\/v2\/pages\/529\/revisions\/6382"}],"up":[{"embeddable":true,"href":"https:\/\/jundiai.sp.gov.br\/financas\/wp-json\/wp\/v2\/pages\/43"}],"wp:attachment":[{"href":"https:\/\/jundiai.sp.gov.br\/financas\/wp-json\/wp\/v2\/media?parent=529"}],"curies":[{"name":"wp","href":"https:\/\/api.w.org\/{rel}","templated":true}]}}