{"id":533,"date":"2014-09-19T12:06:23","date_gmt":"2014-09-19T15:06:23","guid":{"rendered":"https:\/\/jundiai.sp.gov.br\/financas\/?page_id=533"},"modified":"2024-04-03T11:18:31","modified_gmt":"2024-04-03T14:18:31","slug":"como-e-calculado","status":"publish","type":"page","link":"https:\/\/jundiai.sp.gov.br\/financas\/itbi\/como-e-calculado\/","title":{"rendered":"Como \u00e9 Calculado"},"content":{"rendered":"\n<p><strong>1 &#8211; Para im\u00f3veis residenciais financiados pelo Sistema Financeiro de Habita\u00e7\u00e3o (SFH) ou pelo Sistema Financeiro Imobili\u00e1rio (SFI), em 60 parcelas ou mais, o c\u00e1lculo ITBI \u00e9 da seguinte forma:<\/strong><\/p>\n\n\n\n<p><\/p>\n\n\n\n<ul class=\"wp-block-list\">\n<li>Sobre a parte financiada at\u00e9 o limite de R$120.000,00, a al\u00edquota \u00e9 de 1,5%.&nbsp;<br><br><\/li>\n\n\n\n<li>Para o valor que ultrapassar esse limite, seja financiado ou n\u00e3o, a al\u00edquota \u00e9 de 2,5%.&nbsp;<br><br><\/li>\n\n\n\n<li>O valor total do ITBI \u00e9 a soma dos valores calculados em (a) e (b).<\/li>\n<\/ul>\n\n\n\n<p><br><strong>2 &#8211; Para situa\u00e7\u00f5es que n\u00e3o se encaixem nas condi\u00e7\u00f5es mencionadas anteriormente, inclusive cons\u00f3rcio e parcelamento direto com o vendedor, o c\u00e1lculo do ITBI ser\u00e1 de 2,5% sobre o valor do contrato atualizado monetariamente, sendo no m\u00ednimo o valor venal de mercado do im\u00f3vel.&nbsp;<\/strong><\/p>\n","protected":false},"excerpt":{"rendered":"<p>1 &#8211; Para im\u00f3veis residenciais financiados pelo Sistema Financeiro de Habita\u00e7\u00e3o (SFH) ou pelo Sistema Financeiro Imobili\u00e1rio (SFI), em 60 parcelas ou mais, o c\u00e1lculo ITBI \u00e9 da seguinte forma: 2 &#8211; Para situa\u00e7\u00f5es que n\u00e3o se encaixem nas condi\u00e7\u00f5es mencionadas anteriormente, inclusive cons\u00f3rcio e parcelamento direto com o vendedor, o c\u00e1lculo do ITBI ser\u00e1 [&hellip;]<\/p>\n","protected":false},"author":5,"featured_media":0,"parent":43,"menu_order":3,"comment_status":"closed","ping_status":"closed","template":"","meta":{"footnotes":""},"class_list":["post-533","page","type-page","status-publish","hentry"],"_links":{"self":[{"href":"https:\/\/jundiai.sp.gov.br\/financas\/wp-json\/wp\/v2\/pages\/533","targetHints":{"allow":["GET"]}}],"collection":[{"href":"https:\/\/jundiai.sp.gov.br\/financas\/wp-json\/wp\/v2\/pages"}],"about":[{"href":"https:\/\/jundiai.sp.gov.br\/financas\/wp-json\/wp\/v2\/types\/page"}],"author":[{"embeddable":true,"href":"https:\/\/jundiai.sp.gov.br\/financas\/wp-json\/wp\/v2\/users\/5"}],"replies":[{"embeddable":true,"href":"https:\/\/jundiai.sp.gov.br\/financas\/wp-json\/wp\/v2\/comments?post=533"}],"version-history":[{"count":20,"href":"https:\/\/jundiai.sp.gov.br\/financas\/wp-json\/wp\/v2\/pages\/533\/revisions"}],"predecessor-version":[{"id":6381,"href":"https:\/\/jundiai.sp.gov.br\/financas\/wp-json\/wp\/v2\/pages\/533\/revisions\/6381"}],"up":[{"embeddable":true,"href":"https:\/\/jundiai.sp.gov.br\/financas\/wp-json\/wp\/v2\/pages\/43"}],"wp:attachment":[{"href":"https:\/\/jundiai.sp.gov.br\/financas\/wp-json\/wp\/v2\/media?parent=533"}],"curies":[{"name":"wp","href":"https:\/\/api.w.org\/{rel}","templated":true}]}}