{"id":535,"date":"2014-09-19T12:06:59","date_gmt":"2014-09-19T15:06:59","guid":{"rendered":"https:\/\/jundiai.sp.gov.br\/financas\/?page_id=535"},"modified":"2023-12-15T15:02:08","modified_gmt":"2023-12-15T18:02:08","slug":"obtencao-da-guia","status":"publish","type":"page","link":"https:\/\/jundiai.sp.gov.br\/financas\/itbi\/obtencao-da-guia\/","title":{"rendered":"Obten\u00e7\u00e3o da Guia"},"content":{"rendered":"\n<p>A guia dever\u00e1 ser emitida:<\/p>\n\n\n\n<ul class=\"wp-block-list\">\n<li>pelos tabeli\u00e3es, escriv\u00e3es e demais serventu\u00e1rios de of\u00edcio dos instrumentos, escrituras ou termos judiciais que lavrarem;&nbsp;<\/li>\n\n\n\n<li>pelas construtoras, incorporadoras e loteadoras no instrumento particular de compra e venda com for\u00e7a de escritura p\u00fablica, exclusivamente de im\u00f3veis urbanos, em que constem como transmitentes, independentemente da modalidade de pagamento,&nbsp;<\/li>\n\n\n\n<li>pelas imobili\u00e1rias e empresas intermediadoras nos instrumentos particulares de compra e venda com for\u00e7a de escritura p\u00fablica, exclusivamente de im\u00f3veis urbanos, independentemente da modalidade de pagamento.&nbsp;<\/li>\n\n\n\n<li>nos&nbsp;demais casos, inclusive incorpora\u00e7\u00e3o de capital, fus\u00e3o, cis\u00e3o, desincorpora\u00e7\u00e3o de capital e extin\u00e7\u00e3o, \u00e9 necess\u00e1rio enviar a documenta\u00e7\u00e3o para&nbsp;<a href=\"mailto:itbi@jundiai.sp.gov.br\" target=\"_blank\" rel=\"noreferrer noopener\">itbi@jundiai.sp.gov.br<\/a>&nbsp;com o formul\u00e1rio de solicita\u00e7\u00e3o e os&nbsp;&nbsp;<a href=\"https:\/\/jundiai.sp.gov.br\/financas\/itbi\/documentos-necessarios\/\" target=\"_blank\" rel=\"noreferrer noopener\">Documentos Necess\u00e1rios<\/a>, conforme o tipo de transmiss\u00e3o. <\/li>\n<\/ul>\n\n\n\n<p>Os cart\u00f3rios,\u00a0construtoras, incorporadoras, loteadoras,\u00a0\u00a0imobili\u00e1rias e empresas intermediadoras\u00a0dever\u00e3o solicitar autoriza\u00e7\u00e3o para acesso ao sistema do ITBI online, preenchendo a\u00a0<a href=\"https:\/\/jundiai.sp.gov.br\/financas\/wp-content\/uploads\/sites\/12\/2023\/12\/ficha-cadastral-itbi-online-3-1.pdf\">Ficha Cadastral ITBI on-line<\/a> e encaminhando a via digitalizada para\u00a0<a href=\"mailto:itbi@jundiai.sp.gov.br\" target=\"_blank\" rel=\"noreferrer noopener\">itbi@jundiai.sp.gov.br<\/a>.<\/p>\n\n\n\n<p><span style=\"font-style: inherit;font-weight: 600\">Atendimento das 9:00 \u00e0s 16:30<\/span><\/p>\n\n\n\n<p><span style=\"font-style: inherit;font-weight: 600\">Tel: (11) 4589-8683 \/ 8684<\/span><br>\n<span style=\"font-style: inherit;font-weight: 600\">e-mail:&nbsp;<a style=\"font-style: inherit\" href=\"mailto:itbi@jundiai.sp.gov.br\">itbi@jundiai.sp.gov.br<\/a><\/span><\/p>\n","protected":false},"excerpt":{"rendered":"<p>A guia dever\u00e1 ser emitida: Os cart\u00f3rios,\u00a0construtoras, incorporadoras, loteadoras,\u00a0\u00a0imobili\u00e1rias e empresas intermediadoras\u00a0dever\u00e3o solicitar autoriza\u00e7\u00e3o para acesso ao sistema do ITBI online, preenchendo a\u00a0Ficha Cadastral ITBI on-line e encaminhando a via digitalizada para\u00a0itbi@jundiai.sp.gov.br. Atendimento das 9:00 \u00e0s 16:30 Tel: (11) 4589-8683 \/ 8684 e-mail:&nbsp;itbi@jundiai.sp.gov.br<\/p>\n","protected":false},"author":5,"featured_media":0,"parent":43,"menu_order":5,"comment_status":"closed","ping_status":"closed","template":"","meta":{"footnotes":""},"class_list":["post-535","page","type-page","status-publish","hentry"],"_links":{"self":[{"href":"https:\/\/jundiai.sp.gov.br\/financas\/wp-json\/wp\/v2\/pages\/535","targetHints":{"allow":["GET"]}}],"collection":[{"href":"https:\/\/jundiai.sp.gov.br\/financas\/wp-json\/wp\/v2\/pages"}],"about":[{"href":"https:\/\/jundiai.sp.gov.br\/financas\/wp-json\/wp\/v2\/types\/page"}],"author":[{"embeddable":true,"href":"https:\/\/jundiai.sp.gov.br\/financas\/wp-json\/wp\/v2\/users\/5"}],"replies":[{"embeddable":true,"href":"https:\/\/jundiai.sp.gov.br\/financas\/wp-json\/wp\/v2\/comments?post=535"}],"version-history":[{"count":23,"href":"https:\/\/jundiai.sp.gov.br\/financas\/wp-json\/wp\/v2\/pages\/535\/revisions"}],"predecessor-version":[{"id":6388,"href":"https:\/\/jundiai.sp.gov.br\/financas\/wp-json\/wp\/v2\/pages\/535\/revisions\/6388"}],"up":[{"embeddable":true,"href":"https:\/\/jundiai.sp.gov.br\/financas\/wp-json\/wp\/v2\/pages\/43"}],"wp:attachment":[{"href":"https:\/\/jundiai.sp.gov.br\/financas\/wp-json\/wp\/v2\/media?parent=535"}],"curies":[{"name":"wp","href":"https:\/\/api.w.org\/{rel}","templated":true}]}}