{"id":541,"date":"2014-09-19T12:08:41","date_gmt":"2014-09-19T15:08:41","guid":{"rendered":"https:\/\/jundiai.sp.gov.br\/financas\/?page_id=541"},"modified":"2024-06-05T11:49:11","modified_gmt":"2024-06-05T14:49:11","slug":"imunidade","status":"publish","type":"page","link":"https:\/\/jundiai.sp.gov.br\/financas\/itbi\/imunidade\/","title":{"rendered":"Imunidade"},"content":{"rendered":"\n<p><b>RELA\u00c7\u00c3O DE DOCUMENTOS<\/b><\/p>\n\n\n\n<p><b>IMUNIDADE \u2013 ART. 150, INCISO VI AL\u00cdNEAS \u201c<\/b><b>b\u201d, \u201cc\u201d <\/b><b>DA CF\/1988.<\/b> <\/p>\n\n\n\n<p><b>DOCUMENTA\u00c7\u00c3O OBRIGAT\u00d3RIA<\/b><\/p>\n\n\n\n<ul class=\"wp-block-list\">\n<li><a href=\"https:\/\/jundiai.sp.gov.br\/financas\/wp-content\/uploads\/sites\/12\/2017\/03\/Requerimento-Imunidade-Isen%C3%A7%C3%A3o-N%C3%A3o-Incid%C3%AAncia-2017.pdf\">Requerimento de Imunidade, Isen\u00e7\u00e3o ou N\u00e3o Incid\u00eancia do ITBI<\/a> preenchido e assinado;<\/li>\n\n\n\n<li>Comprovante de Inscri\u00e7\u00e3o no (CNPJ) Cadastro Nacional de Pessoa Jur\u00eddica;<\/li>\n\n\n\n<li>Matr\u00edcula* do Registro de Im\u00f3veis atualizada at\u00e9 30 dias;<\/li>\n\n\n\n<li>N\u00famero de inscri\u00e7\u00e3o do im\u00f3vel no cadastro imobili\u00e1rio municipal IPTU, se im\u00f3vel urbano ou;<\/li>\n\n\n\n<li>Certificado de Cadastro de Im\u00f3vel Rural (CCIR) e comprovante do ITR do exerc\u00edcio da solicita\u00e7\u00e3o do ITBI ou do \u00faltimo exerc\u00edcio, se im\u00f3vel rural;<\/li>\n\n\n\n<li>Procura\u00e7\u00e3o&nbsp;<strong>(via original)<\/strong>e c\u00f3pia do CPF\/RG do procurador, quando for o caso. &nbsp;A assinatura do outorgante deve conferir com a assinatura de qualquer documento oficial (RG, CNH com foto, passaporte, carteira de \u00f3rg\u00e3o ou do Conselho de Classe ou Carteira de Trabalho. (art. 3\u00ba inc. I LF 13.726\/2018). Caso a assinatura do outorgante n\u00e3o confira com o documento apresentado, a procura\u00e7\u00e3o deve ser com firma reconhecida;<\/li>\n\n\n\n<li>Contrato Social ou Estatuto Social e altera\u00e7\u00f5es bem como atas de assembleia, com data de arquivamento na Junta Comercial ou registro no Cart\u00f3rio de Registro Civil de Pessoas Jur\u00eddicas dos \u00faltimos 5 (cinco) anos;<\/li>\n\n\n\n<li>Escritura\u00e7\u00e3o Cont\u00e1bil dos \u00faltimos 5 anos;<\/li>\n\n\n\n<li>Deve constar no contrato o valor individualizado de cada Im\u00f3vel;<\/li>\n<\/ul>\n\n\n\n<p><b><i>Outros documentos poder\u00e3o ser solicitados para a an\u00e1lise do processo.<\/i><\/b><\/p>\n\n\n\n<p><b>*<\/b><span style=\"font-weight: 400;\"> A Matr\u00edcula pode ser obtida no cart\u00f3rio onde o im\u00f3vel est\u00e1 registrado ou no site: <\/span><a href=\"http:\/\/www.registradores.org.br\"><span style=\"font-weight: 400;\">www.registradores.org.br<\/span><\/a><\/p>\n\n\n\n<div style=\"height:27px\" aria-hidden=\"true\" class=\"wp-block-spacer\"><\/div>\n\n\n\n<figure class=\"wp-block-table\"><table class=\"has-background\" style=\"background-color:#f4f4f4\"><tbody><tr><td><strong>AVISO:<\/strong><strong><br>Forma de envio da documenta\u00e7\u00e3o<\/strong><br>A documenta\u00e7\u00e3o deve ser enviada obrigatoriamente para o e-mail <a href=\"mailto:itbi@jundiai.sp.gov.br\">itbi@jundiai.sp.gov.br<\/a>, da<br>seguinte forma:<br>1. Cada documento deve ser apresentado em um \u00fanico arquivo PDF, contendo p\u00e1ginas<br>leg\u00edveis e ordenadas numericamente.<br>2. Os arquivos devem ser nomeados conforme o documento correspondente.<br>3. Todos os documentos devem ser enviados em um \u00fanico e-mail.<br>4. O tamanho total do e-mail, incluindo o texto do e-mail, n\u00e3o deve exceder 25 MB, pois o<br>servidor de e-mail rejeitar\u00e1 o envio.<br>5. Se necess\u00e1rio, dividir arquivos grandes em partes, indicando claramente no t\u00edtulo do e-mail<br>a sequ\u00eancia (por exemplo, Parte 1, Parte 2, etc., at\u00e9 a \u00faltima parte).<br><br><strong>Observa\u00e7\u00e3o<\/strong>:<br>Cada solicita\u00e7\u00e3o \u00e9 \u00fanica e pode exigir documentos espec\u00edficos. Ap\u00f3s uma an\u00e1lise t\u00e9cnica<br>detalhada, informaremos ao solicitante se s\u00e3o necess\u00e1rios mais documentos para concluir a<br>an\u00e1lise ou se as guias podem ser emitidas.<br>As solicita\u00e7\u00f5es ser\u00e3o tratadas por ordem de recebimento do \u00faltimo e-mail enviado, desde que<br>toda a documenta\u00e7\u00e3o esteja correta. Aguarde o retorno da Divis\u00e3o de ITBI para que o e-mail<br>n\u00e3o saia da ordem da fila de entrada de e-mails.<\/td><\/tr><\/tbody><\/table><\/figure>\n\n\n\n<div style=\"height:27px\" aria-hidden=\"true\" class=\"wp-block-spacer\"><\/div>\n","protected":false},"excerpt":{"rendered":"<p>RELA\u00c7\u00c3O DE DOCUMENTOS IMUNIDADE \u2013 ART. 150, INCISO VI AL\u00cdNEAS \u201cb\u201d, \u201cc\u201d DA CF\/1988. DOCUMENTA\u00c7\u00c3O OBRIGAT\u00d3RIA Outros documentos poder\u00e3o ser solicitados para a an\u00e1lise do processo. * A Matr\u00edcula pode ser obtida no cart\u00f3rio onde o im\u00f3vel est\u00e1 registrado ou no site: www.registradores.org.br AVISO:Forma de envio da documenta\u00e7\u00e3oA documenta\u00e7\u00e3o deve ser enviada obrigatoriamente para o [&hellip;]<\/p>\n","protected":false},"author":5,"featured_media":0,"parent":43,"menu_order":8,"comment_status":"closed","ping_status":"closed","template":"","meta":{"footnotes":""},"class_list":["post-541","page","type-page","status-publish","hentry"],"_links":{"self":[{"href":"https:\/\/jundiai.sp.gov.br\/financas\/wp-json\/wp\/v2\/pages\/541","targetHints":{"allow":["GET"]}}],"collection":[{"href":"https:\/\/jundiai.sp.gov.br\/financas\/wp-json\/wp\/v2\/pages"}],"about":[{"href":"https:\/\/jundiai.sp.gov.br\/financas\/wp-json\/wp\/v2\/types\/page"}],"author":[{"embeddable":true,"href":"https:\/\/jundiai.sp.gov.br\/financas\/wp-json\/wp\/v2\/users\/5"}],"replies":[{"embeddable":true,"href":"https:\/\/jundiai.sp.gov.br\/financas\/wp-json\/wp\/v2\/comments?post=541"}],"version-history":[{"count":22,"href":"https:\/\/jundiai.sp.gov.br\/financas\/wp-json\/wp\/v2\/pages\/541\/revisions"}],"predecessor-version":[{"id":6667,"href":"https:\/\/jundiai.sp.gov.br\/financas\/wp-json\/wp\/v2\/pages\/541\/revisions\/6667"}],"up":[{"embeddable":true,"href":"https:\/\/jundiai.sp.gov.br\/financas\/wp-json\/wp\/v2\/pages\/43"}],"wp:attachment":[{"href":"https:\/\/jundiai.sp.gov.br\/financas\/wp-json\/wp\/v2\/media?parent=541"}],"curies":[{"name":"wp","href":"https:\/\/api.w.org\/{rel}","templated":true}]}}