{"id":543,"date":"2014-09-19T12:09:05","date_gmt":"2014-09-19T15:09:05","guid":{"rendered":"https:\/\/jundiai.sp.gov.br\/financas\/?page_id=543"},"modified":"2024-06-06T12:16:22","modified_gmt":"2024-06-06T15:16:22","slug":"nao-incidencia","status":"publish","type":"page","link":"https:\/\/jundiai.sp.gov.br\/financas\/itbi\/nao-incidencia\/","title":{"rendered":"N\u00e3o Incid\u00eancia"},"content":{"rendered":"\n<p><b>RELA\u00c7\u00c3O DE DOCUMENTOS<\/b><\/p>\n\n\n\n<p><b>N\u00c3O INCID\u00caNCIA \u2013 ART. 156, \u00a72\u00ba, INCISO I DA CF\/1988 C.C. ARTS 36 E 37 DO CTN.<\/b><\/p>\n\n\n\n<p><b>DOCUMENTA\u00c7\u00c3O OBRIGAT\u00d3RIA<\/b><\/p>\n\n\n\n<ul class=\"wp-block-list\">\n<li><a href=\"https:\/\/jundiai.sp.gov.br\/financas\/wp-content\/uploads\/sites\/12\/2017\/03\/Requerimento-Imunidade-Isen%C3%A7%C3%A3o-N%C3%A3o-Incid%C3%AAncia-2017.pdf\">Requerimento de Imunidade, Isen\u00e7\u00e3o ou N\u00e3o Incid\u00eancia do ITBI<\/a> preenchido e assinado;<\/li>\n\n\n\n<li><span style=\"font-weight: 400\">C\u00f3pia do Comprovante de Inscri\u00e7\u00e3o no (CNPJ) Cadastro Nacional de Pessoa Jur\u00eddica;<\/span><\/li>\n\n\n\n<li><span style=\"font-weight: 400\">C\u00f3pia da Matr\u00edcula* do Registro de Im\u00f3veis atualizada at\u00e9 30 dias;<\/span><\/li>\n\n\n\n<li><span style=\"font-weight: 400\">N\u00famero de inscri\u00e7\u00e3o do im\u00f3vel no cadastro imobili\u00e1rio municipal IPTU, se im\u00f3vel urbano;<\/span><\/li>\n\n\n\n<li><span style=\"font-weight: 400\">C\u00f3pia do Certificado de Cadastro de Im\u00f3vel Rural (CCIR) e comprovante do ITR do exerc\u00edcio da solicita\u00e7\u00e3o do ITBI ou do \u00faltimo exerc\u00edcio, se im\u00f3vel rural;<\/span><\/li>\n\n\n\n<li><span style=\"font-weight: 400\">Procura\u00e7\u00e3o <\/span><b>(via original)<\/b><span style=\"font-weight: 400\">&nbsp;e c\u00f3pia do CPF\/RG do procurador, quando for o caso. &nbsp;A assinatura do outorgante deve conferir com a assinatura de qualquer documento oficial (RG, CNH com foto, passaporte, carteira de \u00f3rg\u00e3o ou do Conselho de Classe ou Carteira de Trabalho. (art. 3\u00ba inc. I LF 13.726\/2018). Caso a assinatura do outorgante n\u00e3o confira com o documento apresentado, a procura\u00e7\u00e3o deve ser com firma reconhecida;<\/span><\/li>\n\n\n\n<li><span style=\"font-weight: 400\">C\u00f3pia do Contrato Social ou Estatuto Social e altera\u00e7\u00f5es bem como atas de assembleia, com data de arquivamento na Junta Comercial ou registro no Cart\u00f3rio de Registro Civil de Pessoas Jur\u00eddicas dos \u00faltimos 5 (cinco) anos; <\/span><\/li>\n\n\n\n<li><span style=\"font-weight: 400\">C\u00f3pia do Laudo de Avalia\u00e7\u00e3o dos im\u00f3veis com os valores individualizados por matr\u00edcula e\/ou contribuinte no caso de sociedade an\u00f4nima; nos outros casos deve constar no contrato o valor individualizado de cada Im\u00f3vel;<\/span><\/li>\n<\/ul>\n\n\n\n<p><b><i>Outros documentos poder\u00e3o ser solicitados para a an\u00e1lise do processo.<\/i><\/b><\/p>\n\n\n\n<p><b>*<\/b><span style=\"font-weight: 400\"> A Matr\u00edcula pode ser obtida no cart\u00f3rio onde o im\u00f3vel est\u00e1 registrado ou no site: <\/span><a href=\"http:\/\/www.registradores.org.br\"><span style=\"font-weight: 400\">www.registradores.org.br<\/span><\/a><\/p>\n\n\n\n<div style=\"height:27px\" aria-hidden=\"true\" class=\"wp-block-spacer\"><\/div>\n\n\n\n<figure class=\"wp-block-table\"><table class=\"has-background\" style=\"background-color:#f4f4f4\"><tbody><tr><td><strong>AVISO:<\/strong><strong><br>Forma de envio da documenta\u00e7\u00e3o<\/strong><br>A documenta\u00e7\u00e3o deve ser enviada obrigatoriamente para o e-mail <a href=\"mailto:itbi@jundiai.sp.gov.br\">itbi@jundiai.sp.gov.br<\/a>, da<br>seguinte forma:<br>1. Cada documento deve ser apresentado em um \u00fanico arquivo PDF, contendo p\u00e1ginas<br>leg\u00edveis e ordenadas numericamente.<br>2. Os arquivos devem ser nomeados conforme o documento correspondente.<br>3. Todos os documentos devem ser enviados em um \u00fanico e-mail.<br>4. O tamanho total do e-mail, incluindo o texto do e-mail, n\u00e3o deve exceder 25 MB, pois o<br>servidor de e-mail rejeitar\u00e1 o envio.<br>5. Se necess\u00e1rio, dividir arquivos grandes em partes, indicando claramente no t\u00edtulo do e-mail<br>a sequ\u00eancia (por exemplo, Parte 1, Parte 2, etc., at\u00e9 a \u00faltima parte).<br><br><strong>Observa\u00e7\u00e3o<\/strong>:<br>Cada solicita\u00e7\u00e3o \u00e9 \u00fanica e pode exigir documentos espec\u00edficos. Ap\u00f3s uma an\u00e1lise t\u00e9cnica<br>detalhada, informaremos ao solicitante se s\u00e3o necess\u00e1rios mais documentos para concluir a<br>an\u00e1lise ou se as guias podem ser emitidas.<br>As solicita\u00e7\u00f5es ser\u00e3o tratadas por ordem de recebimento do \u00faltimo e-mail enviado, desde que<br>toda a documenta\u00e7\u00e3o esteja correta. Aguarde o retorno da Divis\u00e3o de ITBI para que o e-mail<br>n\u00e3o saia da ordem da fila de entrada de e-mails.<\/td><\/tr><\/tbody><\/table><\/figure>\n\n\n\n<div style=\"height:27px\" aria-hidden=\"true\" class=\"wp-block-spacer\"><\/div>\n","protected":false},"excerpt":{"rendered":"<p>RELA\u00c7\u00c3O DE DOCUMENTOS N\u00c3O INCID\u00caNCIA \u2013 ART. 156, \u00a72\u00ba, INCISO I DA CF\/1988 C.C. ARTS 36 E 37 DO CTN. DOCUMENTA\u00c7\u00c3O OBRIGAT\u00d3RIA Outros documentos poder\u00e3o ser solicitados para a an\u00e1lise do processo. * A Matr\u00edcula pode ser obtida no cart\u00f3rio onde o im\u00f3vel est\u00e1 registrado ou no site: www.registradores.org.br AVISO:Forma de envio da documenta\u00e7\u00e3oA documenta\u00e7\u00e3o [&hellip;]<\/p>\n","protected":false},"author":5,"featured_media":0,"parent":43,"menu_order":10,"comment_status":"closed","ping_status":"closed","template":"","meta":{"footnotes":""},"class_list":["post-543","page","type-page","status-publish","hentry"],"_links":{"self":[{"href":"https:\/\/jundiai.sp.gov.br\/financas\/wp-json\/wp\/v2\/pages\/543","targetHints":{"allow":["GET"]}}],"collection":[{"href":"https:\/\/jundiai.sp.gov.br\/financas\/wp-json\/wp\/v2\/pages"}],"about":[{"href":"https:\/\/jundiai.sp.gov.br\/financas\/wp-json\/wp\/v2\/types\/page"}],"author":[{"embeddable":true,"href":"https:\/\/jundiai.sp.gov.br\/financas\/wp-json\/wp\/v2\/users\/5"}],"replies":[{"embeddable":true,"href":"https:\/\/jundiai.sp.gov.br\/financas\/wp-json\/wp\/v2\/comments?post=543"}],"version-history":[{"count":21,"href":"https:\/\/jundiai.sp.gov.br\/financas\/wp-json\/wp\/v2\/pages\/543\/revisions"}],"predecessor-version":[{"id":6674,"href":"https:\/\/jundiai.sp.gov.br\/financas\/wp-json\/wp\/v2\/pages\/543\/revisions\/6674"}],"up":[{"embeddable":true,"href":"https:\/\/jundiai.sp.gov.br\/financas\/wp-json\/wp\/v2\/pages\/43"}],"wp:attachment":[{"href":"https:\/\/jundiai.sp.gov.br\/financas\/wp-json\/wp\/v2\/media?parent=543"}],"curies":[{"name":"wp","href":"https:\/\/api.w.org\/{rel}","templated":true}]}}