{"id":547,"date":"2014-09-19T12:10:42","date_gmt":"2014-09-19T15:10:42","guid":{"rendered":"https:\/\/jundiai.sp.gov.br\/financas\/?page_id=547"},"modified":"2025-04-10T14:27:28","modified_gmt":"2025-04-10T17:27:28","slug":"formularios-de-itbi","status":"publish","type":"page","link":"https:\/\/jundiai.sp.gov.br\/financas\/itbi\/formularios-de-itbi\/","title":{"rendered":"Formul\u00e1rios de ITBI"},"content":{"rendered":"\n<p>Preencher de forma eletr\u00f4nica, diretamente no arquivo em pdf, depois assinar e enviar junto com a documenta\u00e7\u00e3o para <a href=\"mailto:itbi@jundiai.sp.gov.br\">itbi@jundiai.sp.gov.br<\/a>.<\/p>\n\n\n\n<div style=\"height:21px\" aria-hidden=\"true\" class=\"wp-block-spacer\"><\/div>\n\n\n\n<p><a href=\"https:\/\/jundiai.sp.gov.br\/financas\/wp-content\/uploads\/sites\/12\/2024\/08\/requerimento_itbi-1.pdf\">Requerimento de ITBI<\/a><\/p>\n\n\n\n<p><a href=\"https:\/\/jundiai.sp.gov.br\/financas\/wp-content\/uploads\/sites\/12\/2025\/01\/requerimento_certidao_quitacao-itbi-2.pdf\">Requerimento de Certid\u00e3o de Quita\u00e7\u00e3o de ITBI<\/a><\/p>\n\n\n\n<p><a href=\"https:\/\/jundiai.sp.gov.br\/financas\/wp-content\/uploads\/sites\/12\/2025\/04\/requerimento_restituicao_compensacao.pdf\">Requerimento de Restitui\u00e7\u00e3o e Compensa\u00e7\u00e3o<\/a><\/p>\n\n\n\n<p><a href=\"https:\/\/jundiai.sp.gov.br\/financas\/wp-content\/uploads\/sites\/12\/2024\/08\/requerimento_imunidade_isencao_nao-incidencia-1.pdf\">Requerimento de Imunidade, Isen\u00e7\u00e3o ou N\u00e3o Incid\u00eancia do ITBI<\/a><\/p>\n\n\n\n<p><a href=\"https:\/\/jundiai.sp.gov.br\/financas\/wp-content\/uploads\/sites\/12\/2025\/02\/ficha-cadastral-itbi-online-1.pdf\">Ficha Cadastral ITBI Online<\/a><\/p>\n\n\n\n<p><a href=\"https:\/\/jundiai.sp.gov.br\/financas\/wp-content\/uploads\/sites\/12\/2024\/08\/solicitacao_copia_itbi-3.pdf\">Solicita\u00e7\u00e3o de c\u00f3pia de processo de ITBI<\/a><\/p>\n\n\n\n<div style=\"height:21px\" aria-hidden=\"true\" class=\"wp-block-spacer\"><\/div>\n\n\n\n<p class=\"has-background\" style=\"background-color:#dfe2e3\">A Ficha Cadastral ITBI online \u00e9 somente para cart\u00f3rios, construtoras, incorporadoras, loteadoras, imobili\u00e1rias e intermediadoras.<br><br><strong>Obs.:<\/strong> S\u00f3 ser\u00e3o cadastrados os usu\u00e1rios com nome completo e respectivos CPF e e-mail.<\/p>\n\n\n\n<h5 class=\"wp-block-heading\"><strong>Para ver a rela\u00e7\u00e3o de documentos necess\u00e1rios para protocolar ITBI <a href=\"https:\/\/jundiai.sp.gov.br\/financas\/itbi\/documentos-necessarios\/\">clique aqui<\/a><\/strong><\/h5>\n","protected":false},"excerpt":{"rendered":"<p>Preencher de forma eletr\u00f4nica, diretamente no arquivo em pdf, depois assinar e enviar junto com a documenta\u00e7\u00e3o para itbi@jundiai.sp.gov.br. Requerimento de ITBI Requerimento de Certid\u00e3o de Quita\u00e7\u00e3o de ITBI Requerimento de Restitui\u00e7\u00e3o e Compensa\u00e7\u00e3o Requerimento de Imunidade, Isen\u00e7\u00e3o ou N\u00e3o Incid\u00eancia do ITBI Ficha Cadastral ITBI Online Solicita\u00e7\u00e3o de c\u00f3pia de processo de ITBI A [&hellip;]<\/p>\n","protected":false},"author":5,"featured_media":0,"parent":43,"menu_order":2,"comment_status":"closed","ping_status":"closed","template":"","meta":{"footnotes":""},"class_list":["post-547","page","type-page","status-publish","hentry"],"_links":{"self":[{"href":"https:\/\/jundiai.sp.gov.br\/financas\/wp-json\/wp\/v2\/pages\/547","targetHints":{"allow":["GET"]}}],"collection":[{"href":"https:\/\/jundiai.sp.gov.br\/financas\/wp-json\/wp\/v2\/pages"}],"about":[{"href":"https:\/\/jundiai.sp.gov.br\/financas\/wp-json\/wp\/v2\/types\/page"}],"author":[{"embeddable":true,"href":"https:\/\/jundiai.sp.gov.br\/financas\/wp-json\/wp\/v2\/users\/5"}],"replies":[{"embeddable":true,"href":"https:\/\/jundiai.sp.gov.br\/financas\/wp-json\/wp\/v2\/comments?post=547"}],"version-history":[{"count":41,"href":"https:\/\/jundiai.sp.gov.br\/financas\/wp-json\/wp\/v2\/pages\/547\/revisions"}],"predecessor-version":[{"id":7180,"href":"https:\/\/jundiai.sp.gov.br\/financas\/wp-json\/wp\/v2\/pages\/547\/revisions\/7180"}],"up":[{"embeddable":true,"href":"https:\/\/jundiai.sp.gov.br\/financas\/wp-json\/wp\/v2\/pages\/43"}],"wp:attachment":[{"href":"https:\/\/jundiai.sp.gov.br\/financas\/wp-json\/wp\/v2\/media?parent=547"}],"curies":[{"name":"wp","href":"https:\/\/api.w.org\/{rel}","templated":true}]}}