{"id":549,"date":"2014-09-19T12:11:11","date_gmt":"2014-09-19T15:11:11","guid":{"rendered":"https:\/\/jundiai.sp.gov.br\/financas\/?page_id=549"},"modified":"2024-02-01T17:18:40","modified_gmt":"2024-02-01T20:18:40","slug":"legislacao","status":"publish","type":"page","link":"https:\/\/jundiai.sp.gov.br\/financas\/itbi\/legislacao\/","title":{"rendered":"Legisla\u00e7\u00e3o"},"content":{"rendered":"\n<p><a href=\"http:\/\/www.planalto.gov.br\/ccivil_03\/constituicao\/ConstituicaoCompilado.htm\" target=\"_blank\" rel=\"noopener\"><strong>Constitui\u00e7\u00e3o Federal&nbsp;<\/strong><\/a><\/p>\n\n\n\n<p><a href=\"http:\/\/www.planalto.gov.br\/ccivil_03\/LEIS\/L5172Compilado.htm\" target=\"_blank\" rel=\"noopener\"><strong>C\u00f3digo Tribut\u00e1rio Nacional<\/strong><\/a><\/p>\n\n\n\n<p><a href=\"https:\/\/jundiai.sp.gov.br\/financas\/legislacao\/\"><strong>Legisla\u00e7\u00e3o Tribut\u00e1ria Municipal<\/strong><\/a><\/p>\n","protected":false},"excerpt":{"rendered":"<p>Constitui\u00e7\u00e3o Federal&nbsp; C\u00f3digo Tribut\u00e1rio Nacional Legisla\u00e7\u00e3o Tribut\u00e1ria Municipal<\/p>\n","protected":false},"author":5,"featured_media":0,"parent":43,"menu_order":11,"comment_status":"closed","ping_status":"closed","template":"","meta":{"footnotes":""},"class_list":["post-549","page","type-page","status-publish","hentry"],"_links":{"self":[{"href":"https:\/\/jundiai.sp.gov.br\/financas\/wp-json\/wp\/v2\/pages\/549","targetHints":{"allow":["GET"]}}],"collection":[{"href":"https:\/\/jundiai.sp.gov.br\/financas\/wp-json\/wp\/v2\/pages"}],"about":[{"href":"https:\/\/jundiai.sp.gov.br\/financas\/wp-json\/wp\/v2\/types\/page"}],"author":[{"embeddable":true,"href":"https:\/\/jundiai.sp.gov.br\/financas\/wp-json\/wp\/v2\/users\/5"}],"replies":[{"embeddable":true,"href":"https:\/\/jundiai.sp.gov.br\/financas\/wp-json\/wp\/v2\/comments?post=549"}],"version-history":[{"count":8,"href":"https:\/\/jundiai.sp.gov.br\/financas\/wp-json\/wp\/v2\/pages\/549\/revisions"}],"predecessor-version":[{"id":6171,"href":"https:\/\/jundiai.sp.gov.br\/financas\/wp-json\/wp\/v2\/pages\/549\/revisions\/6171"}],"up":[{"embeddable":true,"href":"https:\/\/jundiai.sp.gov.br\/financas\/wp-json\/wp\/v2\/pages\/43"}],"wp:attachment":[{"href":"https:\/\/jundiai.sp.gov.br\/financas\/wp-json\/wp\/v2\/media?parent=549"}],"curies":[{"name":"wp","href":"https:\/\/api.w.org\/{rel}","templated":true}]}}