{"id":5672,"date":"2022-10-26T10:16:45","date_gmt":"2022-10-26T13:16:45","guid":{"rendered":"https:\/\/jundiai.sp.gov.br\/financas\/?page_id=5672"},"modified":"2022-10-26T10:59:30","modified_gmt":"2022-10-26T13:59:30","slug":"participacao-dos-municipios-na-arrecadacao-do-icms-6","status":"publish","type":"page","link":"https:\/\/jundiai.sp.gov.br\/financas\/participacao-dos-municipios-na-arrecadacao-do-icms-6\/","title":{"rendered":"PARTICIPA\u00c7\u00c3O DOS MUNIC\u00cdPIOS NA ARRECADA\u00c7\u00c3O DO ICMS"},"content":{"rendered":"\n<h3 class=\"wp-block-heading\">DIPAM \u2013 DECLARA\u00c7\u00c3O PARA O \u00cdNDICE DE PARTICIPA\u00c7\u00c3O DOS MUNIC\u00cdPIOS<\/h3>\n\n\n\n<p><strong><a rel=\"noreferrer noopener\" href=\"https:\/\/remessa.seuadicionado.com.br\/\" target=\"_blank\">3- REMESSA DAS GIAS AO MUNIC\u00cdPIO DE JUNDIA\u00cd <\/a><\/strong><img loading=\"lazy\" decoding=\"async\" width=\"60\" height=\"29\" class=\"wp-image-5693\" style=\"width: 60px;\" src=\"https:\/\/jundiai.sp.gov.br\/financas\/wp-content\/uploads\/sites\/12\/2022\/10\/gde.png\" alt=\"\"><\/p>\n\n\n\n<p>As informa\u00e7\u00f5es contidas nos arquivos das GIAS (tipo .mdb ou .prf), disponibilizadas \u00e0 Prefeitura de Jundia\u00ed, s\u00e3o fundamentais para a aferi\u00e7\u00e3o e acompanhamento do valor adicionado, principal vari\u00e1vel na defini\u00e7\u00e3o do \u00cdndice de Participa\u00e7\u00e3o do ICMS, sendo a maior fonte de recursos repassados ao Munic\u00edpio.<\/p>\n\n\n\n<p>Outras informa\u00e7\u00f5es: <a href=\"https:\/\/portal.fazenda.sp.gov.br\/servicos\/dipam\/Paginas\/Sobre.aspx\" target=\"_blank\" rel=\"noreferrer noopener\">https:\/\/portal.fazenda.sp.gov.br\/servicos\/dipam\/Paginas\/Sobre.aspx<\/a><\/p>\n\n\n\n<p>Manual da Dipam em:&nbsp; <a href=\"https:\/\/portal.fazenda.sp.gov.br\/servicos\/dipam\/Paginas\/Downloads.aspx\" target=\"_blank\" rel=\"noreferrer noopener\">https:\/\/portal.fazenda.sp.gov.br\/servicos\/dipam\/Paginas\/Downloads.aspx<\/a><\/p>\n","protected":false},"excerpt":{"rendered":"<p>DIPAM \u2013 DECLARA\u00c7\u00c3O PARA O \u00cdNDICE DE PARTICIPA\u00c7\u00c3O DOS MUNIC\u00cdPIOS 3- REMESSA DAS GIAS AO MUNIC\u00cdPIO DE JUNDIA\u00cd As informa\u00e7\u00f5es contidas nos arquivos das GIAS (tipo .mdb ou .prf), disponibilizadas \u00e0 Prefeitura de Jundia\u00ed, s\u00e3o fundamentais para a aferi\u00e7\u00e3o e acompanhamento do valor adicionado, principal vari\u00e1vel na defini\u00e7\u00e3o do \u00cdndice de Participa\u00e7\u00e3o do ICMS, sendo [&hellip;]<\/p>\n","protected":false},"author":69,"featured_media":0,"parent":0,"menu_order":0,"comment_status":"closed","ping_status":"closed","template":"","meta":{"footnotes":""},"class_list":["post-5672","page","type-page","status-publish","hentry"],"_links":{"self":[{"href":"https:\/\/jundiai.sp.gov.br\/financas\/wp-json\/wp\/v2\/pages\/5672","targetHints":{"allow":["GET"]}}],"collection":[{"href":"https:\/\/jundiai.sp.gov.br\/financas\/wp-json\/wp\/v2\/pages"}],"about":[{"href":"https:\/\/jundiai.sp.gov.br\/financas\/wp-json\/wp\/v2\/types\/page"}],"author":[{"embeddable":true,"href":"https:\/\/jundiai.sp.gov.br\/financas\/wp-json\/wp\/v2\/users\/69"}],"replies":[{"embeddable":true,"href":"https:\/\/jundiai.sp.gov.br\/financas\/wp-json\/wp\/v2\/comments?post=5672"}],"version-history":[{"count":4,"href":"https:\/\/jundiai.sp.gov.br\/financas\/wp-json\/wp\/v2\/pages\/5672\/revisions"}],"predecessor-version":[{"id":5696,"href":"https:\/\/jundiai.sp.gov.br\/financas\/wp-json\/wp\/v2\/pages\/5672\/revisions\/5696"}],"wp:attachment":[{"href":"https:\/\/jundiai.sp.gov.br\/financas\/wp-json\/wp\/v2\/media?parent=5672"}],"curies":[{"name":"wp","href":"https:\/\/api.w.org\/{rel}","templated":true}]}}