{"id":5697,"date":"2022-10-26T11:04:29","date_gmt":"2022-10-26T14:04:29","guid":{"rendered":"https:\/\/jundiai.sp.gov.br\/financas\/?page_id=5697"},"modified":"2022-10-26T11:05:36","modified_gmt":"2022-10-26T14:05:36","slug":"sistema-gde-remessa-de-arquivos","status":"publish","type":"page","link":"https:\/\/jundiai.sp.gov.br\/financas\/sistema-gde-remessa-de-arquivos\/","title":{"rendered":"Sistema GDE \u2013 Remessa de Arquivos"},"content":{"rendered":"\n<p><strong>O QUE \u00c9 GDE?<\/strong><\/p>\n\n\n\n<p><strong>GDE \u2013 Gest\u00e3o de Desenvolvimento Econ\u00f4mico<\/strong> \u2013 \u00c9 um sistema de gerenciamento eletr\u00f4nico dos dados constantes nas GIAS (Guia de Informa\u00e7\u00e3o e Apura\u00e7\u00e3o de ICMS), transmitida pelos contribuintes do Regime Peri\u00f3dico de Apura\u00e7\u00e3o do ICMS \u00e0 Secretaria da Fazenda e Planejamento do Estado.<\/p>\n\n\n\n<p>A DIPAM, Declara\u00e7\u00e3o para o \u00cdndice de Participa\u00e7\u00e3o dos Munic\u00edpios, consiste na declara\u00e7\u00e3o dos contribuintes informando, \u00e0 Fazenda Estadual, os valores das opera\u00e7\u00f5es relativas \u00e0 circula\u00e7\u00e3o de mercadorias e das presta\u00e7\u00f5es de servi\u00e7os de transporte ou de comunica\u00e7\u00e3o.<\/p>\n\n\n\n<p>Sendo o ICMS imposto de compet\u00eancia estadual porque deve enviar as informa\u00e7\u00f5es ao Munic\u00edpio?<\/p>\n\n\n\n<p>Com os documentos recebidos dos contribuintes os Auditores Fiscais Municipais podem acompanhar o desempenho dos estabelecimentos, visando aumentar o montante do ICMS repassado do Estado ao Munic\u00edpio, elevando a receita municipal sem imposi\u00e7\u00e3o de \u00f4nus ao contribuinte.<\/p>\n\n\n\n<p><strong>ENVIO DE ARQUIVOS:<\/strong><\/p>\n\n\n\n<p>Senhores contribuintes e\/ou contadores, ap\u00f3s o envio \u00c0 SEFAZ-SP, enviar os arquivos da GIA &#8211; Guia de Informa\u00e7\u00e3o e Apura\u00e7\u00e3o do ICMS \u2013 GIA e EFD \u2013 Escritura\u00e7\u00e3o Fiscal Digital, clicando na imagem abaixo:<\/p>\n\n\n\n<p> <a href=\"https:\/\/remessa.seuadicionado.com.br\/\" target=\"_blank\" rel=\"noreferrer noopener\"><img loading=\"lazy\" decoding=\"async\" width=\"150\" height=\"71\" class=\"wp-image-5693\" style=\"width: 150px;\" src=\"https:\/\/jundiai.sp.gov.br\/financas\/wp-content\/uploads\/sites\/12\/2022\/10\/gde.png\" alt=\"\"><\/a><\/p>\n\n\n\n<p><strong>CONTATO<\/strong>:<\/p>\n\n\n\n<p>Al\u00e9m das informa\u00e7\u00f5es existentes no site do GDE, o contribuinte e\/ou contador podem obter maiores esclarecimentos no Departamento de Fiscaliza\u00e7\u00e3o Tribut\u00e1ria:<\/p>\n\n\n\n<p>Telefone: 11 4589-8970 ou 4589-8572<\/p>\n\n\n\n<p>Email: dft@jundiai.sp.gov.br<\/p>\n","protected":false},"excerpt":{"rendered":"<p>O QUE \u00c9 GDE? GDE \u2013 Gest\u00e3o de Desenvolvimento Econ\u00f4mico \u2013 \u00c9 um sistema de gerenciamento eletr\u00f4nico dos dados constantes nas GIAS (Guia de Informa\u00e7\u00e3o e Apura\u00e7\u00e3o de ICMS), transmitida pelos contribuintes do Regime Peri\u00f3dico de Apura\u00e7\u00e3o do ICMS \u00e0 Secretaria da Fazenda e Planejamento do Estado. A DIPAM, Declara\u00e7\u00e3o para o \u00cdndice de Participa\u00e7\u00e3o [&hellip;]<\/p>\n","protected":false},"author":69,"featured_media":0,"parent":0,"menu_order":0,"comment_status":"closed","ping_status":"closed","template":"","meta":{"footnotes":""},"class_list":["post-5697","page","type-page","status-publish","hentry"],"_links":{"self":[{"href":"https:\/\/jundiai.sp.gov.br\/financas\/wp-json\/wp\/v2\/pages\/5697","targetHints":{"allow":["GET"]}}],"collection":[{"href":"https:\/\/jundiai.sp.gov.br\/financas\/wp-json\/wp\/v2\/pages"}],"about":[{"href":"https:\/\/jundiai.sp.gov.br\/financas\/wp-json\/wp\/v2\/types\/page"}],"author":[{"embeddable":true,"href":"https:\/\/jundiai.sp.gov.br\/financas\/wp-json\/wp\/v2\/users\/69"}],"replies":[{"embeddable":true,"href":"https:\/\/jundiai.sp.gov.br\/financas\/wp-json\/wp\/v2\/comments?post=5697"}],"version-history":[{"count":2,"href":"https:\/\/jundiai.sp.gov.br\/financas\/wp-json\/wp\/v2\/pages\/5697\/revisions"}],"predecessor-version":[{"id":5699,"href":"https:\/\/jundiai.sp.gov.br\/financas\/wp-json\/wp\/v2\/pages\/5697\/revisions\/5699"}],"wp:attachment":[{"href":"https:\/\/jundiai.sp.gov.br\/financas\/wp-json\/wp\/v2\/media?parent=5697"}],"curies":[{"name":"wp","href":"https:\/\/api.w.org\/{rel}","templated":true}]}}