{"id":5701,"date":"2022-10-26T11:09:52","date_gmt":"2022-10-26T14:09:52","guid":{"rendered":"https:\/\/jundiai.sp.gov.br\/financas\/?page_id=5701"},"modified":"2022-10-26T11:13:19","modified_gmt":"2022-10-26T14:13:19","slug":"dipam-a-produtor-rural","status":"publish","type":"page","link":"https:\/\/jundiai.sp.gov.br\/financas\/dipam-a-produtor-rural\/","title":{"rendered":"DIPAM-A &#8211; Produtor Rural"},"content":{"rendered":"\n<p>A <strong>DIPAM-A<\/strong> \u00e9 uma declara\u00e7\u00e3o anual na qual os produtores paulistas de Regime Pessoa F\u00edsica, n\u00e3o obstante possu\u00edrem CNPJ, informam vendas e outros tipos de sa\u00eddas, com destino a outros produtores paulista, n\u00e3o contribuintes, para outro Estados e exporta\u00e7\u00f5es.<\/p>\n\n\n\n<p>N\u00e3o devem ser lan\u00e7adas na DIPAM-A as sa\u00eddas para contribuintes paulistas enquadrados no Regime Peri\u00f3dico de Apura\u00e7\u00e3o e nem do Regime Simples Nacional.<\/p>\n\n\n\n<p>Considera-se <strong><u>produtor rural<\/u><\/strong>, para efeito da <strong><u>DIPAM-A<\/u><\/strong>, o empres\u00e1rio <strong>ru<\/strong>ral, pessoa natural, n\u00e3o equiparado a comerciante ou industrial, que realize profissionalmente atividade agropecu\u00e1ria, de extra\u00e7\u00e3o e explora\u00e7\u00e3o vegetal ou animal, de pesca ou de armador de pesca, hortifrutigranjeiros, pescadores, faiscadores, garimpeiros e extratores.<\/p>\n\n\n\n<p>Nesta declara\u00e7\u00e3o s\u00e3o informadas, com v\u00e1rias exce\u00e7\u00f5es, sa\u00eddas destinadas a outros produtores paulistas enquadrados tamb\u00e9m no Regime Pessoa F\u00edsica Produtor Rural, n\u00e3o contribuintes, outros Estados e exterior. Se n\u00e3o houve sa\u00edda alguma no ano com estas caracter\u00edsticas, a entrega \u00e9 dispensada.<\/p>\n\n\n\n<p>Importante salientar que n\u00e3o devem ser lan\u00e7adas na DIPAM-A as sa\u00eddas destinadas a contribuintes paulistas enquadrados no Regime Peri\u00f3dico de Apura\u00e7\u00e3o.<\/p>\n\n\n\n<p>Tamb\u00e9m n\u00e3o devem ser lan\u00e7adas nesta declara\u00e7\u00e3o sa\u00eddas para o mesmo munic\u00edpio, seja qual for o regime tribut\u00e1rio do destinat\u00e1rio, com a exce\u00e7\u00e3o descrita no Manual de Normas da DIPAM-A.<\/p>\n\n\n\n<ul class=\"wp-block-list\"><li><a rel=\"noreferrer noopener\" href=\"https:\/\/www4.fazenda.sp.gov.br\/DIPAM-A\/Login\" target=\"_blank\">Sistema de transmiss\u00e3o da DIPAM-A no portal da Secretaria da Fazenda e Planejamento do Estado de S\u00e3o Paulo.<\/a><br><\/li><li><a href=\"https:\/\/portal.fazenda.sp.gov.br\/servicos\/dipam\/Paginas\/Downloads.aspx\">Manual de Normas da DIPAM-A<\/a><br><\/li><li><a rel=\"noreferrer noopener\" href=\"https:\/\/portal.fazenda.sp.gov.br\/servicos\/dipam\/Paginas\/Downloads.aspx\" target=\"_blank\">Manual DIPAM \u2013 SEFAZ SP<\/a><\/li><\/ul>\n","protected":false},"excerpt":{"rendered":"<p>A DIPAM-A \u00e9 uma declara\u00e7\u00e3o anual na qual os produtores paulistas de Regime Pessoa F\u00edsica, n\u00e3o obstante possu\u00edrem CNPJ, informam vendas e outros tipos de sa\u00eddas, com destino a outros produtores paulista, n\u00e3o contribuintes, para outro Estados e exporta\u00e7\u00f5es. N\u00e3o devem ser lan\u00e7adas na DIPAM-A as sa\u00eddas para contribuintes paulistas enquadrados no Regime Peri\u00f3dico de [&hellip;]<\/p>\n","protected":false},"author":69,"featured_media":0,"parent":0,"menu_order":0,"comment_status":"closed","ping_status":"closed","template":"","meta":{"footnotes":""},"class_list":["post-5701","page","type-page","status-publish","hentry"],"_links":{"self":[{"href":"https:\/\/jundiai.sp.gov.br\/financas\/wp-json\/wp\/v2\/pages\/5701","targetHints":{"allow":["GET"]}}],"collection":[{"href":"https:\/\/jundiai.sp.gov.br\/financas\/wp-json\/wp\/v2\/pages"}],"about":[{"href":"https:\/\/jundiai.sp.gov.br\/financas\/wp-json\/wp\/v2\/types\/page"}],"author":[{"embeddable":true,"href":"https:\/\/jundiai.sp.gov.br\/financas\/wp-json\/wp\/v2\/users\/69"}],"replies":[{"embeddable":true,"href":"https:\/\/jundiai.sp.gov.br\/financas\/wp-json\/wp\/v2\/comments?post=5701"}],"version-history":[{"count":3,"href":"https:\/\/jundiai.sp.gov.br\/financas\/wp-json\/wp\/v2\/pages\/5701\/revisions"}],"predecessor-version":[{"id":5707,"href":"https:\/\/jundiai.sp.gov.br\/financas\/wp-json\/wp\/v2\/pages\/5701\/revisions\/5707"}],"wp:attachment":[{"href":"https:\/\/jundiai.sp.gov.br\/financas\/wp-json\/wp\/v2\/media?parent=5701"}],"curies":[{"name":"wp","href":"https:\/\/api.w.org\/{rel}","templated":true}]}}