{"id":5877,"date":"2023-04-04T10:06:07","date_gmt":"2023-04-04T13:06:07","guid":{"rendered":"https:\/\/jundiai.sp.gov.br\/financas\/?page_id=5877"},"modified":"2023-04-04T10:15:03","modified_gmt":"2023-04-04T13:15:03","slug":"microempreendedor-individual-mei","status":"publish","type":"page","link":"https:\/\/jundiai.sp.gov.br\/financas\/issqn\/microempreendedor-individual-mei\/","title":{"rendered":"Microempreendedor Individual &#8211; MEI"},"content":{"rendered":"\n<ul class=\"wp-block-list\">\n<li><strong>QUERO SER MEI, O QUE PRECISO SABER?<\/strong><br><br>Quer ser um microempreendedor individual &#8211; MEI e ainda tem d\u00favidas sobre como se<br>cadastrar, quais s\u00e3o as atividades permitidas, documentos necess\u00e1rios, direitos e obriga\u00e7\u00f5es?<br>Acesse o <a rel=\"noreferrer noopener\" href=\"https:\/\/www.gov.br\/empresas-e-negocios\/pt-br\/empreendedor\/quero-ser-mei\" target=\"_blank\">Portal do Empreendedor do Governo Federal<\/a> e saiba como se formalizar.<br><\/li>\n<\/ul>\n\n\n\n<ul class=\"wp-block-list\">\n<li><strong>J\u00c1 SOU MEI E PRECISO ME REGULARIZAR:<\/strong><br><br>J\u00e1 \u00e9 um microempreendedor individual &#8211; MEI e precisa atualizar o cadastro, regularizar<br>pend\u00eancias fiscais e obter outras informa\u00e7\u00f5es para cadastrados?<br>Acesse os servi\u00e7os que est\u00e3o dispon\u00edveis no <a rel=\"noreferrer noopener\" href=\"https:\/\/www.gov.br\/empresas-e-negocios\/pt-br\/empreendedor\/servicos-para-mei\/ja-sou-mei\" target=\"_blank\">Portal do Empreendedor do Governo Federal<\/a><br><br><\/li>\n\n\n\n<li><strong>MEI \u00c9 OBRIGADO A EMITIR NOTA FISCAL?<\/strong><br><br>O microempreendedor individual &#8211; MEI \u00e9 dispensado de emitir nota fiscal para consumidor<br>pessoa f\u00edsica (CPF), salvo quando for solicitado, em atendimento ao C\u00f3digo de Defesa do<br>Consumidor.<br>Se o destinat\u00e1rio do servi\u00e7o for outra empresa, a emiss\u00e3o de NFS-e \u00e9 obrigat\u00f3ria.<\/li>\n<\/ul>\n\n\n\n<ul class=\"wp-block-list\">\n<li><strong>ONDE O MEI EMITE A NOTA FISCAL?<\/strong><br><br><strong>Atividades de Presta\u00e7\u00e3o de Servi\u00e7os:<\/strong><br>O microempreendedor individual &#8211; MEI que possui <strong>atividades de Presta\u00e7\u00e3o de Servi\u00e7os, a<br>partir de 01\/09\/2023, estar\u00e1 obrigado a emitir a NFS-e no padr\u00e3o nacional,<\/strong> ficando<br>dispensado da emiss\u00e3o de outro documento fiscal municipal.<br>No entanto, j\u00e1 \u00e9 poss\u00edvel a emiss\u00e3o da Nota Fiscal de Servi\u00e7o eletr\u00f4nica \u2013 NFS-e no padr\u00e3o<br>nacional desde 01\/01\/2023, devendo o MEI optar durante o per\u00edodo de transi\u00e7\u00e3o pela emiss\u00e3o<br>do documento fiscal pelo sistema municipal ou pelo sistema nacional.<br>Para emitir a Nota Fiscal de Servi\u00e7o eletr\u00f4nica \u2013 NFS-e de padr\u00e3o nacional atrav\u00e9s do<br>Portal do Emissor Nacional, <a rel=\"noreferrer noopener\" href=\"https:\/\/www.nfse.gov.br\/EmissorNacional\/Login?ReturnUrl=%2fEmissorNacional\" target=\"_blank\">acesse o link<\/a>.<br>Para d\u00favidas sobre cadastro e acesso ao novo portal <a rel=\"noreferrer noopener\" href=\"https:\/\/www.gov.br\/nfse\/pt-br\/mei\/links-com-passo-a-passo\" target=\"_blank\">acesse o link<\/a>, onde ser\u00e3o encontrados v\u00eddeos<br>e o e-book com as informa\u00e7\u00f5es necess\u00e1rias.<br>Outras informa\u00e7\u00f5es sobre a Nota Fiscal de Servi\u00e7o eletr\u00f4nica (NFS-e) padr\u00e3o nacional<br>poder\u00e3o ser acessadas <a rel=\"noreferrer noopener\" href=\"https:\/\/www.gov.br\/nfse\/pt-br\" target=\"_blank\">neste link.<\/a><br><br><strong>Atividades de Com\u00e9rcio de Mercadorias<\/strong><br>Caso o MEI possua atividades de Com\u00e9rcio de Mercadorias, a Nota Fiscal dever\u00e1 ser<br>emitida pelas regras da Secretaria da Fazenda do Estado de S\u00e3o Paulo ou do estado em que residir.<br>No caso do estado de S\u00e3o Paulo, informa\u00e7\u00f5es poder\u00e3o ser obtidas <a rel=\"noreferrer noopener\" href=\"https:\/\/portal.fazenda.sp.gov.br\/servicos\/simples\/Paginas\/perguntas-frequentes.aspx\" target=\"_blank\">pelo link<\/a> no item dedicado ao MEI; Ou pelos canais de atendimento conforme constam no <a rel=\"noreferrer noopener\" href=\"https:\/\/portal.fazenda.sp.gov.br\/Paginas\/Atendimento.aspx\" target=\"_blank\">link<\/a>.<br>Ou ainda, de forma presencial no Posto Fiscal localizado na Avenida Prefeito Luiz Latorre, n\u00ba 4200, Vilas das Hort\u00eancias, na cidade de Jundia\u00ed.<\/li>\n<\/ul>\n\n\n\n<ul class=\"wp-block-list\">\n<li><strong>COMO SABER QUE TIPO DE ATIVIDADE O MEI EXERCE:<\/strong><br><br><strong>Atividades de Industrializa\u00e7\u00e3o:<\/strong><br>As industriais s\u00e3o as que transformam mat\u00e9rias-primas, manualmente ou com a utiliza\u00e7\u00e3o<br>de m\u00e1quinas e ferramentas, fabricando mercadorias que ser\u00e3o fornecidas para vendedores.<br>Exemplos: fabrica\u00e7\u00e3o de roupas, fabrica\u00e7\u00e3o de eletr\u00f4nicos (TV, celular), dentre outros<br><br><strong>Atividades de Com\u00e9rcio<\/strong><br>Essa atividade \u00e9 baseada na comercializa\u00e7\u00e3o (venda) de produtos que possuem<br>caracter\u00edsticas f\u00edsicas. A comercializa\u00e7\u00e3o de produtos pode ser realizadas em supermercados,<br>lojas de roupas, etc.<br>Exemplos de produtos: TV, computadores, cadeiras, mesas, dentre outros.<br><br><strong>Atividades de Presta\u00e7\u00e3o de Servi\u00e7o<\/strong><br>Essa atividade tem como caracter\u00edstica o fato de que geralmente&nbsp;n\u00e3o h\u00e1 entrega de<br>produto f\u00edsico. Basicamente,&nbsp;envolve a venda da m\u00e3o-de-obra e do conhecimento para a<br>realiza\u00e7\u00e3o de um trabalho.<br>Exemplos de servi\u00e7os: funilaria, lavagem de carros, marcenaria e serralheria sob<br>encomenda, constru\u00e7\u00e3o e reformas de im\u00f3veis, dentre outros.<br><br><strong>ATEN\u00c7\u00c3O:<\/strong> Para a atividade de transporte intermunicipal, interestadual e internacional dever\u00e1<br>ser emitido documento fiscal (Nota) pelas regras da Fazenda do Estado de S\u00e3o Paulo ou pelo<br>estado que em residir. J\u00e1 para a atividade de transporte municipal e transporte por aplicativos<br>dever\u00e1 ser emitida Nota Fiscal de Servi\u00e7o eletr\u00f4nica (NFS-e) no padr\u00e3o nacional, conforme<br>item 4.1, conforme o disposto na Resolu\u00e7\u00e3o CGSN n\u00ba 169, de 27 de julho de 2022.<br><br><strong>Quais s\u00e3o as ocupa\u00e7\u00f5es\/atividades permitidas?<\/strong><br>Para verificar se a sua ocupa\u00e7\u00e3o \u00e9 permitida, acesse <a rel=\"noreferrer noopener\" href=\"https:\/\/www.gov.br\/empresas-e-negocios\/pt-br\/empreendedor\/quero-ser-mei\/quais-as-ocupacoes-que-podem-ser-mei\" target=\"_blank\">o link<\/a><br>Avalie atentamente a descri\u00e7\u00e3o de cada ocupa\u00e7\u00e3o e verifique se o que est\u00e1 descrito no<br>c\u00f3digo CNAE \u00e9 exatamente o que voc\u00ea j\u00e1 faz ou ir\u00e1 fazer.<br><\/li>\n<\/ul>\n\n\n\n<ul class=\"wp-block-list\">\n<li><strong>JUNDIA\u00cd EMPREENDEDORA<\/strong><br><br>O Munic\u00edpio de Jundia\u00ed em parceria com o SEBRAE conta com um espa\u00e7o exclusivo para<br>quem quer empreender e se aprimorar, o Jundia\u00ed Empreendedora. Para mais informa\u00e7\u00f5es<br><a rel=\"noreferrer noopener\" href=\"https:\/\/negocios.jundiai.sp.gov.br\/\" target=\"_blank\">acesse a p\u00e1gina<\/a>.<\/li>\n<\/ul>\n\n\n\n<ul class=\"wp-block-list\" start=\"6\">\n<li><strong>SEBRAE<\/strong><br><br>Na p\u00e1gina do SEBRAE tamb\u00e9m \u00e9 poss\u00edvel encontrar cursos, tirar d\u00favidas e ficar em<br>informado. <a rel=\"noreferrer noopener\" href=\"https:\/\/sebrae.com.br\/sites\/PortalSebrae\" target=\"_blank\">Acesse a p\u00e1gina<\/a>.<br><\/li>\n\n\n\n<li><strong>DEMAIS D\u00daVIDAS<\/strong><br><br>E por fim, outras d\u00favidas e informa\u00e7\u00f5es sobre o MEI poder\u00e3o ser acessadas na p\u00e1gina da<br>Receita Federal &#8211; Simples Nacional <a rel=\"noreferrer noopener\" href=\"http:\/\/www8.receita.fazenda.gov.br\/SIMPLESNACIONAL\/Default.aspx\" target=\"_blank\">pelo link<\/a><br><\/li>\n<\/ul>\n","protected":false},"excerpt":{"rendered":"","protected":false},"author":69,"featured_media":0,"parent":41,"menu_order":0,"comment_status":"closed","ping_status":"closed","template":"","meta":{"footnotes":""},"class_list":["post-5877","page","type-page","status-publish","hentry"],"_links":{"self":[{"href":"https:\/\/jundiai.sp.gov.br\/financas\/wp-json\/wp\/v2\/pages\/5877","targetHints":{"allow":["GET"]}}],"collection":[{"href":"https:\/\/jundiai.sp.gov.br\/financas\/wp-json\/wp\/v2\/pages"}],"about":[{"href":"https:\/\/jundiai.sp.gov.br\/financas\/wp-json\/wp\/v2\/types\/page"}],"author":[{"embeddable":true,"href":"https:\/\/jundiai.sp.gov.br\/financas\/wp-json\/wp\/v2\/users\/69"}],"replies":[{"embeddable":true,"href":"https:\/\/jundiai.sp.gov.br\/financas\/wp-json\/wp\/v2\/comments?post=5877"}],"version-history":[{"count":7,"href":"https:\/\/jundiai.sp.gov.br\/financas\/wp-json\/wp\/v2\/pages\/5877\/revisions"}],"predecessor-version":[{"id":5885,"href":"https:\/\/jundiai.sp.gov.br\/financas\/wp-json\/wp\/v2\/pages\/5877\/revisions\/5885"}],"up":[{"embeddable":true,"href":"https:\/\/jundiai.sp.gov.br\/financas\/wp-json\/wp\/v2\/pages\/41"}],"wp:attachment":[{"href":"https:\/\/jundiai.sp.gov.br\/financas\/wp-json\/wp\/v2\/media?parent=5877"}],"curies":[{"name":"wp","href":"https:\/\/api.w.org\/{rel}","templated":true}]}}