{"id":600,"date":"2014-09-22T10:53:02","date_gmt":"2014-09-22T13:53:02","guid":{"rendered":"https:\/\/jundiai.sp.gov.br\/financas\/?page_id=600"},"modified":"2017-04-10T07:05:14","modified_gmt":"2017-04-10T10:05:14","slug":"informativo-do-produtor-rural","status":"publish","type":"page","link":"https:\/\/jundiai.sp.gov.br\/financas\/informativo-do-produtor-rural\/","title":{"rendered":"Informativo do Produtor Rural\/IPTU"},"content":{"rendered":"<p>Para saber, especificamente para seu im\u00f3vel, a qual Grupo de Contribuinte ele pertence, datas de comparecimento e demais informa\u00e7\u00f5es, preencha os campos abaixo e <strong>imprima<\/strong> seu &#8220;Informativo do Produtor Rural&#8221;:<\/p>\n","protected":false},"excerpt":{"rendered":"<p>Para saber, especificamente para seu im\u00f3vel, a qual Grupo de Contribuinte ele pertence, datas de comparecimento e demais informa\u00e7\u00f5es, preencha os campos abaixo e imprima seu &#8220;Informativo do Produtor Rural&#8221;:<\/p>\n","protected":false},"author":8,"featured_media":0,"parent":0,"menu_order":0,"comment_status":"closed","ping_status":"closed","template":"interna-smf-iptu-informativo-produtor-rural\/page-smf-iptu-informativo-produtor-rural.php","meta":{"footnotes":""},"class_list":["post-600","page","type-page","status-publish","hentry"],"_links":{"self":[{"href":"https:\/\/jundiai.sp.gov.br\/financas\/wp-json\/wp\/v2\/pages\/600","targetHints":{"allow":["GET"]}}],"collection":[{"href":"https:\/\/jundiai.sp.gov.br\/financas\/wp-json\/wp\/v2\/pages"}],"about":[{"href":"https:\/\/jundiai.sp.gov.br\/financas\/wp-json\/wp\/v2\/types\/page"}],"author":[{"embeddable":true,"href":"https:\/\/jundiai.sp.gov.br\/financas\/wp-json\/wp\/v2\/users\/8"}],"replies":[{"embeddable":true,"href":"https:\/\/jundiai.sp.gov.br\/financas\/wp-json\/wp\/v2\/comments?post=600"}],"version-history":[{"count":1,"href":"https:\/\/jundiai.sp.gov.br\/financas\/wp-json\/wp\/v2\/pages\/600\/revisions"}],"predecessor-version":[{"id":601,"href":"https:\/\/jundiai.sp.gov.br\/financas\/wp-json\/wp\/v2\/pages\/600\/revisions\/601"}],"wp:attachment":[{"href":"https:\/\/jundiai.sp.gov.br\/financas\/wp-json\/wp\/v2\/media?parent=600"}],"curies":[{"name":"wp","href":"https:\/\/api.w.org\/{rel}","templated":true}]}}