{"id":6514,"date":"2024-04-18T08:45:52","date_gmt":"2024-04-18T11:45:52","guid":{"rendered":"https:\/\/jundiai.sp.gov.br\/financas\/?page_id=6514"},"modified":"2024-04-19T10:58:15","modified_gmt":"2024-04-19T13:58:15","slug":"departamento-de-planejamento-gestao-e-financas","status":"publish","type":"page","link":"https:\/\/jundiai.sp.gov.br\/financas\/governo-e-financas\/departamento-de-planejamento-gestao-e-financas\/","title":{"rendered":"Departamento de Planejamento Gest\u00e3o e Finan\u00e7as"},"content":{"rendered":"\n<p><a href=\"https:\/\/jundiai.sp.gov.br\/financas\/itbi\/legislacao\/\" target=\"_blank\" rel=\"noreferrer noopener\">Legisla\u00e7\u00e3o<\/a> <\/p>\n\n\n\n<p><a href=\"https:\/\/jundiai.sp.gov.br\/financas\/planos\/\" target=\"_blank\" rel=\"noreferrer noopener\">Planos<\/a> <\/p>\n\n\n\n<p><a href=\"https:\/\/jundiai.sp.gov.br\/guia-de-financas-2023\/\" target=\"_blank\" rel=\"noreferrer noopener\">Guia de Finan\u00e7as<\/a><\/p>\n\n\n\n<p><a href=\"https:\/\/jundiai.sp.gov.br\/financas\/organograma-2\/\" target=\"_blank\" rel=\"noreferrer noopener\">Regimento Interno<\/a><\/p>\n\n\n\n<p><a href=\"https:\/\/jundiai.sp.gov.br\/servicos-online\/\" target=\"_blank\" rel=\"noreferrer noopener\">Servi\u00e7os Online <\/a><\/p>\n","protected":false},"excerpt":{"rendered":"<p>Legisla\u00e7\u00e3o Planos Guia de Finan\u00e7as Regimento Interno Servi\u00e7os Online<\/p>\n","protected":false},"author":69,"featured_media":0,"parent":6,"menu_order":0,"comment_status":"closed","ping_status":"closed","template":"","meta":{"footnotes":""},"class_list":["post-6514","page","type-page","status-publish","hentry"],"_links":{"self":[{"href":"https:\/\/jundiai.sp.gov.br\/financas\/wp-json\/wp\/v2\/pages\/6514","targetHints":{"allow":["GET"]}}],"collection":[{"href":"https:\/\/jundiai.sp.gov.br\/financas\/wp-json\/wp\/v2\/pages"}],"about":[{"href":"https:\/\/jundiai.sp.gov.br\/financas\/wp-json\/wp\/v2\/types\/page"}],"author":[{"embeddable":true,"href":"https:\/\/jundiai.sp.gov.br\/financas\/wp-json\/wp\/v2\/users\/69"}],"replies":[{"embeddable":true,"href":"https:\/\/jundiai.sp.gov.br\/financas\/wp-json\/wp\/v2\/comments?post=6514"}],"version-history":[{"count":3,"href":"https:\/\/jundiai.sp.gov.br\/financas\/wp-json\/wp\/v2\/pages\/6514\/revisions"}],"predecessor-version":[{"id":6592,"href":"https:\/\/jundiai.sp.gov.br\/financas\/wp-json\/wp\/v2\/pages\/6514\/revisions\/6592"}],"up":[{"embeddable":true,"href":"https:\/\/jundiai.sp.gov.br\/financas\/wp-json\/wp\/v2\/pages\/6"}],"wp:attachment":[{"href":"https:\/\/jundiai.sp.gov.br\/financas\/wp-json\/wp\/v2\/media?parent=6514"}],"curies":[{"name":"wp","href":"https:\/\/api.w.org\/{rel}","templated":true}]}}