{"id":6523,"date":"2024-04-18T08:56:02","date_gmt":"2024-04-18T11:56:02","guid":{"rendered":"https:\/\/jundiai.sp.gov.br\/financas\/?page_id=6523"},"modified":"2024-06-26T11:19:47","modified_gmt":"2024-06-26T14:19:47","slug":"departamento-de-receita-tributaria","status":"publish","type":"page","link":"https:\/\/jundiai.sp.gov.br\/financas\/governo-e-financas\/departamento-de-receita-tributaria\/","title":{"rendered":"Departamento de Receita Tribut\u00e1ria"},"content":{"rendered":"\n<p><a href=\"https:\/\/balcaodoempreendedor.jundiai.sp.gov.br\/\" target=\"_blank\" rel=\"noreferrer noopener\">Balc\u00e3o do Empreendedor<\/a><\/p>\n\n\n\n<p><a href=\"https:\/\/jundiai.sp.gov.br\/financas\/comercio-ambulante\/\">Com\u00e9rcio de Ambulante<\/a><\/p>\n\n\n\n<p><a href=\"https:\/\/jundiai.sp.gov.br\/financas\/eventos-particulares\/\">Eventos Particulares<\/a><\/p>\n\n\n\n<p><a href=\"https:\/\/jundiai.sp.gov.br\/financas\/divida-ativa\/\">D\u00edvida Ativa<\/a><\/p>\n\n\n\n<p><a href=\"https:\/\/jundiai.sp.gov.br\/iptu\/\" target=\"_blank\" rel=\"noreferrer noopener\">IPTU<\/a><\/p>\n\n\n\n<p><a href=\"https:\/\/jundiai.sp.gov.br\/financas\/itbi\/\" target=\"_blank\" rel=\"noreferrer noopener\">ITBI<\/a><\/p>\n","protected":false},"excerpt":{"rendered":"<p>Balc\u00e3o do Empreendedor Com\u00e9rcio de Ambulante Eventos Particulares D\u00edvida Ativa IPTU ITBI<\/p>\n","protected":false},"author":69,"featured_media":0,"parent":6,"menu_order":0,"comment_status":"closed","ping_status":"closed","template":"","meta":{"footnotes":""},"class_list":["post-6523","page","type-page","status-publish","hentry"],"_links":{"self":[{"href":"https:\/\/jundiai.sp.gov.br\/financas\/wp-json\/wp\/v2\/pages\/6523","targetHints":{"allow":["GET"]}}],"collection":[{"href":"https:\/\/jundiai.sp.gov.br\/financas\/wp-json\/wp\/v2\/pages"}],"about":[{"href":"https:\/\/jundiai.sp.gov.br\/financas\/wp-json\/wp\/v2\/types\/page"}],"author":[{"embeddable":true,"href":"https:\/\/jundiai.sp.gov.br\/financas\/wp-json\/wp\/v2\/users\/69"}],"replies":[{"embeddable":true,"href":"https:\/\/jundiai.sp.gov.br\/financas\/wp-json\/wp\/v2\/comments?post=6523"}],"version-history":[{"count":3,"href":"https:\/\/jundiai.sp.gov.br\/financas\/wp-json\/wp\/v2\/pages\/6523\/revisions"}],"predecessor-version":[{"id":6719,"href":"https:\/\/jundiai.sp.gov.br\/financas\/wp-json\/wp\/v2\/pages\/6523\/revisions\/6719"}],"up":[{"embeddable":true,"href":"https:\/\/jundiai.sp.gov.br\/financas\/wp-json\/wp\/v2\/pages\/6"}],"wp:attachment":[{"href":"https:\/\/jundiai.sp.gov.br\/financas\/wp-json\/wp\/v2\/media?parent=6523"}],"curies":[{"name":"wp","href":"https:\/\/api.w.org\/{rel}","templated":true}]}}