{"id":6526,"date":"2024-04-18T08:58:59","date_gmt":"2024-04-18T11:58:59","guid":{"rendered":"https:\/\/jundiai.sp.gov.br\/financas\/?page_id=6526"},"modified":"2025-09-29T17:26:07","modified_gmt":"2025-09-29T20:26:07","slug":"departamento-de-fiscalizacao-tributaria","status":"publish","type":"page","link":"https:\/\/jundiai.sp.gov.br\/financas\/governo-e-financas\/departamento-de-fiscalizacao-tributaria\/","title":{"rendered":"Departamento de Fiscaliza\u00e7\u00e3o Tribut\u00e1ria"},"content":{"rendered":"\n<p><a href=\"https:\/\/jundiai.sp.gov.br\/financas\/dipam\/\" target=\"_blank\" rel=\"noreferrer noopener\">DIPAM<\/a><\/p>\n\n\n\n<p><a href=\"https:\/\/jundiai.sp.gov.br\/financas\/issqn\/\" target=\"_blank\" rel=\"noreferrer noopener\">ISSQN<\/a><\/p>\n\n\n\n<p><a href=\"https:\/\/jundiai.giss.com.br\/\" target=\"_blank\" rel=\"noreferrer noopener\">Nota Fiscal Eletr\u00f4nica &#8211; GissOnline<\/a><\/p>\n\n\n<div class=\"wp-block-image\">\n<figure class=\"aligncenter size-large is-resized\"><img loading=\"lazy\" decoding=\"async\" width=\"465\" height=\"960\" src=\"https:\/\/jundiai.sp.gov.br\/financas\/wp-content\/uploads\/sites\/12\/2025\/09\/email-contribuinte-jundiai_1-2-465x960.png\" alt=\"\" class=\"wp-image-7232\" style=\"width:691px;height:auto\" srcset=\"https:\/\/jundiai.sp.gov.br\/financas\/wp-content\/uploads\/sites\/12\/2025\/09\/email-contribuinte-jundiai_1-2-465x960.png 465w, https:\/\/jundiai.sp.gov.br\/financas\/wp-content\/uploads\/sites\/12\/2025\/09\/email-contribuinte-jundiai_1-2-242x500.png 242w, https:\/\/jundiai.sp.gov.br\/financas\/wp-content\/uploads\/sites\/12\/2025\/09\/email-contribuinte-jundiai_1-2-768x1587.png 768w, https:\/\/jundiai.sp.gov.br\/financas\/wp-content\/uploads\/sites\/12\/2025\/09\/email-contribuinte-jundiai_1-2-743x1536.png 743w, https:\/\/jundiai.sp.gov.br\/financas\/wp-content\/uploads\/sites\/12\/2025\/09\/email-contribuinte-jundiai_1-2-991x2048.png 991w, https:\/\/jundiai.sp.gov.br\/financas\/wp-content\/uploads\/sites\/12\/2025\/09\/email-contribuinte-jundiai_1-2.png 1189w\" sizes=\"auto, (max-width: 465px) 100vw, 465px\" \/><\/figure>\n<\/div>","protected":false},"excerpt":{"rendered":"<p>DIPAM ISSQN Nota Fiscal Eletr\u00f4nica &#8211; GissOnline<\/p>\n","protected":false},"author":69,"featured_media":0,"parent":6,"menu_order":0,"comment_status":"closed","ping_status":"closed","template":"","meta":{"footnotes":""},"class_list":["post-6526","page","type-page","status-publish","hentry"],"_links":{"self":[{"href":"https:\/\/jundiai.sp.gov.br\/financas\/wp-json\/wp\/v2\/pages\/6526","targetHints":{"allow":["GET"]}}],"collection":[{"href":"https:\/\/jundiai.sp.gov.br\/financas\/wp-json\/wp\/v2\/pages"}],"about":[{"href":"https:\/\/jundiai.sp.gov.br\/financas\/wp-json\/wp\/v2\/types\/page"}],"author":[{"embeddable":true,"href":"https:\/\/jundiai.sp.gov.br\/financas\/wp-json\/wp\/v2\/users\/69"}],"replies":[{"embeddable":true,"href":"https:\/\/jundiai.sp.gov.br\/financas\/wp-json\/wp\/v2\/comments?post=6526"}],"version-history":[{"count":4,"href":"https:\/\/jundiai.sp.gov.br\/financas\/wp-json\/wp\/v2\/pages\/6526\/revisions"}],"predecessor-version":[{"id":7234,"href":"https:\/\/jundiai.sp.gov.br\/financas\/wp-json\/wp\/v2\/pages\/6526\/revisions\/7234"}],"up":[{"embeddable":true,"href":"https:\/\/jundiai.sp.gov.br\/financas\/wp-json\/wp\/v2\/pages\/6"}],"wp:attachment":[{"href":"https:\/\/jundiai.sp.gov.br\/financas\/wp-json\/wp\/v2\/media?parent=6526"}],"curies":[{"name":"wp","href":"https:\/\/api.w.org\/{rel}","templated":true}]}}