{"id":6706,"date":"2024-06-17T14:50:19","date_gmt":"2024-06-17T17:50:19","guid":{"rendered":"https:\/\/jundiai.sp.gov.br\/financas\/?page_id=6706"},"modified":"2024-06-26T11:29:57","modified_gmt":"2024-06-26T14:29:57","slug":"como-solicitar-autorizacao","status":"publish","type":"page","link":"https:\/\/jundiai.sp.gov.br\/financas\/como-solicitar-autorizacao\/","title":{"rendered":"COMO SOLICITAR AUTORIZA\u00c7\u00c3O"},"content":{"rendered":"\n<p><a href=\"https:\/\/jundiai.sp.gov.br\/financas\/wp-content\/uploads\/sites\/12\/2023\/10\/formulario-eventos-2023.pdf\" target=\"_blank\" rel=\"noreferrer noopener\"><strong>Formul\u00e1rio de autoriza\u00e7\u00e3o para realiza\u00e7\u00e3o de eventos em \u00e1rea particular<\/strong><\/a><\/p>\n\n\n\n<p>Este formul\u00e1rio \u00e9 utilizado para pedidos de autoriza\u00e7\u00e3o para shows, festas, cultos religiosos, exposi\u00e7\u00f5es, apresenta\u00e7\u00f5es e similares, em terrenos de propriedade particular, clubes e associa\u00e7\u00f5es.<\/p>\n\n\n\n<p>O contribuinte poder\u00e1 preench\u00ea-lo com anteced\u00eancia e envia-lo juntamento com os documentos solicitados para o endere\u00e7o eletr\u00f4nico <a href=\"mailto:dfca@jundiai.sp.gov.br\">dfca@jundiai.sp.gov.br<\/a><\/p>\n\n\n\n<p><\/p>\n","protected":false},"excerpt":{"rendered":"<p>Formul\u00e1rio de autoriza\u00e7\u00e3o para realiza\u00e7\u00e3o de eventos em \u00e1rea particular Este formul\u00e1rio \u00e9 utilizado para pedidos de autoriza\u00e7\u00e3o para shows, festas, cultos religiosos, exposi\u00e7\u00f5es, apresenta\u00e7\u00f5es e similares, em terrenos de propriedade particular, clubes e associa\u00e7\u00f5es. O contribuinte poder\u00e1 preench\u00ea-lo com anteced\u00eancia e envia-lo juntamento com os documentos solicitados para o endere\u00e7o eletr\u00f4nico dfca@jundiai.sp.gov.br<\/p>\n","protected":false},"author":69,"featured_media":0,"parent":0,"menu_order":0,"comment_status":"closed","ping_status":"closed","template":"","meta":{"footnotes":""},"class_list":["post-6706","page","type-page","status-publish","hentry"],"_links":{"self":[{"href":"https:\/\/jundiai.sp.gov.br\/financas\/wp-json\/wp\/v2\/pages\/6706","targetHints":{"allow":["GET"]}}],"collection":[{"href":"https:\/\/jundiai.sp.gov.br\/financas\/wp-json\/wp\/v2\/pages"}],"about":[{"href":"https:\/\/jundiai.sp.gov.br\/financas\/wp-json\/wp\/v2\/types\/page"}],"author":[{"embeddable":true,"href":"https:\/\/jundiai.sp.gov.br\/financas\/wp-json\/wp\/v2\/users\/69"}],"replies":[{"embeddable":true,"href":"https:\/\/jundiai.sp.gov.br\/financas\/wp-json\/wp\/v2\/comments?post=6706"}],"version-history":[{"count":3,"href":"https:\/\/jundiai.sp.gov.br\/financas\/wp-json\/wp\/v2\/pages\/6706\/revisions"}],"predecessor-version":[{"id":6745,"href":"https:\/\/jundiai.sp.gov.br\/financas\/wp-json\/wp\/v2\/pages\/6706\/revisions\/6745"}],"wp:attachment":[{"href":"https:\/\/jundiai.sp.gov.br\/financas\/wp-json\/wp\/v2\/media?parent=6706"}],"curies":[{"name":"wp","href":"https:\/\/api.w.org\/{rel}","templated":true}]}}